{"id":734244,"date":"2025-03-03T16:23:15","date_gmt":"2025-03-03T15:23:15","guid":{"rendered":"https:\/\/stoic-curie.212-227-153-4.plesk.page\/producto\/polyform-f6-1095x300mm\/"},"modified":"2026-02-24T23:34:52","modified_gmt":"2026-02-24T23:34:52","slug":"polyform-f6-1095x300mm","status":"publish","type":"product","link":"https:\/\/stoic-curie.212-227-153-4.plesk.page\/de\/product\/polyform-f6-1095x300mm\/","title":{"rendered":"Polyform F6"},"content":{"rendered":"<p>Polyform F6 &#8211; <\/p>\n<p>Polyform F6 (1095x300mm), der POLYFORM\u00ae F6 ist ein erstklassiger, schwerer Fender mit einer robusten, vormontierten Spritzguss-Seilaufnahme. Dieser Fender und seine verst\u00e4rkte Seilaufnahme sind nahtlos mit unserer propriet\u00e4ren Rotationsformtechnologie WELCOTEC integriert. Die F-Serie wird aus einer einzigartigen Mischung hochwertiger, flexibler Vinylmaterialien gefertigt, die Langlebigkeit bei allen Wetterbedingungen gew\u00e4hrleistet. Diese Fender werden weltweit zum Schutz von Freizeitbooten, Yachten, Arbeitsbooten und Lotsenbooten eingesetzt. Die gr\u00f6\u00dften Fender der F-Serie werden sogar von nationalen Marinen f\u00fcr Schiffe bis zu 1500 Tonnen verwendet.<\/p>\n<p><strong>Technische Daten:<\/strong><\/p>\n<ul>\n<li>Artikelnummer: F6<\/li>\n<li>Maximaldurchmesser: 290 mm<\/li>\n<li>Maximale H\u00f6he: 1090 mm<\/li>\n<li>Nenngwicht: 4,2 kg<\/li>\n<li>\u00d6ffnungsdurchmesser f\u00fcr Seilaufnahme: 28 mm<\/li>\n<li>Ventiltyp: V10<\/li>\n<li>Bruttovolumen: 60 L<\/li>\n<\/ul>\n<p><strong>Technische Informationen:<\/strong><\/p>\n<ul>\n<li>Bruchlast f\u00fcr Seilaufnahme: 1400 kp<\/li>\n<li>H\u00e4rte des K\u00f6rpermaterials (Shore A): 66<\/li>\n<li>Zugfestigkeit: 13,9 MPa<\/li>\n<li>Dehnung bis zum Bruch: 587%<\/li>\n<li>K\u00e4lteflexibilit\u00e4tstemperatur: -33\u00b0C<\/li>\n<li>Empfohlene maximale Temperatur: 40\u00b0C<\/li>\n<li>Maximale Temperatur: 50\u00b0C<\/li>\n<li>Spezifisches Gewicht: 1,17<\/li>\n<\/ul>\n<p>Sowohl der K\u00f6rper als auch die Seilaufnahme bestehen aus PVC, was die Verwendung von FCKWs ausschlie\u00dft und cadmiumfrei ist.<\/p>\n","protected":false},"excerpt":{"rendered":"<p>Polyform F6 &#8211; Polyform F6 (1095x300mm), der POLYFORM\u00ae F6 ist ein erstklassiger, schwerer Fender mit einer robusten, vormontierten Spritzguss-Seilaufnahme. Dieser<\/p>\n","protected":false},"featured_media":5940078,"comment_status":"open","ping_status":"closed","template":"","meta":[],"product_brand":[3270],"product_cat":[1561],"product_tag":[],"class_list":{"0":"post-734244","1":"product","2":"type-product","3":"status-publish","4":"has-post-thumbnail","6":"product_brand-polyform-de","7":"product_cat-fender","9":"first","10":"instock","11":"shipping-taxable","12":"purchasable","13":"product-type-simple"},"_links":{"self":[{"href":"https:\/\/stoic-curie.212-227-153-4.plesk.page\/de\/wp-json\/wp\/v2\/product\/734244","targetHints":{"allow":["GET"]}}],"collection":[{"href":"https:\/\/stoic-curie.212-227-153-4.plesk.page\/de\/wp-json\/wp\/v2\/product"}],"about":[{"href":"https:\/\/stoic-curie.212-227-153-4.plesk.page\/de\/wp-json\/wp\/v2\/types\/product"}],"replies":[{"embeddable":true,"href":"https:\/\/stoic-curie.212-227-153-4.plesk.page\/de\/wp-json\/wp\/v2\/comments?post=734244"}],"version-history":[{"count":0,"href":"https:\/\/stoic-curie.212-227-153-4.plesk.page\/de\/wp-json\/wp\/v2\/product\/734244\/revisions"}],"wp:featuredmedia":[{"embeddable":true,"href":"https:\/\/stoic-curie.212-227-153-4.plesk.page\/de\/wp-json\/wp\/v2\/media\/5940078"}],"wp:attachment":[{"href":"https:\/\/stoic-curie.212-227-153-4.plesk.page\/de\/wp-json\/wp\/v2\/media?parent=734244"}],"wp:term":[{"taxonomy":"product_brand","embeddable":true,"href":"https:\/\/stoic-curie.212-227-153-4.plesk.page\/de\/wp-json\/wp\/v2\/product_brand?post=734244"},{"taxonomy":"product_cat","embeddable":true,"href":"https:\/\/stoic-curie.212-227-153-4.plesk.page\/de\/wp-json\/wp\/v2\/product_cat?post=734244"},{"taxonomy":"product_tag","embeddable":true,"href":"https:\/\/stoic-curie.212-227-153-4.plesk.page\/de\/wp-json\/wp\/v2\/product_tag?post=734244"}],"curies":[{"name":"wp","href":"https:\/\/api.w.org\/{rel}","templated":true}]}}