{"id":734245,"date":"2025-03-03T16:23:15","date_gmt":"2025-03-03T15:23:15","guid":{"rendered":"https:\/\/stoic-curie.212-227-153-4.plesk.page\/producto\/polyform-f7-1030x380mm\/"},"modified":"2026-02-24T23:34:52","modified_gmt":"2026-02-24T23:34:52","slug":"polyform-f7-1030x380mm","status":"publish","type":"product","link":"https:\/\/stoic-curie.212-227-153-4.plesk.page\/de\/product\/polyform-f7-1030x380mm\/","title":{"rendered":"Polyform F7"},"content":{"rendered":"<p>Polyform F7 &#8211; <\/p>\n<div>Polyform F7 (1030x380mm). Der POLYFORM\u00ae F7 ist ein robuster, strapazierf\u00e4higer Fender, der mit einem widerstandsf\u00e4higen, vorgeformten, spritzgegossenen Seilhalter ausgestattet ist. Mit unserer hochmodernen Rotomolding-WELCOTEC-Technologie ist der Fender nahtlos mit einem rippenverst\u00e4rkten Seilhalter verbunden. Die F-Serie Fenders werden aus einer einzigartigen Kombination von hochwertigen, flexiblen Vinylmaterialien hergestellt, die ihre Langlebigkeit unter allen Wetterbedingungen garantieren. Diese Fender werden weltweit zum Schutz von Sportbooten, Yachten, Arbeitsbooten und Lotsenschiffen verwendet. Die gr\u00f6\u00dften Fender der F-Serie werden sogar von nationalen Marinen f\u00fcr Schiffe mit einem Gewicht von bis zu 1.500 Tonnen eingesetzt.<\/div>\n<p><strong>Produktspezifikationen:<\/strong><\/p>\n<ul>\n<li>Artikelnummer: F7<\/li>\n<li>Maximaler Durchmesser: 375 mm<\/li>\n<li>Maximale H\u00f6he: 1020 mm<\/li>\n<li>Nominelles Gewicht: 5,3 kg<\/li>\n<li>Auge Durchmesser f\u00fcr Seilhalter: 28 mm<\/li>\n<li>Ventiltyp: V10<\/li>\n<li>Bruttovolumen: 85 L<\/li>\n<\/ul>\n<p><strong>Technische Informationen:<\/strong><\/p>\n<ul>\n<li>Bruchlast f\u00fcr Seilhalter: 1400 kp<\/li>\n<li>H\u00e4rte des Fenderk\u00f6rpers: Shore A 66<\/li>\n<li>Zugfestigkeit: 13,9 MPa<\/li>\n<li>Dehnung bei Bruch: 587%<\/li>\n<li>K\u00e4ltetemperatur: -33\u00b0C<\/li>\n<li>Empfohlene H\u00f6chsttemperatur: 40\u00b0C<\/li>\n<li>Maximale Temperatur: 50\u00b0C<\/li>\n<li>Spezifisches Gewicht: 1,17<\/li>\n<\/ul>\n<p>Sowohl der Fenderk\u00f6rper als auch der Seilhalter bestehen aus PVC, sodass bei der Herstellung keine FCKWs oder Kadmium verwendet werden.<\/p>\n","protected":false},"excerpt":{"rendered":"<p>Polyform F7 &#8211; Polyform F7 (1030x380mm). Der POLYFORM\u00ae F7 ist ein robuster, strapazierf\u00e4higer Fender, der mit einem widerstandsf\u00e4higen, vorgeformten, spritzgegossenen<\/p>\n","protected":false},"featured_media":5940085,"comment_status":"open","ping_status":"closed","template":"","meta":[],"product_brand":[3270],"product_cat":[1561],"product_tag":[],"class_list":{"0":"post-734245","1":"product","2":"type-product","3":"status-publish","4":"has-post-thumbnail","6":"product_brand-polyform-de","7":"product_cat-fender","9":"first","10":"instock","11":"shipping-taxable","12":"purchasable","13":"product-type-simple"},"_links":{"self":[{"href":"https:\/\/stoic-curie.212-227-153-4.plesk.page\/de\/wp-json\/wp\/v2\/product\/734245","targetHints":{"allow":["GET"]}}],"collection":[{"href":"https:\/\/stoic-curie.212-227-153-4.plesk.page\/de\/wp-json\/wp\/v2\/product"}],"about":[{"href":"https:\/\/stoic-curie.212-227-153-4.plesk.page\/de\/wp-json\/wp\/v2\/types\/product"}],"replies":[{"embeddable":true,"href":"https:\/\/stoic-curie.212-227-153-4.plesk.page\/de\/wp-json\/wp\/v2\/comments?post=734245"}],"version-history":[{"count":0,"href":"https:\/\/stoic-curie.212-227-153-4.plesk.page\/de\/wp-json\/wp\/v2\/product\/734245\/revisions"}],"wp:featuredmedia":[{"embeddable":true,"href":"https:\/\/stoic-curie.212-227-153-4.plesk.page\/de\/wp-json\/wp\/v2\/media\/5940085"}],"wp:attachment":[{"href":"https:\/\/stoic-curie.212-227-153-4.plesk.page\/de\/wp-json\/wp\/v2\/media?parent=734245"}],"wp:term":[{"taxonomy":"product_brand","embeddable":true,"href":"https:\/\/stoic-curie.212-227-153-4.plesk.page\/de\/wp-json\/wp\/v2\/product_brand?post=734245"},{"taxonomy":"product_cat","embeddable":true,"href":"https:\/\/stoic-curie.212-227-153-4.plesk.page\/de\/wp-json\/wp\/v2\/product_cat?post=734245"},{"taxonomy":"product_tag","embeddable":true,"href":"https:\/\/stoic-curie.212-227-153-4.plesk.page\/de\/wp-json\/wp\/v2\/product_tag?post=734245"}],"curies":[{"name":"wp","href":"https:\/\/api.w.org\/{rel}","templated":true}]}}