{"id":734246,"date":"2025-03-03T16:23:15","date_gmt":"2025-03-03T15:23:15","guid":{"rendered":"https:\/\/stoic-curie.212-227-153-4.plesk.page\/producto\/polyform-f8-1475x380mm\/"},"modified":"2026-02-24T23:34:52","modified_gmt":"2026-02-24T23:34:52","slug":"polyform-f8-1475x380mm","status":"publish","type":"product","link":"https:\/\/stoic-curie.212-227-153-4.plesk.page\/de\/product\/polyform-f8-1475x380mm\/","title":{"rendered":"Polyform F8"},"content":{"rendered":"<p>Polyform F8 &#8211; <\/p>\n<p>Polyform F8 (1475x380mm)<\/p>\n<p>Der POLYFORM\u00ae F8 ist ein robuster, strapazierf\u00e4higer Fender, der mit einem optionalen Doppeltventilsystem ausgestattet ist, welches in seine starken, vorgeformten, spritzgegossenen Seilaufnahmen integriert ist. Durch den Einsatz unserer exklusiven WELCOTEC-Rotationsformtechnologie sind der Fender und seine ribbenverst\u00e4rkte Seilaufnahme perfekt verbunden. Die F-Serie wird aus einer einzigartigen Kombination hochgradiger, flexibler Vinylmaterialien hergestellt, die hervorragenden Schutz gegen verschiedene Wetterbedingungen bietet. Diese Fender werden weltweit f\u00fcr eine Vielzahl von Anwendungen, einschlie\u00dflich Freizeitbooten, Yachten, Arbeitsbooten und Lotsenschiffen, eingesetzt. Die gr\u00f6\u00dften Fender der F-Serie werden sogar von nationalen Marinen f\u00fcr Schiffe mit einem Gewicht von bis zu 1500 Tonnen verwendet.<\/p>\n<p>Spezifikationen:<\/p>\n<ul>\n<li>Maximaler Durchmesser: 375 mm<\/li>\n<li>Maximale H\u00f6he: 1440 mm<\/li>\n<li>Nenngewicht: 7,6 kg<\/li>\n<li>\u00d6sendurchmesser f\u00fcr Seilaufnahme: 28 mm<\/li>\n<li>Ventiltyp: Optional V10 (2 x V10)<\/li>\n<li>Bruttovolumen: 135 L<\/li>\n<\/ul>\n<p>Technische Informationen:<\/p>\n<ul>\n<li>Bruchlast f\u00fcr Seilaufnahme: 1400 kp<\/li>\n<li>H\u00e4rte des K\u00f6rpermaterials (Shore A): 66<\/li>\n<li>Zugfestigkeit: 13,9 MPa<\/li>\n<li>Dehnung beim Bruch: 587%<\/li>\n<li>K\u00e4lteflextemperatur: -33\u00b0C<\/li>\n<li>Empfohlene maximale Temperatur: 40\u00b0C<\/li>\n<li>Maximale Temperatur: 50\u00b0C<\/li>\n<li>Spezifisches Gewicht: 1,17<\/li>\n<\/ul>\n<p>Sowohl der Fenderk\u00f6rper als auch die Seilaufnahme bestehen aus PVC und sind frei von FCKW und Cadmium.<\/p>\n","protected":false},"excerpt":{"rendered":"<p>Polyform F8 &#8211; Polyform F8 (1475x380mm) Der POLYFORM\u00ae F8 ist ein robuster, strapazierf\u00e4higer Fender, der mit einem optionalen Doppeltventilsystem ausgestattet<\/p>\n","protected":false},"featured_media":5940085,"comment_status":"open","ping_status":"closed","template":"","meta":[],"product_brand":[3270],"product_cat":[1561],"product_tag":[],"class_list":{"0":"post-734246","1":"product","2":"type-product","3":"status-publish","4":"has-post-thumbnail","6":"product_brand-polyform-de","7":"product_cat-fender","9":"first","10":"instock","11":"shipping-taxable","12":"purchasable","13":"product-type-simple"},"_links":{"self":[{"href":"https:\/\/stoic-curie.212-227-153-4.plesk.page\/de\/wp-json\/wp\/v2\/product\/734246","targetHints":{"allow":["GET"]}}],"collection":[{"href":"https:\/\/stoic-curie.212-227-153-4.plesk.page\/de\/wp-json\/wp\/v2\/product"}],"about":[{"href":"https:\/\/stoic-curie.212-227-153-4.plesk.page\/de\/wp-json\/wp\/v2\/types\/product"}],"replies":[{"embeddable":true,"href":"https:\/\/stoic-curie.212-227-153-4.plesk.page\/de\/wp-json\/wp\/v2\/comments?post=734246"}],"version-history":[{"count":0,"href":"https:\/\/stoic-curie.212-227-153-4.plesk.page\/de\/wp-json\/wp\/v2\/product\/734246\/revisions"}],"wp:featuredmedia":[{"embeddable":true,"href":"https:\/\/stoic-curie.212-227-153-4.plesk.page\/de\/wp-json\/wp\/v2\/media\/5940085"}],"wp:attachment":[{"href":"https:\/\/stoic-curie.212-227-153-4.plesk.page\/de\/wp-json\/wp\/v2\/media?parent=734246"}],"wp:term":[{"taxonomy":"product_brand","embeddable":true,"href":"https:\/\/stoic-curie.212-227-153-4.plesk.page\/de\/wp-json\/wp\/v2\/product_brand?post=734246"},{"taxonomy":"product_cat","embeddable":true,"href":"https:\/\/stoic-curie.212-227-153-4.plesk.page\/de\/wp-json\/wp\/v2\/product_cat?post=734246"},{"taxonomy":"product_tag","embeddable":true,"href":"https:\/\/stoic-curie.212-227-153-4.plesk.page\/de\/wp-json\/wp\/v2\/product_tag?post=734246"}],"curies":[{"name":"wp","href":"https:\/\/api.w.org\/{rel}","templated":true}]}}