{"id":734247,"date":"2025-03-03T16:23:15","date_gmt":"2025-03-03T15:23:15","guid":{"rendered":"https:\/\/stoic-curie.212-227-153-4.plesk.page\/producto\/polyform-f11-1455x600mm\/"},"modified":"2026-02-24T23:34:52","modified_gmt":"2026-02-24T23:34:52","slug":"polyform-f11-1455x600mm","status":"publish","type":"product","link":"https:\/\/stoic-curie.212-227-153-4.plesk.page\/de\/product\/polyform-f11-1455x600mm\/","title":{"rendered":"Polyform F11"},"content":{"rendered":"<p>Polyform F11 &#8211; <\/p>\n<p>Polyform F11 (1455x600mm)<\/p>\n<p>Der POLYFORM\u00ae F11 ist ein robuster, hochbelastbarer Fender, der \u00fcber ein duales Ventilsystem verf\u00fcgt, das in seine strapazierf\u00e4higen, vorgeformten Spritzguss-Seil\u00f6sen integriert ist. Der Fender und die verst\u00e4rkte Seilohr sind durch unsere exklusive Rotationsformungstechnologie WELCOTEC fachgerecht verbunden. Die F-Serie Fender werden aus einer einzigartigen Kombination von hochwertigen, flexiblen Vinylmaterialien hergestellt, die sicherstellen, dass sie allen Wetterbedingungen standhalten k\u00f6nnen.<\/p>\n<p>Diese Fender werden weltweit f\u00fcr verschiedene Zwecke eingesetzt, darunter Freizeitboote, Yachten, Arbeitsschiffe und Lotsenboote. Die gr\u00f6\u00dften Fender der F-Serie werden sogar von nationalen Marinen f\u00fcr Schiffe mit einem Gewicht von bis zu 1500 Tonnen verwendet.<\/p>\n<p><strong>Produktspezifikationen:<\/strong><\/p>\n<ul>\n<li>Artikelnummer: F11<\/li>\n<li>Maximaler Durchmesser: 590 mm<\/li>\n<li>Maximale H\u00f6he: 1455 mm<\/li>\n<li>Nenngewicht: 10,5 kg<\/li>\n<li>Augen Durchmesser f\u00fcr Seilohr: 28 mm<\/li>\n<li>Ventiltyp: 2 x V10<\/li>\n<li>Bruttovolumen: 275 L<\/li>\n<\/ul>\n<p><strong>Technische Informationen:<\/strong><\/p>\n<ul>\n<li>Bruchlast f\u00fcr Seilohr: 2000 kp<\/li>\n<li>H\u00e4rte des K\u00f6rpermaterials (Shore A): 66<\/li>\n<li>Zugfestigkeit: 13.9 MPa<\/li>\n<li>Dehnung beim Bruch: 587%<\/li>\n<li>K\u00e4lteflex-Temperatur: -33\u00b0C<\/li>\n<li>Empfohlene H\u00f6chsttemperatur: 40\u00b0C<\/li>\n<li>Maximale Temperatur: 50\u00b0C<\/li>\n<li>Spezifisches Gewicht: 1.17<\/li>\n<\/ul>\n<p>Sowohl der Fenderk\u00f6rper als auch die Seilohr sind aus PVC ohne CFCs und Kadmium gefertigt. Dieses Produkt wird unter Verwendung der Welcotec-Herstellungstechnologie produziert.<\/p>\n","protected":false},"excerpt":{"rendered":"<p>Polyform F11 &#8211; Polyform F11 (1455x600mm) Der POLYFORM\u00ae F11 ist ein robuster, hochbelastbarer Fender, der \u00fcber ein duales Ventilsystem verf\u00fcgt,<\/p>\n","protected":false},"featured_media":5940085,"comment_status":"open","ping_status":"closed","template":"","meta":[],"product_brand":[3270],"product_cat":[1561],"product_tag":[],"class_list":{"0":"post-734247","1":"product","2":"type-product","3":"status-publish","4":"has-post-thumbnail","6":"product_brand-polyform-de","7":"product_cat-fender","9":"first","10":"instock","11":"shipping-taxable","12":"purchasable","13":"product-type-simple"},"_links":{"self":[{"href":"https:\/\/stoic-curie.212-227-153-4.plesk.page\/de\/wp-json\/wp\/v2\/product\/734247","targetHints":{"allow":["GET"]}}],"collection":[{"href":"https:\/\/stoic-curie.212-227-153-4.plesk.page\/de\/wp-json\/wp\/v2\/product"}],"about":[{"href":"https:\/\/stoic-curie.212-227-153-4.plesk.page\/de\/wp-json\/wp\/v2\/types\/product"}],"replies":[{"embeddable":true,"href":"https:\/\/stoic-curie.212-227-153-4.plesk.page\/de\/wp-json\/wp\/v2\/comments?post=734247"}],"version-history":[{"count":0,"href":"https:\/\/stoic-curie.212-227-153-4.plesk.page\/de\/wp-json\/wp\/v2\/product\/734247\/revisions"}],"wp:featuredmedia":[{"embeddable":true,"href":"https:\/\/stoic-curie.212-227-153-4.plesk.page\/de\/wp-json\/wp\/v2\/media\/5940085"}],"wp:attachment":[{"href":"https:\/\/stoic-curie.212-227-153-4.plesk.page\/de\/wp-json\/wp\/v2\/media?parent=734247"}],"wp:term":[{"taxonomy":"product_brand","embeddable":true,"href":"https:\/\/stoic-curie.212-227-153-4.plesk.page\/de\/wp-json\/wp\/v2\/product_brand?post=734247"},{"taxonomy":"product_cat","embeddable":true,"href":"https:\/\/stoic-curie.212-227-153-4.plesk.page\/de\/wp-json\/wp\/v2\/product_cat?post=734247"},{"taxonomy":"product_tag","embeddable":true,"href":"https:\/\/stoic-curie.212-227-153-4.plesk.page\/de\/wp-json\/wp\/v2\/product_tag?post=734247"}],"curies":[{"name":"wp","href":"https:\/\/api.w.org\/{rel}","templated":true}]}}