{"id":734248,"date":"2025-03-03T16:23:15","date_gmt":"2025-03-03T15:23:15","guid":{"rendered":"https:\/\/stoic-curie.212-227-153-4.plesk.page\/producto\/polyform-f02-660x190mm\/"},"modified":"2026-02-24T23:34:52","modified_gmt":"2026-02-24T23:34:52","slug":"polyform-f02-660x190mm","status":"publish","type":"product","link":"https:\/\/stoic-curie.212-227-153-4.plesk.page\/de\/product\/polyform-f02-660x190mm\/","title":{"rendered":"Polyform F02"},"content":{"rendered":"<p>Polyform F02 &#8211; <\/p>\n<p>Polyform F02 (660x190mm). Der POLYFORM\u00ae F02 ist ein hochwertiger, strapazierf\u00e4higer Fender, der aus einer einzigartigen Mischung von hochwertigen Materialien gefertigt ist. Als einteiliges Produkt verf\u00fcgen die F-Serie Fender \u00fcber ribbenverst\u00e4rkte Seil\u00f6ffnungen und sind aus langlebigem, flexiblem PVC rotomoldet. Diese Fender halten allen Wetterbedingungen stand und sind daher ideal f\u00fcr verschiedene Anwendungen.<\/p>\n<p>Weltweit verwendet, sind die F-Serie Fender perfekt f\u00fcr Freizeitboote, Yachten, Arbeitsboote und Lotsenboote. Die gr\u00f6\u00dften Modelle werden sogar von nationalen Marinen f\u00fcr Schiffe mit einem Gewicht von bis zu 1.500 Tonnen eingesetzt.<\/p>\n<p><strong>Produktspezifikationen:<\/strong><\/p>\n<ul>\n<li>Artikelnummer: F02<\/li>\n<li>Maximaler Durchmesser: 200 mm<\/li>\n<li>H\u00f6he: 660 mm<\/li>\n<li>Nettogewicht: 1,65 kg<\/li>\n<li>Augen-Durchmesser f\u00fcr Seil\u00f6ffnung: 25 mm<\/li>\n<li>Ventiltyp: V10<\/li>\n<li>Bruttovolumen: 15 L<\/li>\n<\/ul>\n<p><strong>Technische Informationen:<\/strong><\/p>\n<ul>\n<li>Bruchlast f\u00fcr Seil\u00f6ffnung: 1.100 kp<\/li>\n<li>H\u00e4rte des K\u00f6rpermaterials (Shore A): 66<\/li>\n<li>Zugfestigkeit: 13,9 MPa<\/li>\n<li>Dehnung bei Bruch: 587%<\/li>\n<li>K\u00e4lteflex-Temperatur: -33\u00b0C<\/li>\n<li>Empfohlene maximale Temperatur: 40\u00b0C<\/li>\n<li>Maximale Temperatur: 50\u00b0C<\/li>\n<li>Spezifisches Gewicht: 1,17<\/li>\n<\/ul>\n<p>Sowohl der K\u00f6rper als auch die Seil\u00f6ffnung bestehen aus PVC, wodurch die Verwendung von FCKW ausgeschlossen und cadmiumfrei gew\u00e4hrleistet ist.<\/p>\n","protected":false},"excerpt":{"rendered":"<p>Polyform F02 &#8211; Polyform F02 (660x190mm). Der POLYFORM\u00ae F02 ist ein hochwertiger, strapazierf\u00e4higer Fender, der aus einer einzigartigen Mischung von<\/p>\n","protected":false},"featured_media":5940078,"comment_status":"open","ping_status":"closed","template":"","meta":[],"product_brand":[3270],"product_cat":[1561],"product_tag":[],"class_list":{"0":"post-734248","1":"product","2":"type-product","3":"status-publish","4":"has-post-thumbnail","6":"product_brand-polyform-de","7":"product_cat-fender","9":"first","10":"instock","11":"shipping-taxable","12":"purchasable","13":"product-type-simple"},"_links":{"self":[{"href":"https:\/\/stoic-curie.212-227-153-4.plesk.page\/de\/wp-json\/wp\/v2\/product\/734248","targetHints":{"allow":["GET"]}}],"collection":[{"href":"https:\/\/stoic-curie.212-227-153-4.plesk.page\/de\/wp-json\/wp\/v2\/product"}],"about":[{"href":"https:\/\/stoic-curie.212-227-153-4.plesk.page\/de\/wp-json\/wp\/v2\/types\/product"}],"replies":[{"embeddable":true,"href":"https:\/\/stoic-curie.212-227-153-4.plesk.page\/de\/wp-json\/wp\/v2\/comments?post=734248"}],"version-history":[{"count":0,"href":"https:\/\/stoic-curie.212-227-153-4.plesk.page\/de\/wp-json\/wp\/v2\/product\/734248\/revisions"}],"wp:featuredmedia":[{"embeddable":true,"href":"https:\/\/stoic-curie.212-227-153-4.plesk.page\/de\/wp-json\/wp\/v2\/media\/5940078"}],"wp:attachment":[{"href":"https:\/\/stoic-curie.212-227-153-4.plesk.page\/de\/wp-json\/wp\/v2\/media?parent=734248"}],"wp:term":[{"taxonomy":"product_brand","embeddable":true,"href":"https:\/\/stoic-curie.212-227-153-4.plesk.page\/de\/wp-json\/wp\/v2\/product_brand?post=734248"},{"taxonomy":"product_cat","embeddable":true,"href":"https:\/\/stoic-curie.212-227-153-4.plesk.page\/de\/wp-json\/wp\/v2\/product_cat?post=734248"},{"taxonomy":"product_tag","embeddable":true,"href":"https:\/\/stoic-curie.212-227-153-4.plesk.page\/de\/wp-json\/wp\/v2\/product_tag?post=734248"}],"curies":[{"name":"wp","href":"https:\/\/api.w.org\/{rel}","templated":true}]}}