{"id":734260,"date":"2025-03-03T16:23:17","date_gmt":"2025-03-03T15:23:17","guid":{"rendered":"https:\/\/stoic-curie.212-227-153-4.plesk.page\/producto\/flacher-blauer-fender-950x310x80mm\/"},"modified":"2026-02-24T23:34:52","modified_gmt":"2026-02-24T23:34:52","slug":"flacher-blauer-fender-950x310x80mm","status":"publish","type":"product","link":"https:\/\/stoic-curie.212-227-153-4.plesk.page\/de\/product\/flacher-blauer-fender-950x310x80mm\/","title":{"rendered":"Flacher blauer Fender 950x310x80mm"},"content":{"rendered":"<p>Flacher blauer Fender 950x310x80mm &#8211; <\/p>\n<p>Hochbelastbare E.V.A. geschlossene Schaumstoff flache modulare Fender. Dank der flachen Form leicht zu lagern, werden sie verwendet, wenn nicht ausreichend Platz zwischen zwei Booten vorhanden ist. Einfach zusammenzubinden, um eine Schutzbarriere zu schaffen. Mit 4 L\u00f6chern f\u00fcr die Leine und 2 L\u00f6chern f\u00fcr den G\u00fcrtel. 2,40 m Leine inklusive.<\/p>\n","protected":false},"excerpt":{"rendered":"<p>Flacher blauer Fender 950x310x80mm &#8211; Hochbelastbare E.V.A. geschlossene Schaumstoff flache modulare Fender. Dank der flachen Form leicht zu lagern, werden<\/p>\n","protected":false},"featured_media":5940116,"comment_status":"open","ping_status":"closed","template":"","meta":[],"product_brand":[3090],"product_cat":[1562,1561],"product_tag":[],"class_list":{"0":"post-734260","1":"product","2":"type-product","3":"status-publish","4":"has-post-thumbnail","6":"product_brand-majoni-de","7":"product_cat-anlegestossdaempfer","8":"product_cat-fender","10":"first","11":"instock","12":"shipping-taxable","13":"purchasable","14":"product-type-simple"},"_links":{"self":[{"href":"https:\/\/stoic-curie.212-227-153-4.plesk.page\/de\/wp-json\/wp\/v2\/product\/734260","targetHints":{"allow":["GET"]}}],"collection":[{"href":"https:\/\/stoic-curie.212-227-153-4.plesk.page\/de\/wp-json\/wp\/v2\/product"}],"about":[{"href":"https:\/\/stoic-curie.212-227-153-4.plesk.page\/de\/wp-json\/wp\/v2\/types\/product"}],"replies":[{"embeddable":true,"href":"https:\/\/stoic-curie.212-227-153-4.plesk.page\/de\/wp-json\/wp\/v2\/comments?post=734260"}],"version-history":[{"count":0,"href":"https:\/\/stoic-curie.212-227-153-4.plesk.page\/de\/wp-json\/wp\/v2\/product\/734260\/revisions"}],"wp:featuredmedia":[{"embeddable":true,"href":"https:\/\/stoic-curie.212-227-153-4.plesk.page\/de\/wp-json\/wp\/v2\/media\/5940116"}],"wp:attachment":[{"href":"https:\/\/stoic-curie.212-227-153-4.plesk.page\/de\/wp-json\/wp\/v2\/media?parent=734260"}],"wp:term":[{"taxonomy":"product_brand","embeddable":true,"href":"https:\/\/stoic-curie.212-227-153-4.plesk.page\/de\/wp-json\/wp\/v2\/product_brand?post=734260"},{"taxonomy":"product_cat","embeddable":true,"href":"https:\/\/stoic-curie.212-227-153-4.plesk.page\/de\/wp-json\/wp\/v2\/product_cat?post=734260"},{"taxonomy":"product_tag","embeddable":true,"href":"https:\/\/stoic-curie.212-227-153-4.plesk.page\/de\/wp-json\/wp\/v2\/product_tag?post=734260"}],"curies":[{"name":"wp","href":"https:\/\/api.w.org\/{rel}","templated":true}]}}