{"id":734261,"date":"2025-03-03T16:23:18","date_gmt":"2025-03-03T15:23:18","guid":{"rendered":"https:\/\/stoic-curie.212-227-153-4.plesk.page\/producto\/nawa-fenderkorb-kit-x2-170mm\/"},"modified":"2026-02-24T23:34:52","modified_gmt":"2026-02-24T23:34:52","slug":"nawa-fenderkorb-kit-x2-170mm","status":"publish","type":"product","link":"https:\/\/stoic-curie.212-227-153-4.plesk.page\/de\/product\/nawa-fenderkorb-kit-x2-170mm\/","title":{"rendered":"Nawa Fenderkorb-Kit x2 170mm"},"content":{"rendered":"<p>Nawa Fenderkorb-Kit x2 170mm &#8211; <\/p>\n<p>Die vielseitigste L\u00f6sung zur Aufbewahrung von Fendern, mit der Sie die K\u00f6rbe in beliebiger Kombination an jedem Gel\u00e4nder befestigen k\u00f6nnen. F\u00fcr die Installation ben\u00f6tigen Sie nur einen Schraubendreher. Das hochwertige 316 Edelstahl NAWA modulare Fender-Kit umfasst: 2 K\u00f6rbe f\u00fcr Fender mit einem Durchmesser von 170\/190\/215\/230 mm, 3 schwenkbare Klemmenverbinder f\u00fcr 25 mm Rohrrahmen und 2 parallele Verbinder, um zwei K\u00f6rbe miteinander zu verbinden.<\/p>\n","protected":false},"excerpt":{"rendered":"<p>Nawa Fenderkorb-Kit x2 170mm &#8211; Die vielseitigste L\u00f6sung zur Aufbewahrung von Fendern, mit der Sie die K\u00f6rbe in beliebiger Kombination<\/p>\n","protected":false},"featured_media":5940120,"comment_status":"open","ping_status":"closed","template":"","meta":[],"product_brand":[3180],"product_cat":[1560],"product_tag":[],"class_list":{"0":"post-734261","1":"product","2":"type-product","3":"status-publish","4":"has-post-thumbnail","6":"product_brand-nawa-de","7":"product_cat-fender-zubehoer","9":"first","10":"instock","11":"shipping-taxable","12":"purchasable","13":"product-type-simple"},"_links":{"self":[{"href":"https:\/\/stoic-curie.212-227-153-4.plesk.page\/de\/wp-json\/wp\/v2\/product\/734261","targetHints":{"allow":["GET"]}}],"collection":[{"href":"https:\/\/stoic-curie.212-227-153-4.plesk.page\/de\/wp-json\/wp\/v2\/product"}],"about":[{"href":"https:\/\/stoic-curie.212-227-153-4.plesk.page\/de\/wp-json\/wp\/v2\/types\/product"}],"replies":[{"embeddable":true,"href":"https:\/\/stoic-curie.212-227-153-4.plesk.page\/de\/wp-json\/wp\/v2\/comments?post=734261"}],"version-history":[{"count":0,"href":"https:\/\/stoic-curie.212-227-153-4.plesk.page\/de\/wp-json\/wp\/v2\/product\/734261\/revisions"}],"wp:featuredmedia":[{"embeddable":true,"href":"https:\/\/stoic-curie.212-227-153-4.plesk.page\/de\/wp-json\/wp\/v2\/media\/5940120"}],"wp:attachment":[{"href":"https:\/\/stoic-curie.212-227-153-4.plesk.page\/de\/wp-json\/wp\/v2\/media?parent=734261"}],"wp:term":[{"taxonomy":"product_brand","embeddable":true,"href":"https:\/\/stoic-curie.212-227-153-4.plesk.page\/de\/wp-json\/wp\/v2\/product_brand?post=734261"},{"taxonomy":"product_cat","embeddable":true,"href":"https:\/\/stoic-curie.212-227-153-4.plesk.page\/de\/wp-json\/wp\/v2\/product_cat?post=734261"},{"taxonomy":"product_tag","embeddable":true,"href":"https:\/\/stoic-curie.212-227-153-4.plesk.page\/de\/wp-json\/wp\/v2\/product_tag?post=734261"}],"curies":[{"name":"wp","href":"https:\/\/api.w.org\/{rel}","templated":true}]}}