{"id":734272,"date":"2025-03-03T16:23:20","date_gmt":"2025-03-03T15:23:20","guid":{"rendered":"https:\/\/stoic-curie.212-227-153-4.plesk.page\/producto\/pvc-anlegeschutz-h60-mm-x-3-m\/"},"modified":"2026-02-24T23:34:52","modified_gmt":"2026-02-24T23:34:52","slug":"pvc-anlegeschutz-h60-mm-x-3-m","status":"publish","type":"product","link":"https:\/\/stoic-curie.212-227-153-4.plesk.page\/de\/product\/pvc-anlegeschutz-h60-mm-x-3-m\/","title":{"rendered":"PVC-Anlegeschutz H60 mm x 3 m"},"content":{"rendered":"<p>PVC-Anlegeschutz H60 mm x 3 m &#8211; <\/p>\n<p>3 Meter lange Fenderprofile f\u00fcr Docks, Pontons und allgemeine Schutzanwendungen. Hergestellt aus hoch schlagfestem PVC mit einem sehr niedrigen Reibungskoeffizienten, hinterl\u00e4sst es keine Spuren auf dem Gelcoat des Bootes, im Gegensatz zu Gummi. Es kann einzeln oder in Mehrfachversionen angebracht werden. Befestigung: Eine 30&#215;5 mm gro\u00dfe Aluminium- oder verzinkte Platte einf\u00fchren und durchstechen, um die Befestigungsschrauben einzuf\u00fchren.<\/p>\n","protected":false},"excerpt":{"rendered":"<p>PVC-Anlegeschutz H60 mm x 3 m &#8211; 3 Meter lange Fenderprofile f\u00fcr Docks, Pontons und allgemeine Schutzanwendungen. Hergestellt aus hoch<\/p>\n","protected":false},"featured_media":5940166,"comment_status":"open","ping_status":"closed","template":"","meta":[],"product_brand":[3480],"product_cat":[1562],"product_tag":[],"class_list":{"0":"post-734272","1":"product","2":"type-product","3":"status-publish","4":"has-post-thumbnail","6":"product_brand-tessilmare-de","7":"product_cat-anlegestossdaempfer","9":"first","10":"instock","11":"shipping-taxable","12":"purchasable","13":"product-type-simple"},"_links":{"self":[{"href":"https:\/\/stoic-curie.212-227-153-4.plesk.page\/de\/wp-json\/wp\/v2\/product\/734272","targetHints":{"allow":["GET"]}}],"collection":[{"href":"https:\/\/stoic-curie.212-227-153-4.plesk.page\/de\/wp-json\/wp\/v2\/product"}],"about":[{"href":"https:\/\/stoic-curie.212-227-153-4.plesk.page\/de\/wp-json\/wp\/v2\/types\/product"}],"replies":[{"embeddable":true,"href":"https:\/\/stoic-curie.212-227-153-4.plesk.page\/de\/wp-json\/wp\/v2\/comments?post=734272"}],"version-history":[{"count":0,"href":"https:\/\/stoic-curie.212-227-153-4.plesk.page\/de\/wp-json\/wp\/v2\/product\/734272\/revisions"}],"wp:featuredmedia":[{"embeddable":true,"href":"https:\/\/stoic-curie.212-227-153-4.plesk.page\/de\/wp-json\/wp\/v2\/media\/5940166"}],"wp:attachment":[{"href":"https:\/\/stoic-curie.212-227-153-4.plesk.page\/de\/wp-json\/wp\/v2\/media?parent=734272"}],"wp:term":[{"taxonomy":"product_brand","embeddable":true,"href":"https:\/\/stoic-curie.212-227-153-4.plesk.page\/de\/wp-json\/wp\/v2\/product_brand?post=734272"},{"taxonomy":"product_cat","embeddable":true,"href":"https:\/\/stoic-curie.212-227-153-4.plesk.page\/de\/wp-json\/wp\/v2\/product_cat?post=734272"},{"taxonomy":"product_tag","embeddable":true,"href":"https:\/\/stoic-curie.212-227-153-4.plesk.page\/de\/wp-json\/wp\/v2\/product_tag?post=734272"}],"curies":[{"name":"wp","href":"https:\/\/api.w.org\/{rel}","templated":true}]}}