{"id":734279,"date":"2025-03-03T16:23:21","date_gmt":"2025-03-03T15:23:21","guid":{"rendered":"https:\/\/stoic-curie.212-227-153-4.plesk.page\/producto\/neopren-dichtprofil-armflex-9mm-seite-15m\/"},"modified":"2026-02-24T23:34:52","modified_gmt":"2026-02-24T23:34:52","slug":"neopren-dichtprofil-armflex-9mm-seite-15m","status":"publish","type":"product","link":"https:\/\/stoic-curie.212-227-153-4.plesk.page\/de\/product\/neopren-dichtprofil-armflex-9mm-seite-15m\/","title":{"rendered":"Neopren-Dichtprofil Armflex (9mm SEITE) 15m"},"content":{"rendered":"<p>Neopren-Dichtprofil Armflex (9mm SEITE) 15m &#8211; <\/p>\n<p>Wasserdichter Trim-Lok-Dichtungsring f\u00fcr T\u00fcren, Klappen und Verschl\u00fcsse. Besteht aus einem expandierten EPDM-Gummiring, der auf ein PVC-Profil extrudiert wurde. Dank der Struktur mit einem segmentierten Aluminiumkern ist er einfach zu montieren und passt sich der Form des abzudeckenden Randes an. Der Verriegelungsstift sorgt f\u00fcr eine perfekte Abdichtung, auch ohne Klebstoff. Packung mit 15 Metern.<\/p>\n","protected":false},"excerpt":{"rendered":"<p>Neopren-Dichtprofil Armflex (9mm SEITE) 15m &#8211; Wasserdichter Trim-Lok-Dichtungsring f\u00fcr T\u00fcren, Klappen und Verschl\u00fcsse. Besteht aus einem expandierten EPDM-Gummiring, der auf<\/p>\n","protected":false},"featured_media":5940176,"comment_status":"open","ping_status":"closed","template":"","meta":[],"product_brand":[3480],"product_cat":[1415],"product_tag":[],"class_list":{"0":"post-734279","1":"product","2":"type-product","3":"status-publish","4":"has-post-thumbnail","6":"product_brand-tessilmare-de","7":"product_cat-bootsluken","9":"first","10":"instock","11":"shipping-taxable","12":"purchasable","13":"product-type-simple"},"_links":{"self":[{"href":"https:\/\/stoic-curie.212-227-153-4.plesk.page\/de\/wp-json\/wp\/v2\/product\/734279","targetHints":{"allow":["GET"]}}],"collection":[{"href":"https:\/\/stoic-curie.212-227-153-4.plesk.page\/de\/wp-json\/wp\/v2\/product"}],"about":[{"href":"https:\/\/stoic-curie.212-227-153-4.plesk.page\/de\/wp-json\/wp\/v2\/types\/product"}],"replies":[{"embeddable":true,"href":"https:\/\/stoic-curie.212-227-153-4.plesk.page\/de\/wp-json\/wp\/v2\/comments?post=734279"}],"version-history":[{"count":0,"href":"https:\/\/stoic-curie.212-227-153-4.plesk.page\/de\/wp-json\/wp\/v2\/product\/734279\/revisions"}],"wp:featuredmedia":[{"embeddable":true,"href":"https:\/\/stoic-curie.212-227-153-4.plesk.page\/de\/wp-json\/wp\/v2\/media\/5940176"}],"wp:attachment":[{"href":"https:\/\/stoic-curie.212-227-153-4.plesk.page\/de\/wp-json\/wp\/v2\/media?parent=734279"}],"wp:term":[{"taxonomy":"product_brand","embeddable":true,"href":"https:\/\/stoic-curie.212-227-153-4.plesk.page\/de\/wp-json\/wp\/v2\/product_brand?post=734279"},{"taxonomy":"product_cat","embeddable":true,"href":"https:\/\/stoic-curie.212-227-153-4.plesk.page\/de\/wp-json\/wp\/v2\/product_cat?post=734279"},{"taxonomy":"product_tag","embeddable":true,"href":"https:\/\/stoic-curie.212-227-153-4.plesk.page\/de\/wp-json\/wp\/v2\/product_tag?post=734279"}],"curies":[{"name":"wp","href":"https:\/\/api.w.org\/{rel}","templated":true}]}}