{"id":734283,"date":"2025-03-03T16:23:21","date_gmt":"2025-03-03T15:23:21","guid":{"rendered":"https:\/\/stoic-curie.212-227-153-4.plesk.page\/producto\/saralon-luken-280-x-381mm\/"},"modified":"2026-02-24T23:34:52","modified_gmt":"2026-02-24T23:34:52","slug":"saralon-luken-280-x-381mm","status":"publish","type":"product","link":"https:\/\/stoic-curie.212-227-153-4.plesk.page\/de\/product\/saralon-luken-280-x-381mm\/","title":{"rendered":"Saralon Luken 280 x 381mm"},"content":{"rendered":"<p>Saralon Luken 280 x 381mm &#8211; <\/p>\n<p>Fast unzerst\u00f6rbare Saralon Polypropylen-Hatch-T\u00fcr. Begehbar, schockfest und unempfindlich gegen UV-Strahlen, L\u00f6sungsmittel und Kraftstoffe. 180\u00b0 \u00d6ffnung mit Edelstahl-Scharnieren. Eingelassene Dichtung sorgt f\u00fcr perfekte Wasserdichtigkeit. F\u00fcr die Montage auf dem Deck oder der Wand geeignet. CE-zertifiziert.<\/p>\n","protected":false},"excerpt":{"rendered":"<p>Saralon Luken 280 x 381mm &#8211; Fast unzerst\u00f6rbare Saralon Polypropylen-Hatch-T\u00fcr. Begehbar, schockfest und unempfindlich gegen UV-Strahlen, L\u00f6sungsmittel und Kraftstoffe. 180\u00b0<\/p>\n","protected":false},"featured_media":5940198,"comment_status":"open","ping_status":"closed","template":"","meta":[],"product_brand":[3035],"product_cat":[1408],"product_tag":[],"class_list":{"0":"post-734283","1":"product","2":"type-product","3":"status-publish","4":"has-post-thumbnail","6":"product_brand-jba-marine-de","7":"product_cat-kunststoffluken","9":"first","10":"instock","11":"shipping-taxable","12":"purchasable","13":"product-type-simple"},"_links":{"self":[{"href":"https:\/\/stoic-curie.212-227-153-4.plesk.page\/de\/wp-json\/wp\/v2\/product\/734283","targetHints":{"allow":["GET"]}}],"collection":[{"href":"https:\/\/stoic-curie.212-227-153-4.plesk.page\/de\/wp-json\/wp\/v2\/product"}],"about":[{"href":"https:\/\/stoic-curie.212-227-153-4.plesk.page\/de\/wp-json\/wp\/v2\/types\/product"}],"replies":[{"embeddable":true,"href":"https:\/\/stoic-curie.212-227-153-4.plesk.page\/de\/wp-json\/wp\/v2\/comments?post=734283"}],"version-history":[{"count":0,"href":"https:\/\/stoic-curie.212-227-153-4.plesk.page\/de\/wp-json\/wp\/v2\/product\/734283\/revisions"}],"wp:featuredmedia":[{"embeddable":true,"href":"https:\/\/stoic-curie.212-227-153-4.plesk.page\/de\/wp-json\/wp\/v2\/media\/5940198"}],"wp:attachment":[{"href":"https:\/\/stoic-curie.212-227-153-4.plesk.page\/de\/wp-json\/wp\/v2\/media?parent=734283"}],"wp:term":[{"taxonomy":"product_brand","embeddable":true,"href":"https:\/\/stoic-curie.212-227-153-4.plesk.page\/de\/wp-json\/wp\/v2\/product_brand?post=734283"},{"taxonomy":"product_cat","embeddable":true,"href":"https:\/\/stoic-curie.212-227-153-4.plesk.page\/de\/wp-json\/wp\/v2\/product_cat?post=734283"},{"taxonomy":"product_tag","embeddable":true,"href":"https:\/\/stoic-curie.212-227-153-4.plesk.page\/de\/wp-json\/wp\/v2\/product_tag?post=734283"}],"curies":[{"name":"wp","href":"https:\/\/api.w.org\/{rel}","templated":true}]}}