{"id":734285,"date":"2025-03-03T16:23:22","date_gmt":"2025-03-03T15:23:22","guid":{"rendered":"https:\/\/stoic-curie.212-227-153-4.plesk.page\/producto\/eloxierte-aluminium-weisse-luken-270-x-370-mm\/"},"modified":"2026-02-24T23:34:52","modified_gmt":"2026-02-24T23:34:52","slug":"eloxierte-aluminium-weisse-luken-270-x-370-mm","status":"publish","type":"product","link":"https:\/\/stoic-curie.212-227-153-4.plesk.page\/de\/product\/eloxierte-aluminium-weisse-luken-270-x-370-mm\/","title":{"rendered":"Eloxierte Aluminium wei\u00dfe Luken 270 x 370 mm"},"content":{"rendered":"<p>Eloxierte Aluminium wei\u00dfe Luken 270 x 370 mm &#8211; <\/p>\n<p>Anodisierte Aluminium-Klappe, die betretbar ist. Extrem widerstandsf\u00e4hig, sto\u00dffest und gut verarbeitet.<\/p>\n","protected":false},"excerpt":{"rendered":"<p>Eloxierte Aluminium wei\u00dfe Luken 270 x 370 mm &#8211; Anodisierte Aluminium-Klappe, die betretbar ist. Extrem widerstandsf\u00e4hig, sto\u00dffest und gut verarbeitet.<\/p>\n","protected":false},"featured_media":5940201,"comment_status":"open","ping_status":"closed","template":"","meta":[],"product_brand":[2860],"product_cat":[1415],"product_tag":[],"class_list":{"0":"post-734285","1":"product","2":"type-product","3":"status-publish","4":"has-post-thumbnail","6":"product_brand-ceredi-de","7":"product_cat-bootsluken","9":"first","10":"outofstock","11":"shipping-taxable","12":"purchasable","13":"product-type-simple"},"_links":{"self":[{"href":"https:\/\/stoic-curie.212-227-153-4.plesk.page\/de\/wp-json\/wp\/v2\/product\/734285","targetHints":{"allow":["GET"]}}],"collection":[{"href":"https:\/\/stoic-curie.212-227-153-4.plesk.page\/de\/wp-json\/wp\/v2\/product"}],"about":[{"href":"https:\/\/stoic-curie.212-227-153-4.plesk.page\/de\/wp-json\/wp\/v2\/types\/product"}],"replies":[{"embeddable":true,"href":"https:\/\/stoic-curie.212-227-153-4.plesk.page\/de\/wp-json\/wp\/v2\/comments?post=734285"}],"version-history":[{"count":0,"href":"https:\/\/stoic-curie.212-227-153-4.plesk.page\/de\/wp-json\/wp\/v2\/product\/734285\/revisions"}],"wp:featuredmedia":[{"embeddable":true,"href":"https:\/\/stoic-curie.212-227-153-4.plesk.page\/de\/wp-json\/wp\/v2\/media\/5940201"}],"wp:attachment":[{"href":"https:\/\/stoic-curie.212-227-153-4.plesk.page\/de\/wp-json\/wp\/v2\/media?parent=734285"}],"wp:term":[{"taxonomy":"product_brand","embeddable":true,"href":"https:\/\/stoic-curie.212-227-153-4.plesk.page\/de\/wp-json\/wp\/v2\/product_brand?post=734285"},{"taxonomy":"product_cat","embeddable":true,"href":"https:\/\/stoic-curie.212-227-153-4.plesk.page\/de\/wp-json\/wp\/v2\/product_cat?post=734285"},{"taxonomy":"product_tag","embeddable":true,"href":"https:\/\/stoic-curie.212-227-153-4.plesk.page\/de\/wp-json\/wp\/v2\/product_tag?post=734285"}],"curies":[{"name":"wp","href":"https:\/\/api.w.org\/{rel}","templated":true}]}}