{"id":734287,"date":"2025-03-03T16:23:22","date_gmt":"2025-03-03T15:23:22","guid":{"rendered":"https:\/\/stoic-curie.212-227-153-4.plesk.page\/producto\/eloxierte-aluminium-weisse-luken-460-x-510-mm\/"},"modified":"2026-02-24T23:34:52","modified_gmt":"2026-02-24T23:34:52","slug":"eloxierte-aluminium-weisse-luken-460-x-510-mm","status":"publish","type":"product","link":"https:\/\/stoic-curie.212-227-153-4.plesk.page\/de\/product\/eloxierte-aluminium-weisse-luken-460-x-510-mm\/","title":{"rendered":"Eloxierte Aluminium wei\u00dfe Luken 460 x 510 mm"},"content":{"rendered":"<p>Eloxierte Aluminium wei\u00dfe Luken 460 x 510 mm &#8211; <\/p>\n<p style=\"color: rgb(34, 34, 34); font-family: Arial, Helvetica, sans-serif; font-size: small;\">Begehbarer Zugangsschacht aus eloxiertem Aluminium in Wei\u00df<\/p>\n<p style=\"color: rgb(34, 34, 34); font-family: Arial, Helvetica, sans-serif; font-size: small;\">Dieser gro\u00dfe Zugangsschacht wurde f\u00fcr Langlebigkeit und Widerstandsf\u00e4higkeit entwickelt. Er besteht aus robustem, schlagfestem Aluminium und bietet eine wasserdichte Konstruktion sowie ein elegantes Finish. Der Schacht verf\u00fcgt \u00fcber konische Schraubenl\u00f6cher f\u00fcr eine einfache Installation.<\/p>\n<p style=\"color: rgb(34, 34, 34); font-family: Arial, Helvetica, sans-serif; font-size: small;\">Farbe: Wei\u00df<br \/>Materialst\u00e4rke: 6 mm<br \/>Lochdurchmesser: 6,8 mm<\/p>\n<p style=\"color: rgb(34, 34, 34); font-family: Arial, Helvetica, sans-serif; font-size: small;\">Wichtiger Hinweis:<br \/>Galvanische Str\u00f6me k\u00f6nnen Aluminium-Sch\u00e4chte erheblich besch\u00e4digen. Installieren Sie den Schacht immer mit einem Anodenanschluss, um ihn zu sch\u00fctzen. Verwenden Sie w\u00e4hrend der Installation ausschlie\u00dflich Aluminium-Blindnieten, um Korrosion zu vermeiden. Wenn Sie Edelstahlschrauben verwenden m\u00fcssen, achten Sie darauf, die beiliegenden Kunststoff-\u00d6sen zu nutzen.<\/p>\n<p style=\"color: rgb(34, 34, 34); font-family: Arial, Helvetica, sans-serif; font-size: small;\">\u00c4u\u00dfere Abmessungen: 510 x 460 mm<br \/>Innere Abmessungen: 400 x 345 mm<br \/>Farbe: Wei\u00df 9010<br \/>Material: Aluminium<\/p>\n","protected":false},"excerpt":{"rendered":"<p>Eloxierte Aluminium wei\u00dfe Luken 460 x 510 mm &#8211; Begehbarer Zugangsschacht aus eloxiertem Aluminium in Wei\u00df Dieser gro\u00dfe Zugangsschacht wurde<\/p>\n","protected":false},"featured_media":5940204,"comment_status":"open","ping_status":"closed","template":"","meta":[],"product_brand":[2860],"product_cat":[1415],"product_tag":[],"class_list":{"0":"post-734287","1":"product","2":"type-product","3":"status-publish","4":"has-post-thumbnail","6":"product_brand-ceredi-de","7":"product_cat-bootsluken","9":"first","10":"instock","11":"shipping-taxable","12":"purchasable","13":"product-type-simple"},"_links":{"self":[{"href":"https:\/\/stoic-curie.212-227-153-4.plesk.page\/de\/wp-json\/wp\/v2\/product\/734287","targetHints":{"allow":["GET"]}}],"collection":[{"href":"https:\/\/stoic-curie.212-227-153-4.plesk.page\/de\/wp-json\/wp\/v2\/product"}],"about":[{"href":"https:\/\/stoic-curie.212-227-153-4.plesk.page\/de\/wp-json\/wp\/v2\/types\/product"}],"replies":[{"embeddable":true,"href":"https:\/\/stoic-curie.212-227-153-4.plesk.page\/de\/wp-json\/wp\/v2\/comments?post=734287"}],"version-history":[{"count":0,"href":"https:\/\/stoic-curie.212-227-153-4.plesk.page\/de\/wp-json\/wp\/v2\/product\/734287\/revisions"}],"wp:featuredmedia":[{"embeddable":true,"href":"https:\/\/stoic-curie.212-227-153-4.plesk.page\/de\/wp-json\/wp\/v2\/media\/5940204"}],"wp:attachment":[{"href":"https:\/\/stoic-curie.212-227-153-4.plesk.page\/de\/wp-json\/wp\/v2\/media?parent=734287"}],"wp:term":[{"taxonomy":"product_brand","embeddable":true,"href":"https:\/\/stoic-curie.212-227-153-4.plesk.page\/de\/wp-json\/wp\/v2\/product_brand?post=734287"},{"taxonomy":"product_cat","embeddable":true,"href":"https:\/\/stoic-curie.212-227-153-4.plesk.page\/de\/wp-json\/wp\/v2\/product_cat?post=734287"},{"taxonomy":"product_tag","embeddable":true,"href":"https:\/\/stoic-curie.212-227-153-4.plesk.page\/de\/wp-json\/wp\/v2\/product_tag?post=734287"}],"curies":[{"name":"wp","href":"https:\/\/api.w.org\/{rel}","templated":true}]}}