{"id":734291,"date":"2025-03-03T16:23:23","date_gmt":"2025-03-03T15:23:23","guid":{"rendered":"https:\/\/stoic-curie.212-227-153-4.plesk.page\/producto\/eltex-treibstofftanks-28-l-450-x-390-x-h200mm\/"},"modified":"2026-02-24T23:34:53","modified_gmt":"2026-02-24T23:34:53","slug":"eltex-treibstofftanks-28-l-450-x-390-x-h200mm","status":"publish","type":"product","link":"https:\/\/stoic-curie.212-227-153-4.plesk.page\/de\/product\/eltex-treibstofftanks-28-l-450-x-390-x-h200mm\/","title":{"rendered":"Eltex-Treibstofftanks 28 l, 450 x 390 x H200mm"},"content":{"rendered":"<p>Eltex-Treibstofftanks 28 l, 450 x 390 x H200mm &#8211; <\/p>\n<p>Eltex Kraftstofftanks mit Inspektionsfenster, 17-19 mm verzweigte Entl\u00fcftung, 12 mm Kraftstofftauchrohr und Gewindeverschluss. Muss mit 38\/50\/60 mm Zulauf vervollst\u00e4ndigt werden. CE-ISO 21487 zertifiziert. H\u00f6he der Fensterbefestigungen betr\u00e4gt 85 mm.<\/p>\n","protected":false},"excerpt":{"rendered":"<p>Eltex-Treibstofftanks 28 l, 450 x 390 x H200mm &#8211; Eltex Kraftstofftanks mit Inspektionsfenster, 17-19 mm verzweigte Entl\u00fcftung, 12 mm Kraftstofftauchrohr<\/p>\n","protected":false},"featured_media":5940222,"comment_status":"open","ping_status":"closed","template":"","meta":[],"product_brand":[2855],"product_cat":[1513,1540],"product_tag":[],"class_list":{"0":"post-734291","1":"product","2":"type-product","3":"status-publish","4":"has-post-thumbnail","6":"product_brand-can-marine-de","7":"product_cat-kraftstofftanks","8":"product_cat-zubehoer-fuer-aussenborder","10":"first","11":"instock","12":"shipping-taxable","13":"purchasable","14":"product-type-simple"},"_links":{"self":[{"href":"https:\/\/stoic-curie.212-227-153-4.plesk.page\/de\/wp-json\/wp\/v2\/product\/734291","targetHints":{"allow":["GET"]}}],"collection":[{"href":"https:\/\/stoic-curie.212-227-153-4.plesk.page\/de\/wp-json\/wp\/v2\/product"}],"about":[{"href":"https:\/\/stoic-curie.212-227-153-4.plesk.page\/de\/wp-json\/wp\/v2\/types\/product"}],"replies":[{"embeddable":true,"href":"https:\/\/stoic-curie.212-227-153-4.plesk.page\/de\/wp-json\/wp\/v2\/comments?post=734291"}],"version-history":[{"count":0,"href":"https:\/\/stoic-curie.212-227-153-4.plesk.page\/de\/wp-json\/wp\/v2\/product\/734291\/revisions"}],"wp:featuredmedia":[{"embeddable":true,"href":"https:\/\/stoic-curie.212-227-153-4.plesk.page\/de\/wp-json\/wp\/v2\/media\/5940222"}],"wp:attachment":[{"href":"https:\/\/stoic-curie.212-227-153-4.plesk.page\/de\/wp-json\/wp\/v2\/media?parent=734291"}],"wp:term":[{"taxonomy":"product_brand","embeddable":true,"href":"https:\/\/stoic-curie.212-227-153-4.plesk.page\/de\/wp-json\/wp\/v2\/product_brand?post=734291"},{"taxonomy":"product_cat","embeddable":true,"href":"https:\/\/stoic-curie.212-227-153-4.plesk.page\/de\/wp-json\/wp\/v2\/product_cat?post=734291"},{"taxonomy":"product_tag","embeddable":true,"href":"https:\/\/stoic-curie.212-227-153-4.plesk.page\/de\/wp-json\/wp\/v2\/product_tag?post=734291"}],"curies":[{"name":"wp","href":"https:\/\/api.w.org\/{rel}","templated":true}]}}