{"id":734310,"date":"2025-03-03T16:23:26","date_gmt":"2025-03-03T15:23:26","guid":{"rendered":"https:\/\/stoic-curie.212-227-153-4.plesk.page\/producto\/kraftstoffelektroventil-magnetventil-9300-12v\/"},"modified":"2026-02-24T23:34:53","modified_gmt":"2026-02-24T23:34:53","slug":"kraftstoffelektroventil-magnetventil-9300-12v","status":"publish","type":"product","link":"https:\/\/stoic-curie.212-227-153-4.plesk.page\/de\/product\/kraftstoffelektroventil-magnetventil-9300-12v\/","title":{"rendered":"Kraftstoffelektroventil Magnetventil 9300 12V"},"content":{"rendered":"<p>Kraftstoffelektroventil Magnetventil 9300 12V &#8211; <\/p>\n<p>Kraftstoffabsperrventil mit elektrisch gesteuertem Ventil, manuellem Sicherheitsverschluss und Gewindeanschl\u00fcssen, die mit Fittings vervollst\u00e4ndigt werden m\u00fcssen.<\/p>\n","protected":false},"excerpt":{"rendered":"<p>Kraftstoffelektroventil Magnetventil 9300 12V &#8211; Kraftstoffabsperrventil mit elektrisch gesteuertem Ventil, manuellem Sicherheitsverschluss und Gewindeanschl\u00fcssen, die mit Fittings vervollst\u00e4ndigt werden m\u00fcssen.<\/p>\n","protected":false},"featured_media":5940267,"comment_status":"open","ping_status":"closed","template":"","meta":[],"product_brand":[3140],"product_cat":[1513,1500],"product_tag":[],"class_list":{"0":"post-734310","1":"product","2":"type-product","3":"status-publish","4":"has-post-thumbnail","6":"product_brand-matromarine-de","7":"product_cat-kraftstofftanks","8":"product_cat-pumpen-fuer-oel-und-kraftstoff","10":"first","11":"instock","12":"shipping-taxable","13":"purchasable","14":"product-type-simple"},"_links":{"self":[{"href":"https:\/\/stoic-curie.212-227-153-4.plesk.page\/de\/wp-json\/wp\/v2\/product\/734310","targetHints":{"allow":["GET"]}}],"collection":[{"href":"https:\/\/stoic-curie.212-227-153-4.plesk.page\/de\/wp-json\/wp\/v2\/product"}],"about":[{"href":"https:\/\/stoic-curie.212-227-153-4.plesk.page\/de\/wp-json\/wp\/v2\/types\/product"}],"replies":[{"embeddable":true,"href":"https:\/\/stoic-curie.212-227-153-4.plesk.page\/de\/wp-json\/wp\/v2\/comments?post=734310"}],"version-history":[{"count":0,"href":"https:\/\/stoic-curie.212-227-153-4.plesk.page\/de\/wp-json\/wp\/v2\/product\/734310\/revisions"}],"wp:featuredmedia":[{"embeddable":true,"href":"https:\/\/stoic-curie.212-227-153-4.plesk.page\/de\/wp-json\/wp\/v2\/media\/5940267"}],"wp:attachment":[{"href":"https:\/\/stoic-curie.212-227-153-4.plesk.page\/de\/wp-json\/wp\/v2\/media?parent=734310"}],"wp:term":[{"taxonomy":"product_brand","embeddable":true,"href":"https:\/\/stoic-curie.212-227-153-4.plesk.page\/de\/wp-json\/wp\/v2\/product_brand?post=734310"},{"taxonomy":"product_cat","embeddable":true,"href":"https:\/\/stoic-curie.212-227-153-4.plesk.page\/de\/wp-json\/wp\/v2\/product_cat?post=734310"},{"taxonomy":"product_tag","embeddable":true,"href":"https:\/\/stoic-curie.212-227-153-4.plesk.page\/de\/wp-json\/wp\/v2\/product_tag?post=734310"}],"curies":[{"name":"wp","href":"https:\/\/api.w.org\/{rel}","templated":true}]}}