{"id":734314,"date":"2025-03-03T16:23:27","date_gmt":"2025-03-03T15:23:27","guid":{"rendered":"https:\/\/stoic-curie.212-227-153-4.plesk.page\/producto\/verchromter-messing-treibstoffeinfuellstutzen-50mm\/"},"modified":"2026-02-24T23:34:53","modified_gmt":"2026-02-24T23:34:53","slug":"verchromter-messing-treibstoffeinfuellstutzen-50mm","status":"publish","type":"product","link":"https:\/\/stoic-curie.212-227-153-4.plesk.page\/de\/product\/verchromter-messing-treibstoffeinfuellstutzen-50mm\/","title":{"rendered":"Verchromter Messing-Treibstoffeinf\u00fcllstutzen 50mm"},"content":{"rendered":"<p>Verchromter Messing-Treibstoffeinf\u00fcllstutzen 50mm &#8211; <\/p>\n<p>Verchromte Messing flush-in \u00d6ffnungen f\u00fcr Decksbef\u00fcllungen.<\/p>\n","protected":false},"excerpt":{"rendered":"<p>Verchromter Messing-Treibstoffeinf\u00fcllstutzen 50mm &#8211; Verchromte Messing flush-in \u00d6ffnungen f\u00fcr Decksbef\u00fcllungen.<\/p>\n","protected":false},"featured_media":2955762,"comment_status":"open","ping_status":"closed","template":"","meta":[],"product_brand":[2175,2945],"product_cat":[1514],"product_tag":[],"class_list":{"0":"post-734314","1":"product","2":"type-product","3":"status-publish","4":"has-post-thumbnail","6":"product_brand-foresti-suardi","7":"product_brand-foresti-suardi-de","8":"product_cat-kraftstoffeinfueller","10":"first","11":"instock","12":"shipping-taxable","13":"purchasable","14":"product-type-simple"},"_links":{"self":[{"href":"https:\/\/stoic-curie.212-227-153-4.plesk.page\/de\/wp-json\/wp\/v2\/product\/734314","targetHints":{"allow":["GET"]}}],"collection":[{"href":"https:\/\/stoic-curie.212-227-153-4.plesk.page\/de\/wp-json\/wp\/v2\/product"}],"about":[{"href":"https:\/\/stoic-curie.212-227-153-4.plesk.page\/de\/wp-json\/wp\/v2\/types\/product"}],"replies":[{"embeddable":true,"href":"https:\/\/stoic-curie.212-227-153-4.plesk.page\/de\/wp-json\/wp\/v2\/comments?post=734314"}],"version-history":[{"count":0,"href":"https:\/\/stoic-curie.212-227-153-4.plesk.page\/de\/wp-json\/wp\/v2\/product\/734314\/revisions"}],"wp:featuredmedia":[{"embeddable":true,"href":"https:\/\/stoic-curie.212-227-153-4.plesk.page\/de\/wp-json\/"}],"wp:attachment":[{"href":"https:\/\/stoic-curie.212-227-153-4.plesk.page\/de\/wp-json\/wp\/v2\/media?parent=734314"}],"wp:term":[{"taxonomy":"product_brand","embeddable":true,"href":"https:\/\/stoic-curie.212-227-153-4.plesk.page\/de\/wp-json\/wp\/v2\/product_brand?post=734314"},{"taxonomy":"product_cat","embeddable":true,"href":"https:\/\/stoic-curie.212-227-153-4.plesk.page\/de\/wp-json\/wp\/v2\/product_cat?post=734314"},{"taxonomy":"product_tag","embeddable":true,"href":"https:\/\/stoic-curie.212-227-153-4.plesk.page\/de\/wp-json\/wp\/v2\/product_tag?post=734314"}],"curies":[{"name":"wp","href":"https:\/\/api.w.org\/{rel}","templated":true}]}}