{"id":734337,"date":"2025-03-03T16:23:32","date_gmt":"2025-03-03T15:23:32","guid":{"rendered":"https:\/\/stoic-curie.212-227-153-4.plesk.page\/producto\/weisser-morsesteuerhebel-ultraflex-b47\/"},"modified":"2026-02-24T23:34:53","modified_gmt":"2026-02-24T23:34:53","slug":"weisser-morsesteuerhebel-ultraflex-b47","status":"publish","type":"product","link":"https:\/\/stoic-curie.212-227-153-4.plesk.page\/de\/product\/weisser-morsesteuerhebel-ultraflex-b47\/","title":{"rendered":"Wei\u00dfer Morsesteuerhebel Ultraflex B47"},"content":{"rendered":"<p>Wei\u00dfer Morsesteuerhebel Ultraflex B47 &#8211; <\/p>\n<p>Seitenmontage Zweilever-Einzelfunktionssteuerung f\u00fcr Gas- oder Schaltsteuerung f\u00fcr Au\u00dfenbordmotoren. Verwendet C2 \/ C8 \/ C7 \/ MACHZero Kabel mit K25 Anschlusskit, C14 Kabel mit K23 Anschlusskit und C5 Kabel ohne Anschlusskit.<\/p>\n","protected":false},"excerpt":{"rendered":"<p>Wei\u00dfer Morsesteuerhebel Ultraflex B47 &#8211; Seitenmontage Zweilever-Einzelfunktionssteuerung f\u00fcr Gas- oder Schaltsteuerung f\u00fcr Au\u00dfenbordmotoren. Verwendet C2 \/ C8 \/ C7 \/<\/p>\n","protected":false},"featured_media":5940318,"comment_status":"open","ping_status":"closed","template":"","meta":[],"product_brand":[3500],"product_cat":[1504],"product_tag":[],"class_list":{"0":"post-734337","1":"product","2":"type-product","3":"status-publish","4":"has-post-thumbnail","6":"product_brand-ultraflex-uflex-de","7":"product_cat-morse-hebelsteuerungen","9":"first","10":"instock","11":"shipping-taxable","12":"purchasable","13":"product-type-simple"},"_links":{"self":[{"href":"https:\/\/stoic-curie.212-227-153-4.plesk.page\/de\/wp-json\/wp\/v2\/product\/734337","targetHints":{"allow":["GET"]}}],"collection":[{"href":"https:\/\/stoic-curie.212-227-153-4.plesk.page\/de\/wp-json\/wp\/v2\/product"}],"about":[{"href":"https:\/\/stoic-curie.212-227-153-4.plesk.page\/de\/wp-json\/wp\/v2\/types\/product"}],"replies":[{"embeddable":true,"href":"https:\/\/stoic-curie.212-227-153-4.plesk.page\/de\/wp-json\/wp\/v2\/comments?post=734337"}],"version-history":[{"count":0,"href":"https:\/\/stoic-curie.212-227-153-4.plesk.page\/de\/wp-json\/wp\/v2\/product\/734337\/revisions"}],"wp:featuredmedia":[{"embeddable":true,"href":"https:\/\/stoic-curie.212-227-153-4.plesk.page\/de\/wp-json\/wp\/v2\/media\/5940318"}],"wp:attachment":[{"href":"https:\/\/stoic-curie.212-227-153-4.plesk.page\/de\/wp-json\/wp\/v2\/media?parent=734337"}],"wp:term":[{"taxonomy":"product_brand","embeddable":true,"href":"https:\/\/stoic-curie.212-227-153-4.plesk.page\/de\/wp-json\/wp\/v2\/product_brand?post=734337"},{"taxonomy":"product_cat","embeddable":true,"href":"https:\/\/stoic-curie.212-227-153-4.plesk.page\/de\/wp-json\/wp\/v2\/product_cat?post=734337"},{"taxonomy":"product_tag","embeddable":true,"href":"https:\/\/stoic-curie.212-227-153-4.plesk.page\/de\/wp-json\/wp\/v2\/product_tag?post=734337"}],"curies":[{"name":"wp","href":"https:\/\/api.w.org\/{rel}","templated":true}]}}