{"id":734339,"date":"2025-03-03T16:23:33","date_gmt":"2025-03-03T15:23:33","guid":{"rendered":"https:\/\/stoic-curie.212-227-153-4.plesk.page\/producto\/morsehebel-ultraflex-b184\/"},"modified":"2026-02-24T23:34:53","modified_gmt":"2026-02-24T23:34:53","slug":"morsehebel-ultraflex-b184","status":"publish","type":"product","link":"https:\/\/stoic-curie.212-227-153-4.plesk.page\/de\/product\/morsehebel-ultraflex-b184\/","title":{"rendered":"Morsehebel Ultraflex B184"},"content":{"rendered":"<p>Morsehebel Ultraflex B184 &#8211; <\/p>\n<p>Doppelte Steuerung \u00fcber eine seitlich montierte Einzelhebelsteuerung f\u00fcr Gas und Getriebe f\u00fcr Innenbord-, Au\u00dfenbord- und Heckantriebs-Motoren. Verwendet C2 \/ C8 \/ C33 \/ MACHZero Steuerkabel. C5-Kabel kann mit dem K35-Kit (4620035) verbunden werden. Mit dem optionalen Sicherheitsschalter X12 (4620112) kann der Motor nur bei disengagierter Getriebe gestartet werden. Ausgestattet mit einer positiven Verriegelung in Neutralstellung, um versehentliche Gangwechsel zu verhindern.<\/p>\n","protected":false},"excerpt":{"rendered":"<p>Morsehebel Ultraflex B184 &#8211; Doppelte Steuerung \u00fcber eine seitlich montierte Einzelhebelsteuerung f\u00fcr Gas und Getriebe f\u00fcr Innenbord-, Au\u00dfenbord- und Heckantriebs-Motoren.<\/p>\n","protected":false},"featured_media":5940321,"comment_status":"open","ping_status":"closed","template":"","meta":[],"product_brand":[3500],"product_cat":[1504],"product_tag":[],"class_list":{"0":"post-734339","1":"product","2":"type-product","3":"status-publish","4":"has-post-thumbnail","6":"product_brand-ultraflex-uflex-de","7":"product_cat-morse-hebelsteuerungen","9":"first","10":"instock","11":"shipping-taxable","12":"purchasable","13":"product-type-simple"},"_links":{"self":[{"href":"https:\/\/stoic-curie.212-227-153-4.plesk.page\/de\/wp-json\/wp\/v2\/product\/734339","targetHints":{"allow":["GET"]}}],"collection":[{"href":"https:\/\/stoic-curie.212-227-153-4.plesk.page\/de\/wp-json\/wp\/v2\/product"}],"about":[{"href":"https:\/\/stoic-curie.212-227-153-4.plesk.page\/de\/wp-json\/wp\/v2\/types\/product"}],"replies":[{"embeddable":true,"href":"https:\/\/stoic-curie.212-227-153-4.plesk.page\/de\/wp-json\/wp\/v2\/comments?post=734339"}],"version-history":[{"count":0,"href":"https:\/\/stoic-curie.212-227-153-4.plesk.page\/de\/wp-json\/wp\/v2\/product\/734339\/revisions"}],"wp:featuredmedia":[{"embeddable":true,"href":"https:\/\/stoic-curie.212-227-153-4.plesk.page\/de\/wp-json\/wp\/v2\/media\/5940321"}],"wp:attachment":[{"href":"https:\/\/stoic-curie.212-227-153-4.plesk.page\/de\/wp-json\/wp\/v2\/media?parent=734339"}],"wp:term":[{"taxonomy":"product_brand","embeddable":true,"href":"https:\/\/stoic-curie.212-227-153-4.plesk.page\/de\/wp-json\/wp\/v2\/product_brand?post=734339"},{"taxonomy":"product_cat","embeddable":true,"href":"https:\/\/stoic-curie.212-227-153-4.plesk.page\/de\/wp-json\/wp\/v2\/product_cat?post=734339"},{"taxonomy":"product_tag","embeddable":true,"href":"https:\/\/stoic-curie.212-227-153-4.plesk.page\/de\/wp-json\/wp\/v2\/product_tag?post=734339"}],"curies":[{"name":"wp","href":"https:\/\/api.w.org\/{rel}","templated":true}]}}