{"id":734340,"date":"2025-03-03T16:23:33","date_gmt":"2025-03-03T15:23:33","guid":{"rendered":"https:\/\/stoic-curie.212-227-153-4.plesk.page\/producto\/morsehebel-ultraflex-b85\/"},"modified":"2026-02-24T23:34:53","modified_gmt":"2026-02-24T23:34:53","slug":"morsehebel-ultraflex-b85","status":"publish","type":"product","link":"https:\/\/stoic-curie.212-227-153-4.plesk.page\/de\/product\/morsehebel-ultraflex-b85\/","title":{"rendered":"Morsehebel Ultraflex B85"},"content":{"rendered":"<p>Morsehebel Ultraflex B85 &#8211; <\/p>\n<p>Doppelaktion Seitenmontage Einhebelsteuerung f\u00fcr Gas und Schaltung f\u00fcr Innenbordmotoren. Perfekt f\u00fcr Segelboote dank des sanften Hebels. Verwendet C2 \/ C8 \/ C33 \/ MACHZero Steuerkabel. Mit dem optionalen Sicherheitsschalter X12 (4620112) kann der Motor nur bei disengagtem Getriebe gestartet werden. Mit einer positiven Neutralverriegelung ausgestattet, um ein versehentliches Einlegen des Gangs zu verhindern.<\/p>\n","protected":false},"excerpt":{"rendered":"<p>Morsehebel Ultraflex B85 &#8211; Doppelaktion Seitenmontage Einhebelsteuerung f\u00fcr Gas und Schaltung f\u00fcr Innenbordmotoren. Perfekt f\u00fcr Segelboote dank des sanften Hebels.<\/p>\n","protected":false},"featured_media":5940323,"comment_status":"open","ping_status":"closed","template":"","meta":[],"product_brand":[3500],"product_cat":[1504],"product_tag":[],"class_list":{"0":"post-734340","1":"product","2":"type-product","3":"status-publish","4":"has-post-thumbnail","6":"product_brand-ultraflex-uflex-de","7":"product_cat-morse-hebelsteuerungen","9":"first","10":"instock","11":"shipping-taxable","12":"purchasable","13":"product-type-simple"},"_links":{"self":[{"href":"https:\/\/stoic-curie.212-227-153-4.plesk.page\/de\/wp-json\/wp\/v2\/product\/734340","targetHints":{"allow":["GET"]}}],"collection":[{"href":"https:\/\/stoic-curie.212-227-153-4.plesk.page\/de\/wp-json\/wp\/v2\/product"}],"about":[{"href":"https:\/\/stoic-curie.212-227-153-4.plesk.page\/de\/wp-json\/wp\/v2\/types\/product"}],"replies":[{"embeddable":true,"href":"https:\/\/stoic-curie.212-227-153-4.plesk.page\/de\/wp-json\/wp\/v2\/comments?post=734340"}],"version-history":[{"count":0,"href":"https:\/\/stoic-curie.212-227-153-4.plesk.page\/de\/wp-json\/wp\/v2\/product\/734340\/revisions"}],"wp:featuredmedia":[{"embeddable":true,"href":"https:\/\/stoic-curie.212-227-153-4.plesk.page\/de\/wp-json\/wp\/v2\/media\/5940323"}],"wp:attachment":[{"href":"https:\/\/stoic-curie.212-227-153-4.plesk.page\/de\/wp-json\/wp\/v2\/media?parent=734340"}],"wp:term":[{"taxonomy":"product_brand","embeddable":true,"href":"https:\/\/stoic-curie.212-227-153-4.plesk.page\/de\/wp-json\/wp\/v2\/product_brand?post=734340"},{"taxonomy":"product_cat","embeddable":true,"href":"https:\/\/stoic-curie.212-227-153-4.plesk.page\/de\/wp-json\/wp\/v2\/product_cat?post=734340"},{"taxonomy":"product_tag","embeddable":true,"href":"https:\/\/stoic-curie.212-227-153-4.plesk.page\/de\/wp-json\/wp\/v2\/product_tag?post=734340"}],"curies":[{"name":"wp","href":"https:\/\/api.w.org\/{rel}","templated":true}]}}