{"id":734348,"date":"2025-03-03T16:23:36","date_gmt":"2025-03-03T15:23:36","guid":{"rendered":"https:\/\/stoic-curie.212-227-153-4.plesk.page\/producto\/lenkgetriebe-ultraflex-t85-weiss\/"},"modified":"2026-02-24T23:34:53","modified_gmt":"2026-02-24T23:34:53","slug":"lenkgetriebe-ultraflex-t85-weiss","status":"publish","type":"product","link":"https:\/\/stoic-curie.212-227-153-4.plesk.page\/de\/product\/lenkgetriebe-ultraflex-t85-weiss\/","title":{"rendered":"Lenkgetriebe Ultraflex T85 Wei\u00df"},"content":{"rendered":"<p>Lenkgetriebe Ultraflex T85 Wei\u00df &#8211; <\/p>\n<p>T85 Rotationslenkrad f\u00fcr Boote mit Au\u00dfenbord-, Innenbord- und Z-Antriebsmotoren bis 110 KW (150 PS). Komplett mit Radkappe. 3 Volldrehungen des Lenkrads. Wird erg\u00e4nzt durch M66 oder M90 Mach Steuerkabel.<\/p>\n","protected":false},"excerpt":{"rendered":"<p>Lenkgetriebe Ultraflex T85 Wei\u00df &#8211; T85 Rotationslenkrad f\u00fcr Boote mit Au\u00dfenbord-, Innenbord- und Z-Antriebsmotoren bis 110 KW (150 PS). Komplett<\/p>\n","protected":false},"featured_media":5940339,"comment_status":"open","ping_status":"closed","template":"","meta":[],"product_brand":[3500],"product_cat":[1541],"product_tag":[],"class_list":{"0":"post-734348","1":"product","2":"type-product","3":"status-publish","4":"has-post-thumbnail","6":"product_brand-ultraflex-uflex-de","7":"product_cat-kabelsteuerung","9":"first","10":"instock","11":"shipping-taxable","12":"purchasable","13":"product-type-simple"},"_links":{"self":[{"href":"https:\/\/stoic-curie.212-227-153-4.plesk.page\/de\/wp-json\/wp\/v2\/product\/734348","targetHints":{"allow":["GET"]}}],"collection":[{"href":"https:\/\/stoic-curie.212-227-153-4.plesk.page\/de\/wp-json\/wp\/v2\/product"}],"about":[{"href":"https:\/\/stoic-curie.212-227-153-4.plesk.page\/de\/wp-json\/wp\/v2\/types\/product"}],"replies":[{"embeddable":true,"href":"https:\/\/stoic-curie.212-227-153-4.plesk.page\/de\/wp-json\/wp\/v2\/comments?post=734348"}],"version-history":[{"count":0,"href":"https:\/\/stoic-curie.212-227-153-4.plesk.page\/de\/wp-json\/wp\/v2\/product\/734348\/revisions"}],"wp:featuredmedia":[{"embeddable":true,"href":"https:\/\/stoic-curie.212-227-153-4.plesk.page\/de\/wp-json\/wp\/v2\/media\/5940339"}],"wp:attachment":[{"href":"https:\/\/stoic-curie.212-227-153-4.plesk.page\/de\/wp-json\/wp\/v2\/media?parent=734348"}],"wp:term":[{"taxonomy":"product_brand","embeddable":true,"href":"https:\/\/stoic-curie.212-227-153-4.plesk.page\/de\/wp-json\/wp\/v2\/product_brand?post=734348"},{"taxonomy":"product_cat","embeddable":true,"href":"https:\/\/stoic-curie.212-227-153-4.plesk.page\/de\/wp-json\/wp\/v2\/product_cat?post=734348"},{"taxonomy":"product_tag","embeddable":true,"href":"https:\/\/stoic-curie.212-227-153-4.plesk.page\/de\/wp-json\/wp\/v2\/product_tag?post=734348"}],"curies":[{"name":"wp","href":"https:\/\/api.w.org\/{rel}","templated":true}]}}