{"id":734371,"date":"2025-03-03T16:23:41","date_gmt":"2025-03-03T15:23:41","guid":{"rendered":"https:\/\/stoic-curie.212-227-153-4.plesk.page\/producto\/2-hydraulikschlaeuche-kit-35-mt-fuer-nautech-1-lenksysteme\/"},"modified":"2026-02-24T23:34:53","modified_gmt":"2026-02-24T23:34:53","slug":"2-hydraulikschlaeuche-kit-35-mt-fuer-nautech-1-lenksysteme","status":"publish","type":"product","link":"https:\/\/stoic-curie.212-227-153-4.plesk.page\/de\/product\/2-hydraulikschlaeuche-kit-35-mt-fuer-nautech-1-lenksysteme\/","title":{"rendered":"2 Hydraulikschl\u00e4uche Kit 3,5 mt f\u00fcr Nautech 1 Lenksysteme"},"content":{"rendered":"<p>2 Hydraulikschl\u00e4uche Kit 3,5 mt f\u00fcr Nautech 1 Lenksysteme &#8211; <\/p>\n<p>Nautech1 Steuersystem-Kit f\u00fcr Au\u00dfenbordmotoren: Mercury 2 und 4T von 100 bis 300 PS &#8211; Yamaha 4T von F70 bis F150 und von F200 bis F300 &#8211; Honda 4T 75\/90\/115A und von 135 bis 250 PS &#8211; Suzuki 4T von 100 bis 175 PS &#8211; Tohatsu 4T von 70 bis 115 PS &#8211; Selva 2T von 80 bis 150 und 4T 150 PS &#8211; Johnson 4T von 90 bis 140 PS.<\/p>\n<p>Praktisch und einfach zu installieren, inklusive: 1 UP28F Helm-Pumpe (Cod MTM 4656601), 4,3 Lenkung zugleich Radumdrehungen, 1 UC128-OBF\/1 Zylinder (Cod MTM 4655014) und 2 Liter Ultraflex-Hydraulik\u00f6l. Durchf\u00fchrungen werden verwendet, um die 2 hydraulischen Schl\u00e4uche durch das Heck zu f\u00fchren.<\/p>\n","protected":false},"excerpt":{"rendered":"<p>2 Hydraulikschl\u00e4uche Kit 3,5 mt f\u00fcr Nautech 1 Lenksysteme &#8211; Nautech1 Steuersystem-Kit f\u00fcr Au\u00dfenbordmotoren: Mercury 2 und 4T von 100<\/p>\n","protected":false},"featured_media":5940358,"comment_status":"open","ping_status":"closed","template":"","meta":[],"product_brand":[3500],"product_cat":[1536],"product_tag":[],"class_list":{"0":"post-734371","1":"product","2":"type-product","3":"status-publish","4":"has-post-thumbnail","6":"product_brand-ultraflex-uflex-de","7":"product_cat-hydraulische-lenkung","9":"first","10":"instock","11":"shipping-taxable","12":"purchasable","13":"product-type-simple"},"_links":{"self":[{"href":"https:\/\/stoic-curie.212-227-153-4.plesk.page\/de\/wp-json\/wp\/v2\/product\/734371","targetHints":{"allow":["GET"]}}],"collection":[{"href":"https:\/\/stoic-curie.212-227-153-4.plesk.page\/de\/wp-json\/wp\/v2\/product"}],"about":[{"href":"https:\/\/stoic-curie.212-227-153-4.plesk.page\/de\/wp-json\/wp\/v2\/types\/product"}],"replies":[{"embeddable":true,"href":"https:\/\/stoic-curie.212-227-153-4.plesk.page\/de\/wp-json\/wp\/v2\/comments?post=734371"}],"version-history":[{"count":0,"href":"https:\/\/stoic-curie.212-227-153-4.plesk.page\/de\/wp-json\/wp\/v2\/product\/734371\/revisions"}],"wp:featuredmedia":[{"embeddable":true,"href":"https:\/\/stoic-curie.212-227-153-4.plesk.page\/de\/wp-json\/wp\/v2\/media\/5940358"}],"wp:attachment":[{"href":"https:\/\/stoic-curie.212-227-153-4.plesk.page\/de\/wp-json\/wp\/v2\/media?parent=734371"}],"wp:term":[{"taxonomy":"product_brand","embeddable":true,"href":"https:\/\/stoic-curie.212-227-153-4.plesk.page\/de\/wp-json\/wp\/v2\/product_brand?post=734371"},{"taxonomy":"product_cat","embeddable":true,"href":"https:\/\/stoic-curie.212-227-153-4.plesk.page\/de\/wp-json\/wp\/v2\/product_cat?post=734371"},{"taxonomy":"product_tag","embeddable":true,"href":"https:\/\/stoic-curie.212-227-153-4.plesk.page\/de\/wp-json\/wp\/v2\/product_tag?post=734371"}],"curies":[{"name":"wp","href":"https:\/\/api.w.org\/{rel}","templated":true}]}}