{"id":734374,"date":"2025-03-03T16:23:41","date_gmt":"2025-03-03T15:23:41","guid":{"rendered":"https:\/\/stoic-curie.212-227-153-4.plesk.page\/producto\/edelstahlflansch-fuer-vetus-pumpen-74mm\/"},"modified":"2026-02-24T23:34:53","modified_gmt":"2026-02-24T23:34:53","slug":"edelstahlflansch-fuer-vetus-pumpen-74mm","status":"publish","type":"product","link":"https:\/\/stoic-curie.212-227-153-4.plesk.page\/de\/product\/edelstahlflansch-fuer-vetus-pumpen-74mm\/","title":{"rendered":"Edelstahlflansch f\u00fcr Vetus-Pumpen (74mm)"},"content":{"rendered":"<p>Edelstahlflansch f\u00fcr Vetus-Pumpen (74mm) &#8211; <\/p>\n<p>Ersatzteile und Zubeh\u00f6r f\u00fcr Vetus-Hydrauliksteuerungssysteme. R\u00fcckschlagventile werden auch f\u00fcr Dualstationen verwendet. Die Einlassflansche sind aus Edelstahl und passen zu \u00e4lteren Vetus-Pumpen. Der By-Pass-Hahn ist am Hydrauliksystem montiert, um zum Steuerstand zu gelangen.<\/p>\n","protected":false},"excerpt":{"rendered":"<p>Edelstahlflansch f\u00fcr Vetus-Pumpen (74mm) &#8211; Ersatzteile und Zubeh\u00f6r f\u00fcr Vetus-Hydrauliksteuerungssysteme. R\u00fcckschlagventile werden auch f\u00fcr Dualstationen verwendet. Die Einlassflansche sind aus<\/p>\n","protected":false},"featured_media":5940363,"comment_status":"open","ping_status":"closed","template":"","meta":[],"product_brand":[3520],"product_cat":[1536],"product_tag":[],"class_list":{"0":"post-734374","1":"product","2":"type-product","3":"status-publish","4":"has-post-thumbnail","6":"product_brand-vetus-de","7":"product_cat-hydraulische-lenkung","9":"first","10":"instock","11":"shipping-taxable","12":"purchasable","13":"product-type-simple"},"_links":{"self":[{"href":"https:\/\/stoic-curie.212-227-153-4.plesk.page\/de\/wp-json\/wp\/v2\/product\/734374","targetHints":{"allow":["GET"]}}],"collection":[{"href":"https:\/\/stoic-curie.212-227-153-4.plesk.page\/de\/wp-json\/wp\/v2\/product"}],"about":[{"href":"https:\/\/stoic-curie.212-227-153-4.plesk.page\/de\/wp-json\/wp\/v2\/types\/product"}],"replies":[{"embeddable":true,"href":"https:\/\/stoic-curie.212-227-153-4.plesk.page\/de\/wp-json\/wp\/v2\/comments?post=734374"}],"version-history":[{"count":0,"href":"https:\/\/stoic-curie.212-227-153-4.plesk.page\/de\/wp-json\/wp\/v2\/product\/734374\/revisions"}],"wp:featuredmedia":[{"embeddable":true,"href":"https:\/\/stoic-curie.212-227-153-4.plesk.page\/de\/wp-json\/wp\/v2\/media\/5940363"}],"wp:attachment":[{"href":"https:\/\/stoic-curie.212-227-153-4.plesk.page\/de\/wp-json\/wp\/v2\/media?parent=734374"}],"wp:term":[{"taxonomy":"product_brand","embeddable":true,"href":"https:\/\/stoic-curie.212-227-153-4.plesk.page\/de\/wp-json\/wp\/v2\/product_brand?post=734374"},{"taxonomy":"product_cat","embeddable":true,"href":"https:\/\/stoic-curie.212-227-153-4.plesk.page\/de\/wp-json\/wp\/v2\/product_cat?post=734374"},{"taxonomy":"product_tag","embeddable":true,"href":"https:\/\/stoic-curie.212-227-153-4.plesk.page\/de\/wp-json\/wp\/v2\/product_tag?post=734374"}],"curies":[{"name":"wp","href":"https:\/\/api.w.org\/{rel}","templated":true}]}}