{"id":734376,"date":"2025-03-03T16:23:41","date_gmt":"2025-03-03T15:23:41","guid":{"rendered":"https:\/\/stoic-curie.212-227-153-4.plesk.page\/producto\/bronze-ruder-d11-fuer-boote-von-7-bis-9-metern\/"},"modified":"2026-02-24T23:34:53","modified_gmt":"2026-02-24T23:34:53","slug":"bronze-ruder-d11-fuer-boote-von-7-bis-9-metern","status":"publish","type":"product","link":"https:\/\/stoic-curie.212-227-153-4.plesk.page\/de\/product\/bronze-ruder-d11-fuer-boote-von-7-bis-9-metern\/","title":{"rendered":"Bronzesteuerruder Tor Marine D11 415 x 340 mm"},"content":{"rendered":"<p>Bronzesteuerruder Tor Marine D11 415 x 340 mm &#8211; <\/p>\n<p>Dieses Ruderblatt-Kit, das mit einem Steuerstand geliefert wird, ist f\u00fcr Boote mit einer L\u00e4nge von bis zu 12 Metern ausgelegt. Es ist wichtig zu beachten, dass es zusammen mit einem Ruderkopf (Ruderr\u00f6hre-Housing) verwendet werden muss, um ordnungsgem\u00e4\u00df zu funktionieren.<\/p>\n<p>Das Bronzeblatt ist f\u00fcr Geschwindigkeiten von bis zu 30 Knoten ausgelegt. Das TOR Marine D11 Bronze Ruderblatt-Kit bietet eine zuverl\u00e4ssige und langlebige Steuerungsl\u00f6sung f\u00fcr Schiffe dieser Gr\u00f6\u00dfe. Hergestellt aus hochwertigem Bronze garantiert dieses Kit hervorragende Leistung und Langlebigkeit.<\/p>\n<p>Mit einer Vielzahl von verf\u00fcgbaren Modellen, die verschiedene Gr\u00f6\u00dfen und Konfigurationen von Ruderbl\u00e4ttern bieten, sorgt dieses Steuerungssystem f\u00fcr pr\u00e4zises Handling und reibungslose Bedienung, selbst unter herausfordernden Bedingungen. Das Kit enth\u00e4lt essentielle Teile wie das Ruder-Feder und den Ruder-Baller, die f\u00fcr die effektive und zuverl\u00e4ssige Funktion des Steuersystems Ihres Bootes unerl\u00e4sslich sind.<\/p>\n","protected":false},"excerpt":{"rendered":"<p>Bronzesteuerruder Tor Marine D11 415 x 340 mm &#8211; Dieses Ruderblatt-Kit, das mit einem Steuerstand geliefert wird, ist f\u00fcr Boote<\/p>\n","protected":false},"featured_media":5940369,"comment_status":"open","ping_status":"closed","template":"","meta":[],"product_brand":[2930],"product_cat":[1496],"product_tag":[],"class_list":{"0":"post-734376","1":"product","2":"type-product","3":"status-publish","4":"has-post-thumbnail","6":"product_brand-exalto-marine-de","7":"product_cat-ruder","9":"first","10":"instock","11":"shipping-taxable","12":"purchasable","13":"product-type-simple"},"_links":{"self":[{"href":"https:\/\/stoic-curie.212-227-153-4.plesk.page\/de\/wp-json\/wp\/v2\/product\/734376","targetHints":{"allow":["GET"]}}],"collection":[{"href":"https:\/\/stoic-curie.212-227-153-4.plesk.page\/de\/wp-json\/wp\/v2\/product"}],"about":[{"href":"https:\/\/stoic-curie.212-227-153-4.plesk.page\/de\/wp-json\/wp\/v2\/types\/product"}],"replies":[{"embeddable":true,"href":"https:\/\/stoic-curie.212-227-153-4.plesk.page\/de\/wp-json\/wp\/v2\/comments?post=734376"}],"version-history":[{"count":0,"href":"https:\/\/stoic-curie.212-227-153-4.plesk.page\/de\/wp-json\/wp\/v2\/product\/734376\/revisions"}],"wp:featuredmedia":[{"embeddable":true,"href":"https:\/\/stoic-curie.212-227-153-4.plesk.page\/de\/wp-json\/wp\/v2\/media\/5940369"}],"wp:attachment":[{"href":"https:\/\/stoic-curie.212-227-153-4.plesk.page\/de\/wp-json\/wp\/v2\/media?parent=734376"}],"wp:term":[{"taxonomy":"product_brand","embeddable":true,"href":"https:\/\/stoic-curie.212-227-153-4.plesk.page\/de\/wp-json\/wp\/v2\/product_brand?post=734376"},{"taxonomy":"product_cat","embeddable":true,"href":"https:\/\/stoic-curie.212-227-153-4.plesk.page\/de\/wp-json\/wp\/v2\/product_cat?post=734376"},{"taxonomy":"product_tag","embeddable":true,"href":"https:\/\/stoic-curie.212-227-153-4.plesk.page\/de\/wp-json\/wp\/v2\/product_tag?post=734376"}],"curies":[{"name":"wp","href":"https:\/\/api.w.org\/{rel}","templated":true}]}}