{"id":734378,"date":"2025-03-03T16:23:42","date_gmt":"2025-03-03T15:23:42","guid":{"rendered":"https:\/\/stoic-curie.212-227-153-4.plesk.page\/producto\/bronze-ruderblatt-p11-fuer-boote-von-9-bis-12-metern\/"},"modified":"2026-02-24T23:34:53","modified_gmt":"2026-02-24T23:34:53","slug":"bronze-ruderblatt-p11-fuer-boote-von-9-bis-12-metern","status":"publish","type":"product","link":"https:\/\/stoic-curie.212-227-153-4.plesk.page\/de\/product\/bronze-ruderblatt-p11-fuer-boote-von-9-bis-12-metern\/","title":{"rendered":"Bronze Ruder Tor Marine P11 520 x 260 mm"},"content":{"rendered":"<p>Bronze Ruder Tor Marine P11 520 x 260 mm &#8211; <\/p>\n<p>Dieses umfassende Ruderblatt-Paket enth\u00e4lt einen Steuermann und ist f\u00fcr den Einsatz auf Booten von bis zu 12 Metern L\u00e4nge konzipiert. Es ist wichtig, im Hinterkopf zu behalten, dass f\u00fcr die vollst\u00e4ndige Montage ein Ruderkopf, auch bekannt als Ruderrohrgeh\u00e4use, erforderlich ist. Die Konstruktion aus Bronze sorgt f\u00fcr Langlebigkeit und St\u00e4rke, sodass es Geschwindigkeiten von bis zu 23 Knoten standhalten kann. Dies macht es zu einer ausgezeichneten Wahl f\u00fcr Bootsliebhaber, die Zuverl\u00e4ssigkeit und Qualit\u00e4t in ihrem maritimen Equipment suchen. Stellen Sie sicher, dass Sie alle erforderlichen Komponenten f\u00fcr optimale Funktionalit\u00e4t und Sicherheit auf dem Wasser haben.<\/p>\n","protected":false},"excerpt":{"rendered":"<p>Bronze Ruder Tor Marine P11 520 x 260 mm &#8211; Dieses umfassende Ruderblatt-Paket enth\u00e4lt einen Steuermann und ist f\u00fcr den<\/p>\n","protected":false},"featured_media":5940373,"comment_status":"open","ping_status":"closed","template":"","meta":[],"product_brand":[2930],"product_cat":[1496],"product_tag":[],"class_list":{"0":"post-734378","1":"product","2":"type-product","3":"status-publish","4":"has-post-thumbnail","6":"product_brand-exalto-marine-de","7":"product_cat-ruder","9":"first","10":"outofstock","11":"shipping-taxable","12":"purchasable","13":"product-type-simple"},"_links":{"self":[{"href":"https:\/\/stoic-curie.212-227-153-4.plesk.page\/de\/wp-json\/wp\/v2\/product\/734378","targetHints":{"allow":["GET"]}}],"collection":[{"href":"https:\/\/stoic-curie.212-227-153-4.plesk.page\/de\/wp-json\/wp\/v2\/product"}],"about":[{"href":"https:\/\/stoic-curie.212-227-153-4.plesk.page\/de\/wp-json\/wp\/v2\/types\/product"}],"replies":[{"embeddable":true,"href":"https:\/\/stoic-curie.212-227-153-4.plesk.page\/de\/wp-json\/wp\/v2\/comments?post=734378"}],"version-history":[{"count":0,"href":"https:\/\/stoic-curie.212-227-153-4.plesk.page\/de\/wp-json\/wp\/v2\/product\/734378\/revisions"}],"wp:featuredmedia":[{"embeddable":true,"href":"https:\/\/stoic-curie.212-227-153-4.plesk.page\/de\/wp-json\/wp\/v2\/media\/5940373"}],"wp:attachment":[{"href":"https:\/\/stoic-curie.212-227-153-4.plesk.page\/de\/wp-json\/wp\/v2\/media?parent=734378"}],"wp:term":[{"taxonomy":"product_brand","embeddable":true,"href":"https:\/\/stoic-curie.212-227-153-4.plesk.page\/de\/wp-json\/wp\/v2\/product_brand?post=734378"},{"taxonomy":"product_cat","embeddable":true,"href":"https:\/\/stoic-curie.212-227-153-4.plesk.page\/de\/wp-json\/wp\/v2\/product_cat?post=734378"},{"taxonomy":"product_tag","embeddable":true,"href":"https:\/\/stoic-curie.212-227-153-4.plesk.page\/de\/wp-json\/wp\/v2\/product_tag?post=734378"}],"curies":[{"name":"wp","href":"https:\/\/api.w.org\/{rel}","templated":true}]}}