{"id":734379,"date":"2025-03-03T16:23:42","date_gmt":"2025-03-03T15:23:42","guid":{"rendered":"https:\/\/stoic-curie.212-227-153-4.plesk.page\/producto\/bronze-ruderblatt-p13-fuer-boote-von-9-bis-12-metern\/"},"modified":"2026-02-24T23:34:53","modified_gmt":"2026-02-24T23:34:53","slug":"bronze-ruderblatt-p13-fuer-boote-von-9-bis-12-metern","status":"publish","type":"product","link":"https:\/\/stoic-curie.212-227-153-4.plesk.page\/de\/product\/bronze-ruderblatt-p13-fuer-boote-von-9-bis-12-metern\/","title":{"rendered":"Bronze Rudder Tor Marine P13 570 x 280mm"},"content":{"rendered":"<p>Bronze Rudder Tor Marine P13 570 x 280mm &#8211; <\/p>\n<p>Das Bronze Rudder Tor Marine P13 ist eine au\u00dfergew\u00f6hnliche Wahl f\u00fcr Bootliebhaber mit Abmessungen von 570 x 280 mm. Dieses vollst\u00e4ndig montierte Ruderblatt wird mit einem Steuerruder geliefert und ist somit sofort einsatzbereit. Es wurde speziell entwickelt, um Boote bis zu 15 Meter L\u00e4nge zu accommodate, was eine breite Kompatibilit\u00e4t mit verschiedenen Booten gew\u00e4hrleistet. Es ist jedoch wichtig zu beachten, dass ein Ruderkopf, auch bekannt als Ruderrohr-Geh\u00e4use, f\u00fcr eine vollst\u00e4ndige Montage und optimale Leistung erforderlich ist. Hergestellt aus hochwertigem Bronze, ist dieses Ruderblatt f\u00fcr den Einsatz bei Geschwindigkeiten von bis zu 20 Knoten ausgelegt, was sowohl Langlebigkeit als auch Zuverl\u00e4ssigkeit auf dem Wasser bietet. Dies macht es zu einer hervorragenden Erg\u00e4nzung Ihrer Bootsausr\u00fcstung.<\/p>\n","protected":false},"excerpt":{"rendered":"<p>Bronze Rudder Tor Marine P13 570 x 280mm &#8211; Das Bronze Rudder Tor Marine P13 ist eine au\u00dfergew\u00f6hnliche Wahl f\u00fcr<\/p>\n","protected":false},"featured_media":5940375,"comment_status":"open","ping_status":"closed","template":"","meta":[],"product_brand":[2930],"product_cat":[1496],"product_tag":[],"class_list":{"0":"post-734379","1":"product","2":"type-product","3":"status-publish","4":"has-post-thumbnail","6":"product_brand-exalto-marine-de","7":"product_cat-ruder","9":"first","10":"instock","11":"shipping-taxable","12":"purchasable","13":"product-type-simple"},"_links":{"self":[{"href":"https:\/\/stoic-curie.212-227-153-4.plesk.page\/de\/wp-json\/wp\/v2\/product\/734379","targetHints":{"allow":["GET"]}}],"collection":[{"href":"https:\/\/stoic-curie.212-227-153-4.plesk.page\/de\/wp-json\/wp\/v2\/product"}],"about":[{"href":"https:\/\/stoic-curie.212-227-153-4.plesk.page\/de\/wp-json\/wp\/v2\/types\/product"}],"replies":[{"embeddable":true,"href":"https:\/\/stoic-curie.212-227-153-4.plesk.page\/de\/wp-json\/wp\/v2\/comments?post=734379"}],"version-history":[{"count":0,"href":"https:\/\/stoic-curie.212-227-153-4.plesk.page\/de\/wp-json\/wp\/v2\/product\/734379\/revisions"}],"wp:featuredmedia":[{"embeddable":true,"href":"https:\/\/stoic-curie.212-227-153-4.plesk.page\/de\/wp-json\/wp\/v2\/media\/5940375"}],"wp:attachment":[{"href":"https:\/\/stoic-curie.212-227-153-4.plesk.page\/de\/wp-json\/wp\/v2\/media?parent=734379"}],"wp:term":[{"taxonomy":"product_brand","embeddable":true,"href":"https:\/\/stoic-curie.212-227-153-4.plesk.page\/de\/wp-json\/wp\/v2\/product_brand?post=734379"},{"taxonomy":"product_cat","embeddable":true,"href":"https:\/\/stoic-curie.212-227-153-4.plesk.page\/de\/wp-json\/wp\/v2\/product_cat?post=734379"},{"taxonomy":"product_tag","embeddable":true,"href":"https:\/\/stoic-curie.212-227-153-4.plesk.page\/de\/wp-json\/wp\/v2\/product_tag?post=734379"}],"curies":[{"name":"wp","href":"https:\/\/api.w.org\/{rel}","templated":true}]}}