{"id":734384,"date":"2025-03-03T16:23:43","date_gmt":"2025-03-03T15:23:43","guid":{"rendered":"https:\/\/stoic-curie.212-227-153-4.plesk.page\/producto\/nauticus-sx-smart-automatische-klappen-sx9510-40-4-5-m\/"},"modified":"2026-02-24T23:34:53","modified_gmt":"2026-02-24T23:34:53","slug":"nauticus-sx-smart-automatische-klappen-sx9510-40-4-5-m","status":"publish","type":"product","link":"https:\/\/stoic-curie.212-227-153-4.plesk.page\/de\/product\/nauticus-sx-smart-automatische-klappen-sx9510-40-4-5-m\/","title":{"rendered":"Nauticus SX Smart Automatische Klappen SX9510-40 (4-5 m)"},"content":{"rendered":"<p>Nauticus SX Smart Automatische Klappen SX9510-40 (4-5 m) &#8211; <\/p>\n<p>Korrosionsbest\u00e4ndige, verst\u00e4rkte, thermo-molded Polymer Smart Tabs SX automatische Flaps. Sie stellen automatisch die Wasserlage ein und stabilisieren das Boot dank der progressiven Aktuatorenfeder. Es ist keine Einstellung erforderlich, und keine Steuerbox oder Bedieneranpassung ist notwendig. Schnelle und einfache Installation ohne Durchbr\u00fcche. Sparen Sie Geld durch Kraftstoffeinsparungen. Erh\u00f6hen Sie den Schub und die H\u00f6chstgeschwindigkeit. Erreichen Sie den Gleitflug in der H\u00e4lfte der Zeit. Verringern Sie den Bugheberwinkel. Reduzieren Sie das Auf- und Abtauchen.<\/p>\n","protected":false},"excerpt":{"rendered":"<p>Nauticus SX Smart Automatische Klappen SX9510-40 (4-5 m) &#8211; Korrosionsbest\u00e4ndige, verst\u00e4rkte, thermo-molded Polymer Smart Tabs SX automatische Flaps. Sie stellen<\/p>\n","protected":false},"featured_media":5940383,"comment_status":"open","ping_status":"closed","template":"","meta":[],"product_brand":[3170],"product_cat":[1519],"product_tag":[],"class_list":{"0":"post-734384","1":"product","2":"type-product","3":"status-publish","4":"has-post-thumbnail","6":"product_brand-nauticus-de","7":"product_cat-trimklappen","9":"first","10":"outofstock","11":"shipping-taxable","12":"purchasable","13":"product-type-simple"},"_links":{"self":[{"href":"https:\/\/stoic-curie.212-227-153-4.plesk.page\/de\/wp-json\/wp\/v2\/product\/734384","targetHints":{"allow":["GET"]}}],"collection":[{"href":"https:\/\/stoic-curie.212-227-153-4.plesk.page\/de\/wp-json\/wp\/v2\/product"}],"about":[{"href":"https:\/\/stoic-curie.212-227-153-4.plesk.page\/de\/wp-json\/wp\/v2\/types\/product"}],"replies":[{"embeddable":true,"href":"https:\/\/stoic-curie.212-227-153-4.plesk.page\/de\/wp-json\/wp\/v2\/comments?post=734384"}],"version-history":[{"count":0,"href":"https:\/\/stoic-curie.212-227-153-4.plesk.page\/de\/wp-json\/wp\/v2\/product\/734384\/revisions"}],"wp:featuredmedia":[{"embeddable":true,"href":"https:\/\/stoic-curie.212-227-153-4.plesk.page\/de\/wp-json\/wp\/v2\/media\/5940383"}],"wp:attachment":[{"href":"https:\/\/stoic-curie.212-227-153-4.plesk.page\/de\/wp-json\/wp\/v2\/media?parent=734384"}],"wp:term":[{"taxonomy":"product_brand","embeddable":true,"href":"https:\/\/stoic-curie.212-227-153-4.plesk.page\/de\/wp-json\/wp\/v2\/product_brand?post=734384"},{"taxonomy":"product_cat","embeddable":true,"href":"https:\/\/stoic-curie.212-227-153-4.plesk.page\/de\/wp-json\/wp\/v2\/product_cat?post=734384"},{"taxonomy":"product_tag","embeddable":true,"href":"https:\/\/stoic-curie.212-227-153-4.plesk.page\/de\/wp-json\/wp\/v2\/product_tag?post=734384"}],"curies":[{"name":"wp","href":"https:\/\/api.w.org\/{rel}","templated":true}]}}