{"id":734396,"date":"2025-03-03T16:23:45","date_gmt":"2025-03-03T15:23:45","guid":{"rendered":"https:\/\/stoic-curie.212-227-153-4.plesk.page\/producto\/touchpanel-quick-tcd-1022\/"},"modified":"2026-02-24T23:34:53","modified_gmt":"2026-02-24T23:34:53","slug":"touchpanel-quick-tcd-1022","status":"publish","type":"product","link":"https:\/\/stoic-curie.212-227-153-4.plesk.page\/de\/product\/touchpanel-quick-tcd-1022\/","title":{"rendered":"Touchpanel Quick TCD 2022"},"content":{"rendered":"<p>Touchpanel Quick TCD 2022 &#8211; <\/p>\n<p style=\"color: rgb(34, 34, 34); font-family: Arial, Helvetica, sans-serif; font-size: small;\">Das TCD-Serie-Fernbedienungssystem ist speziell f\u00fcr den Betrieb der Heck- und Bugstrahlruder von Quick\u00ae entwickelt worden. Diese Bedienelemente verf\u00fcgen entweder \u00fcber Drucktasten oder Joysticks zur Steuerung der Bugstrahlpropeller.<\/p>\n<p style=\"color: rgb(34, 34, 34); font-family: Arial, Helvetica, sans-serif; font-size: small;\">Hauptmerkmale umfassen:<\/p>\n<ul style=\"color: rgb(34, 34, 34); font-family: Arial, Helvetica, sans-serif; font-size: small;\">\n<li>Eine einfache und intuitive Benutzeroberfl\u00e4che.<\/li>\n<li>Ein universelles Netzteil, das mit 8-30 Vdc betrieben wird.<\/li>\n<li>Die M\u00f6glichkeit, mehrere TCD-Steuerungen parallel zu verbinden.<\/li>\n<li>Einfache Installation mit einem 2-Draht-Anschluss (optionale Erweiterungen verf\u00fcgbar).<\/li>\n<li>Ein automatisches Priorit\u00e4tssystem und Deaktivierungsfunktion.<\/li>\n<li>Schutz gegen falsche Polarit\u00e4t, Kurzschl\u00fcsse, l\u00e4ngere Motoraktivit\u00e4t und Unterbrechungen in der Verdrahtung der Steuerung.<\/li>\n<\/ul>\n<p style=\"color: rgb(34, 34, 34); font-family: Arial, Helvetica, sans-serif; font-size: small;\">Das TCD 2022-Steuerpanel ist f\u00fcr den Betrieb des BTQ-Bugstrahlruders mit Drucktasten konzipiert.<\/p>\n<p style=\"color: rgb(34, 34, 34); font-family: Arial, Helvetica, sans-serif; font-size: small;\">Zus\u00e4tzliche Vorteile der TCD-Serie-Fernbedienungen umfassen:<\/p>\n<ul style=\"color: rgb(34, 34, 34); font-family: Arial, Helvetica, sans-serif; font-size: small;\">\n<li>Eine benutzerfreundliche Oberfl\u00e4che.<\/li>\n<li>Ein universelles Netzteil, das mit 12\/24 Vdc funktioniert.<\/li>\n<li>Funktionalit\u00e4t in einem breiten Temperaturspektrum.<\/li>\n<li>Die Option, mehrere TCD-Steuerungen parallel zu verbinden.<\/li>\n<li>Einfache Installation \u00fcber einen 2-Draht-Anschluss (optionale Erweiterungen verf\u00fcgbar).<\/li>\n<li>Ein automatisches Priorit\u00e4tssystem.<\/li>\n<li>Eine automatische Deaktivierungsfunktion.<\/li>\n<li>Schutz gegen falsche Polarit\u00e4t, Kurzschl\u00fcsse, l\u00e4ngere Motoraktivit\u00e4t und Unterbrechungen in der Steuerdrahtverdrahtung.<\/li>\n<li>Akustische Signale, die bei Bedarf abgeschaltet werden k\u00f6nnen.<\/li>\n<\/ul>\n","protected":false},"excerpt":{"rendered":"<p>Touchpanel Quick TCD 2022 &#8211; Das TCD-Serie-Fernbedienungssystem ist speziell f\u00fcr den Betrieb der Heck- und Bugstrahlruder von Quick\u00ae entwickelt worden.<\/p>\n","protected":false},"featured_media":5940407,"comment_status":"open","ping_status":"closed","template":"","meta":[],"product_brand":[3280],"product_cat":[1323],"product_tag":[],"class_list":{"0":"post-734396","1":"product","2":"type-product","3":"status-publish","4":"has-post-thumbnail","6":"product_brand-quick-de","7":"product_cat-bugstrahlruder-quick","9":"first","10":"instock","11":"shipping-taxable","12":"purchasable","13":"product-type-simple"},"_links":{"self":[{"href":"https:\/\/stoic-curie.212-227-153-4.plesk.page\/de\/wp-json\/wp\/v2\/product\/734396","targetHints":{"allow":["GET"]}}],"collection":[{"href":"https:\/\/stoic-curie.212-227-153-4.plesk.page\/de\/wp-json\/wp\/v2\/product"}],"about":[{"href":"https:\/\/stoic-curie.212-227-153-4.plesk.page\/de\/wp-json\/wp\/v2\/types\/product"}],"replies":[{"embeddable":true,"href":"https:\/\/stoic-curie.212-227-153-4.plesk.page\/de\/wp-json\/wp\/v2\/comments?post=734396"}],"version-history":[{"count":0,"href":"https:\/\/stoic-curie.212-227-153-4.plesk.page\/de\/wp-json\/wp\/v2\/product\/734396\/revisions"}],"wp:featuredmedia":[{"embeddable":true,"href":"https:\/\/stoic-curie.212-227-153-4.plesk.page\/de\/wp-json\/wp\/v2\/media\/5940407"}],"wp:attachment":[{"href":"https:\/\/stoic-curie.212-227-153-4.plesk.page\/de\/wp-json\/wp\/v2\/media?parent=734396"}],"wp:term":[{"taxonomy":"product_brand","embeddable":true,"href":"https:\/\/stoic-curie.212-227-153-4.plesk.page\/de\/wp-json\/wp\/v2\/product_brand?post=734396"},{"taxonomy":"product_cat","embeddable":true,"href":"https:\/\/stoic-curie.212-227-153-4.plesk.page\/de\/wp-json\/wp\/v2\/product_cat?post=734396"},{"taxonomy":"product_tag","embeddable":true,"href":"https:\/\/stoic-curie.212-227-153-4.plesk.page\/de\/wp-json\/wp\/v2\/product_tag?post=734396"}],"curies":[{"name":"wp","href":"https:\/\/api.w.org\/{rel}","templated":true}]}}