{"id":734397,"date":"2025-03-03T16:23:45","date_gmt":"2025-03-03T15:23:45","guid":{"rendered":"https:\/\/stoic-curie.212-227-153-4.plesk.page\/producto\/doppel-joystick-panel-quick-tcd-1044\/"},"modified":"2026-02-24T23:34:53","modified_gmt":"2026-02-24T23:34:53","slug":"doppel-joystick-panel-quick-tcd-1044","status":"publish","type":"product","link":"https:\/\/stoic-curie.212-227-153-4.plesk.page\/de\/product\/doppel-joystick-panel-quick-tcd-1044\/","title":{"rendered":"Doppel-Joystick-Panel Quick TCD 1044"},"content":{"rendered":"<p>Doppel-Joystick-Panel Quick TCD 1044 &#8211; <\/p>\n<p>TCD Schnellbedienungspaneele mit Drucktasten oder Joysticks zur Bet\u00e4tigung von Bugstrahlern. Einfache und intuitive Benutzeroberfl\u00e4che. Universelle 8-30 Vdc Stromversorgung. M\u00f6glichkeit zum Anschluss mehrerer TCD-Controller parallel. Einfach zu installieren dank des 2-Draht-Connectors (optionale Erweiterungen). Automatisches Priorit\u00e4tssystem und Deaktivierung. Schutz gegen verpolung, Kurzschlussausgang, langanhaltende Motoraktivit\u00e4t und Unterbrechung der Verkabelung der Strahlsteuerungen.<\/p>\n","protected":false},"excerpt":{"rendered":"<p>Doppel-Joystick-Panel Quick TCD 1044 &#8211; TCD Schnellbedienungspaneele mit Drucktasten oder Joysticks zur Bet\u00e4tigung von Bugstrahlern. Einfache und intuitive Benutzeroberfl\u00e4che. Universelle<\/p>\n","protected":false},"featured_media":5940408,"comment_status":"open","ping_status":"closed","template":"","meta":[],"product_brand":[3280],"product_cat":[1323],"product_tag":[],"class_list":{"0":"post-734397","1":"product","2":"type-product","3":"status-publish","4":"has-post-thumbnail","6":"product_brand-quick-de","7":"product_cat-bugstrahlruder-quick","9":"first","10":"instock","11":"shipping-taxable","12":"purchasable","13":"product-type-simple"},"_links":{"self":[{"href":"https:\/\/stoic-curie.212-227-153-4.plesk.page\/de\/wp-json\/wp\/v2\/product\/734397","targetHints":{"allow":["GET"]}}],"collection":[{"href":"https:\/\/stoic-curie.212-227-153-4.plesk.page\/de\/wp-json\/wp\/v2\/product"}],"about":[{"href":"https:\/\/stoic-curie.212-227-153-4.plesk.page\/de\/wp-json\/wp\/v2\/types\/product"}],"replies":[{"embeddable":true,"href":"https:\/\/stoic-curie.212-227-153-4.plesk.page\/de\/wp-json\/wp\/v2\/comments?post=734397"}],"version-history":[{"count":0,"href":"https:\/\/stoic-curie.212-227-153-4.plesk.page\/de\/wp-json\/wp\/v2\/product\/734397\/revisions"}],"wp:featuredmedia":[{"embeddable":true,"href":"https:\/\/stoic-curie.212-227-153-4.plesk.page\/de\/wp-json\/wp\/v2\/media\/5940408"}],"wp:attachment":[{"href":"https:\/\/stoic-curie.212-227-153-4.plesk.page\/de\/wp-json\/wp\/v2\/media?parent=734397"}],"wp:term":[{"taxonomy":"product_brand","embeddable":true,"href":"https:\/\/stoic-curie.212-227-153-4.plesk.page\/de\/wp-json\/wp\/v2\/product_brand?post=734397"},{"taxonomy":"product_cat","embeddable":true,"href":"https:\/\/stoic-curie.212-227-153-4.plesk.page\/de\/wp-json\/wp\/v2\/product_cat?post=734397"},{"taxonomy":"product_tag","embeddable":true,"href":"https:\/\/stoic-curie.212-227-153-4.plesk.page\/de\/wp-json\/wp\/v2\/product_tag?post=734397"}],"curies":[{"name":"wp","href":"https:\/\/api.w.org\/{rel}","templated":true}]}}