{"id":734398,"date":"2025-03-03T16:23:46","date_gmt":"2025-03-03T15:23:46","guid":{"rendered":"https:\/\/stoic-curie.212-227-153-4.plesk.page\/producto\/bugstrahlruder-quick-btq-185-95-24v-95kgf\/"},"modified":"2026-02-24T23:34:53","modified_gmt":"2026-02-24T23:34:53","slug":"bugstrahlruder-quick-btq-185-95-24v-95kgf","status":"publish","type":"product","link":"https:\/\/stoic-curie.212-227-153-4.plesk.page\/de\/product\/bugstrahlruder-quick-btq-185-95-24v-95kgf\/","title":{"rendered":"Bugstrahlruder Quick BTQ 185-95 24V 95kgf"},"content":{"rendered":"<p>Bugstrahlruder Quick BTQ 185-95 24V 95kgf &#8211; <\/p>\n<p>Wir pr\u00e4sentieren den Quick BTQ185 Bow Thruster, entwickelt f\u00fcr optimale Leistung und Haltbarkeit. Dieses Modell verf\u00fcgt \u00fcber eine einzelne Propeller, die aus robustem Verbundmaterial gefertigt ist, erg\u00e4nzt durch ein Bronzegetriebe. Das Geh\u00e4use zum Schutz der Elektromagnetventile besteht ebenfalls aus stabilem Verbundmaterial und gew\u00e4hrleistet Langlebigkeit und Zuverl\u00e4ssigkeit. Bemerkenswert ist, dass die Zinkanode unabh\u00e4ngig vom Getriebe funktioniert, was einen einfachen Austausch bei Bedarf erm\u00f6glicht. Dar\u00fcber hinaus ist das System mit einer flexiblen Kupplung f\u00fcr verbesserte Funktionalit\u00e4t ausgestattet.<\/p>\n<p>Durch die Nutzung der neuesten Fortschritte in der Materialtechnik enth\u00e4lt dieser Thruster keinerlei elektronische Komponenten im Motor. Alle Schutzma\u00dfnahmen werden effizient von einem Mikroprozessor in den Steuerungspaneelen verwaltet.<\/p>\n<p>Der Quick BTQ185 Bow Thruster bietet R\u00fccksto\u00dff\u00e4higkeiten mit einer programmierten Verz\u00f6gerung und einem automatischen Ausschalter, sowie Schutzma\u00dfnahmen gegen \u00dcberhitzung des Motors.<\/p>\n<p>Dieses Modell wird speziell f\u00fcr Boote von 8 bis 15 Metern (26 bis 49 Fu\u00df) empfohlen und ist damit eine ideale Wahl f\u00fcr verschiedene Wasserfahrzeuge. Mit seiner robusten Konstruktion und durchdachten Gestaltung ist der Quick BTQ185 eine zuverl\u00e4ssige Erg\u00e4nzung f\u00fcr Ihre Bootsausr\u00fcstung.<\/p>\n<p style=\"color: rgb(34, 34, 34); font-family: Arial, Helvetica, sans-serif; font-size: small;\">Spezifikationen:<\/p>\n<ul style=\"color: rgb(34, 34, 34); font-family: Arial, Helvetica, sans-serif; font-size: small;\">\n<li>Modell: BTQ 185-95<\/li>\n<li>Propeller Typ: Einzeln<\/li>\n<li>Tunnel Durchmesser: 185 mm (7&#8243; 18\/64)<\/li>\n<li>Motorleistung: 6,0 kW<\/li>\n<li>Spannung: 24V<\/li>\n<li>Sicherung: 250A CNL DIN<\/li>\n<li>Schub: 95 kgf (209,4 lb)<\/li>\n<li>Gewicht: 24,2 kg (53,3 lb)<\/li>\n<\/ul>\n<p style=\"color: rgb(34, 34, 34); font-family: Arial, Helvetica, sans-serif; font-size: small;\">Produktinhalt:<\/p>\n<ul style=\"color: rgb(34, 34, 34); font-family: Arial, Helvetica, sans-serif; font-size: small;\">\n<li>Thruster<\/li>\n<li>Bohraufbau<\/li>\n<li>Dichtung<\/li>\n<li>O-Ring (zur Montage)<\/li>\n<li>Installations- und Benutzerhandbuch<\/li>\n<li>Garantiebedingungen<\/li>\n<\/ul>\n","protected":false},"excerpt":{"rendered":"<p>Bugstrahlruder Quick BTQ 185-95 24V 95kgf &#8211; Wir pr\u00e4sentieren den Quick BTQ185 Bow Thruster, entwickelt f\u00fcr optimale Leistung und Haltbarkeit.<\/p>\n","protected":false},"featured_media":5940410,"comment_status":"open","ping_status":"closed","template":"","meta":[],"product_brand":[3280],"product_cat":[1323],"product_tag":[],"class_list":{"0":"post-734398","1":"product","2":"type-product","3":"status-publish","4":"has-post-thumbnail","6":"product_brand-quick-de","7":"product_cat-bugstrahlruder-quick","9":"first","10":"outofstock","11":"shipping-taxable","12":"purchasable","13":"product-type-simple"},"_links":{"self":[{"href":"https:\/\/stoic-curie.212-227-153-4.plesk.page\/de\/wp-json\/wp\/v2\/product\/734398","targetHints":{"allow":["GET"]}}],"collection":[{"href":"https:\/\/stoic-curie.212-227-153-4.plesk.page\/de\/wp-json\/wp\/v2\/product"}],"about":[{"href":"https:\/\/stoic-curie.212-227-153-4.plesk.page\/de\/wp-json\/wp\/v2\/types\/product"}],"replies":[{"embeddable":true,"href":"https:\/\/stoic-curie.212-227-153-4.plesk.page\/de\/wp-json\/wp\/v2\/comments?post=734398"}],"version-history":[{"count":0,"href":"https:\/\/stoic-curie.212-227-153-4.plesk.page\/de\/wp-json\/wp\/v2\/product\/734398\/revisions"}],"wp:featuredmedia":[{"embeddable":true,"href":"https:\/\/stoic-curie.212-227-153-4.plesk.page\/de\/wp-json\/wp\/v2\/media\/5940410"}],"wp:attachment":[{"href":"https:\/\/stoic-curie.212-227-153-4.plesk.page\/de\/wp-json\/wp\/v2\/media?parent=734398"}],"wp:term":[{"taxonomy":"product_brand","embeddable":true,"href":"https:\/\/stoic-curie.212-227-153-4.plesk.page\/de\/wp-json\/wp\/v2\/product_brand?post=734398"},{"taxonomy":"product_cat","embeddable":true,"href":"https:\/\/stoic-curie.212-227-153-4.plesk.page\/de\/wp-json\/wp\/v2\/product_cat?post=734398"},{"taxonomy":"product_tag","embeddable":true,"href":"https:\/\/stoic-curie.212-227-153-4.plesk.page\/de\/wp-json\/wp\/v2\/product_tag?post=734398"}],"curies":[{"name":"wp","href":"https:\/\/api.w.org\/{rel}","templated":true}]}}