{"id":734403,"date":"2025-03-03T16:23:46","date_gmt":"2025-03-03T15:23:46","guid":{"rendered":"https:\/\/stoic-curie.212-227-153-4.plesk.page\/producto\/sachs-7-daempferplatten-rote-federn-336-mm-rd-marine\/"},"modified":"2026-02-24T23:34:53","modified_gmt":"2026-02-24T23:34:53","slug":"sachs-7-daempferplatten-rote-federn-336-mm-rd-marine","status":"publish","type":"product","link":"https:\/\/stoic-curie.212-227-153-4.plesk.page\/de\/product\/sachs-7-daempferplatten-rote-federn-336-mm-rd-marine\/","title":{"rendered":"Sachs 7 D\u00e4mpferplatten (rote Federn) 336 mm R&#038;D Marine"},"content":{"rendered":"<p>Sachs 7 D\u00e4mpferplatten (rote Federn) 336 mm R&#038;D Marine &#8211; <\/p>\n<p>Rote weiche Federn Sachs D\u00e4mpferplatte f\u00fcr Getriebe von Twin Disc\/Technodrive \u2013 Warner &#8211; Hurth usw.<\/p>\n","protected":false},"excerpt":{"rendered":"<p>Sachs 7 D\u00e4mpferplatten (rote Federn) 336 mm R&#038;D Marine &#8211; Rote weiche Federn Sachs D\u00e4mpferplatte f\u00fcr Getriebe von Twin Disc\/Technodrive<\/p>\n","protected":false},"featured_media":5940418,"comment_status":"open","ping_status":"closed","template":"","meta":[],"product_brand":[3295],"product_cat":[1502],"product_tag":[],"class_list":{"0":"post-734403","1":"product","2":"type-product","3":"status-publish","4":"has-post-thumbnail","6":"product_brand-rd-marine-de","7":"product_cat-daempfer-und-kupplungen","9":"first","10":"outofstock","11":"shipping-taxable","12":"purchasable","13":"product-type-simple"},"_links":{"self":[{"href":"https:\/\/stoic-curie.212-227-153-4.plesk.page\/de\/wp-json\/wp\/v2\/product\/734403","targetHints":{"allow":["GET"]}}],"collection":[{"href":"https:\/\/stoic-curie.212-227-153-4.plesk.page\/de\/wp-json\/wp\/v2\/product"}],"about":[{"href":"https:\/\/stoic-curie.212-227-153-4.plesk.page\/de\/wp-json\/wp\/v2\/types\/product"}],"replies":[{"embeddable":true,"href":"https:\/\/stoic-curie.212-227-153-4.plesk.page\/de\/wp-json\/wp\/v2\/comments?post=734403"}],"version-history":[{"count":0,"href":"https:\/\/stoic-curie.212-227-153-4.plesk.page\/de\/wp-json\/wp\/v2\/product\/734403\/revisions"}],"wp:featuredmedia":[{"embeddable":true,"href":"https:\/\/stoic-curie.212-227-153-4.plesk.page\/de\/wp-json\/wp\/v2\/media\/5940418"}],"wp:attachment":[{"href":"https:\/\/stoic-curie.212-227-153-4.plesk.page\/de\/wp-json\/wp\/v2\/media?parent=734403"}],"wp:term":[{"taxonomy":"product_brand","embeddable":true,"href":"https:\/\/stoic-curie.212-227-153-4.plesk.page\/de\/wp-json\/wp\/v2\/product_brand?post=734403"},{"taxonomy":"product_cat","embeddable":true,"href":"https:\/\/stoic-curie.212-227-153-4.plesk.page\/de\/wp-json\/wp\/v2\/product_cat?post=734403"},{"taxonomy":"product_tag","embeddable":true,"href":"https:\/\/stoic-curie.212-227-153-4.plesk.page\/de\/wp-json\/wp\/v2\/product_tag?post=734403"}],"curies":[{"name":"wp","href":"https:\/\/api.w.org\/{rel}","templated":true}]}}