{"id":734451,"date":"2025-03-03T16:23:57","date_gmt":"2025-03-03T15:23:57","guid":{"rendered":"https:\/\/stoic-curie.212-227-153-4.plesk.page\/producto\/bronze-propellerwellenstuetzen-d25\/"},"modified":"2026-02-24T23:34:53","modified_gmt":"2026-02-24T23:34:53","slug":"bronze-propellerwellenstuetzen-d25","status":"publish","type":"product","link":"https:\/\/stoic-curie.212-227-153-4.plesk.page\/de\/product\/bronze-propellerwellenstuetzen-d25\/","title":{"rendered":"Bronze Propellerwellenst\u00fctzen D25"},"content":{"rendered":"<p>Bronze Propellerwellenst\u00fctzen D25 &#8211; <\/p>\n<p>Bronze-St\u00fctzen f\u00fcr Propellerwellen sind speziell f\u00fcr Segelboote konzipiert und sollen harzmontiert am Kiel installiert werden. Diese St\u00fctzen bieten mehrere Vorteile f\u00fcr den Bootsbau, darunter:<\/p>\n<ul>\n<li>Vielseitige H\u00f6hen- und Winkelverstellungen<\/li>\n<li>Schnelle und einfache Installation<\/li>\n<li>Sofortige Verf\u00fcgbarkeit auf Lager<\/li>\n<\/ul>\n<p>Die Gr\u00f6\u00dfe dieser St\u00fctzen entspricht den Vorschriften des italienischen Schiffsregisters f\u00fcr Vergn\u00fcgungsboote.<\/p>\n<p>Wir verwenden unsere OT.MAN-Legierung, die folgende mechanische Eigenschaften aufweist:<\/p>\n<ul>\n<li>Zugfestigkeit (T) > 535 N\/mm\u00b2<\/li>\n<li>Streckgrenze (Y) > 220 N\/mm\u00b2<\/li>\n<li>Dehnung (E) > 25%<\/li>\n<\/ul>\n<p>Jede St\u00fctze wird mit bereits installierten Radice-hydrolubrikanten Gummibuchsen geliefert.<\/p>\n<p>Diese Buchsen k\u00f6nnen leicht durch L\u00f6sen der beiden Sicherungsmuttern ersetzt werden. So installieren Sie die St\u00fctzen:<\/p>\n<ol>\n<li>Erstellen Sie einen Schlitz im Rumpf oder an der bestehenden Struktur.<\/li>\n<li>Positionieren Sie die St\u00fctze und richten Sie sie mit der Wellenachse aus.<\/li>\n<li>Dichten und verst\u00e4rken Sie den Verbindungsbereich zwischen der St\u00fctze und dem Rumpf mit Harz ab.<\/li>\n<\/ol>\n","protected":false},"excerpt":{"rendered":"<p>Bronze Propellerwellenst\u00fctzen D25 &#8211; Bronze-St\u00fctzen f\u00fcr Propellerwellen sind speziell f\u00fcr Segelboote konzipiert und sollen harzmontiert am Kiel installiert werden. Diese<\/p>\n","protected":false},"featured_media":5940486,"comment_status":"open","ping_status":"closed","template":"","meta":[],"product_brand":[2915],"product_cat":[1499,1525],"product_tag":[],"class_list":{"0":"post-734451","1":"product","2":"type-product","3":"status-publish","4":"has-post-thumbnail","6":"product_brand-eliche-radice-de","7":"product_cat-propellerwellen","8":"product_cat-propellerwellenlager","10":"first","11":"instock","12":"shipping-taxable","13":"purchasable","14":"product-type-simple"},"_links":{"self":[{"href":"https:\/\/stoic-curie.212-227-153-4.plesk.page\/de\/wp-json\/wp\/v2\/product\/734451","targetHints":{"allow":["GET"]}}],"collection":[{"href":"https:\/\/stoic-curie.212-227-153-4.plesk.page\/de\/wp-json\/wp\/v2\/product"}],"about":[{"href":"https:\/\/stoic-curie.212-227-153-4.plesk.page\/de\/wp-json\/wp\/v2\/types\/product"}],"replies":[{"embeddable":true,"href":"https:\/\/stoic-curie.212-227-153-4.plesk.page\/de\/wp-json\/wp\/v2\/comments?post=734451"}],"version-history":[{"count":0,"href":"https:\/\/stoic-curie.212-227-153-4.plesk.page\/de\/wp-json\/wp\/v2\/product\/734451\/revisions"}],"wp:featuredmedia":[{"embeddable":true,"href":"https:\/\/stoic-curie.212-227-153-4.plesk.page\/de\/wp-json\/wp\/v2\/media\/5940486"}],"wp:attachment":[{"href":"https:\/\/stoic-curie.212-227-153-4.plesk.page\/de\/wp-json\/wp\/v2\/media?parent=734451"}],"wp:term":[{"taxonomy":"product_brand","embeddable":true,"href":"https:\/\/stoic-curie.212-227-153-4.plesk.page\/de\/wp-json\/wp\/v2\/product_brand?post=734451"},{"taxonomy":"product_cat","embeddable":true,"href":"https:\/\/stoic-curie.212-227-153-4.plesk.page\/de\/wp-json\/wp\/v2\/product_cat?post=734451"},{"taxonomy":"product_tag","embeddable":true,"href":"https:\/\/stoic-curie.212-227-153-4.plesk.page\/de\/wp-json\/wp\/v2\/product_tag?post=734451"}],"curies":[{"name":"wp","href":"https:\/\/api.w.org\/{rel}","templated":true}]}}