{"id":734453,"date":"2025-03-03T16:23:58","date_gmt":"2025-03-03T15:23:58","guid":{"rendered":"https:\/\/stoic-curie.212-227-153-4.plesk.page\/producto\/bronzene-streben-fuer-propellerwelle-40mm\/"},"modified":"2026-02-24T23:34:53","modified_gmt":"2026-02-24T23:34:53","slug":"bronzene-streben-fuer-propellerwelle-40mm","status":"publish","type":"product","link":"https:\/\/stoic-curie.212-227-153-4.plesk.page\/de\/product\/bronzene-streben-fuer-propellerwelle-40mm\/","title":{"rendered":"Bronzene Streben f\u00fcr Propellerwelle 40mm"},"content":{"rendered":"<p>Bronzene Streben f\u00fcr Propellerwelle 40mm &#8211; <\/p>\n<p>Bronzestruts f\u00fcr Propellerwellen sind speziell f\u00fcr Segelboote konzipiert und sollen mit Harz am Kiel montiert werden. Diese Struts bieten mehrere Vorteile f\u00fcr Schiffbauer, darunter:<\/p>\n<ul>\n<li>Vielseitige H\u00f6hen- und Winkelanpassungen<\/li>\n<li>Schnelle und einfache Installation<\/li>\n<li>Sofortige Verf\u00fcgbarkeit im Lager<\/li>\n<\/ul>\n<p>Die Dimensionierung dieser Struts entspricht den Vorschriften des Italienischen Schiffsregisters f\u00fcr Freizeitboote.<\/p>\n<p>Wir verwenden unsere OT.MAN-Legierung, die folgende mechanische Eigenschaften aufweist:<\/p>\n<ul>\n<li>Zugfestigkeit (T) > 535 N\/mm\u00b2<\/li>\n<li>Streckgrenze (Y) > 220 N\/mm\u00b2<\/li>\n<li>Dehnung (E) > 25%<\/li>\n<\/ul>\n<p>Jeder Strut wird mit bereits installierten Radice hydrolubrierten Gummi-Lagern geliefert.<\/p>\n<p>Diese Lager k\u00f6nnen leicht durch L\u00f6sen der beiden Sicherungsmuttern ersetzt werden. Befolgen Sie diese Schritte zur Installation der Struts:<\/p>\n<ol>\n<li>Schneiden Sie einen Schlitz in den Rumpf oder in die vorhandene Struktur.<\/li>\n<li>Positionieren Sie den Strut und richten Sie ihn mit der Wellenachse aus.<\/li>\n<li>Dichten und verst\u00e4rken Sie den Verbindungsbereich zwischen Strut und Rumpf mit Harz ab.<\/li>\n<\/ol>\n","protected":false},"excerpt":{"rendered":"<p>Bronzene Streben f\u00fcr Propellerwelle 40mm &#8211; Bronzestruts f\u00fcr Propellerwellen sind speziell f\u00fcr Segelboote konzipiert und sollen mit Harz am Kiel<\/p>\n","protected":false},"featured_media":5940486,"comment_status":"open","ping_status":"closed","template":"","meta":[],"product_brand":[2915],"product_cat":[1499,1525],"product_tag":[],"class_list":{"0":"post-734453","1":"product","2":"type-product","3":"status-publish","4":"has-post-thumbnail","6":"product_brand-eliche-radice-de","7":"product_cat-propellerwellen","8":"product_cat-propellerwellenlager","10":"first","11":"outofstock","12":"shipping-taxable","13":"purchasable","14":"product-type-simple"},"_links":{"self":[{"href":"https:\/\/stoic-curie.212-227-153-4.plesk.page\/de\/wp-json\/wp\/v2\/product\/734453","targetHints":{"allow":["GET"]}}],"collection":[{"href":"https:\/\/stoic-curie.212-227-153-4.plesk.page\/de\/wp-json\/wp\/v2\/product"}],"about":[{"href":"https:\/\/stoic-curie.212-227-153-4.plesk.page\/de\/wp-json\/wp\/v2\/types\/product"}],"replies":[{"embeddable":true,"href":"https:\/\/stoic-curie.212-227-153-4.plesk.page\/de\/wp-json\/wp\/v2\/comments?post=734453"}],"version-history":[{"count":0,"href":"https:\/\/stoic-curie.212-227-153-4.plesk.page\/de\/wp-json\/wp\/v2\/product\/734453\/revisions"}],"wp:featuredmedia":[{"embeddable":true,"href":"https:\/\/stoic-curie.212-227-153-4.plesk.page\/de\/wp-json\/wp\/v2\/media\/5940486"}],"wp:attachment":[{"href":"https:\/\/stoic-curie.212-227-153-4.plesk.page\/de\/wp-json\/wp\/v2\/media?parent=734453"}],"wp:term":[{"taxonomy":"product_brand","embeddable":true,"href":"https:\/\/stoic-curie.212-227-153-4.plesk.page\/de\/wp-json\/wp\/v2\/product_brand?post=734453"},{"taxonomy":"product_cat","embeddable":true,"href":"https:\/\/stoic-curie.212-227-153-4.plesk.page\/de\/wp-json\/wp\/v2\/product_cat?post=734453"},{"taxonomy":"product_tag","embeddable":true,"href":"https:\/\/stoic-curie.212-227-153-4.plesk.page\/de\/wp-json\/wp\/v2\/product_tag?post=734453"}],"curies":[{"name":"wp","href":"https:\/\/api.w.org\/{rel}","templated":true}]}}