{"id":734456,"date":"2025-03-03T16:23:58","date_gmt":"2025-03-03T15:23:58","guid":{"rendered":"https:\/\/stoic-curie.212-227-153-4.plesk.page\/producto\/vollstaendige-ogive-anode-mit-gewinde-brass-basis-fuer-welle-45-50mm\/"},"modified":"2026-02-24T23:34:53","modified_gmt":"2026-02-24T23:34:53","slug":"vollstaendige-ogive-anode-mit-gewinde-brass-basis-fuer-welle-45-50mm","status":"publish","type":"product","link":"https:\/\/stoic-curie.212-227-153-4.plesk.page\/de\/product\/vollstaendige-ogive-anode-mit-gewinde-brass-basis-fuer-welle-45-50mm\/","title":{"rendered":"Vollst\u00e4ndige Ogive-Anode mit Gewinde-Brass-Basis f\u00fcr Welle 45-50mm"},"content":{"rendered":"<p>Vollst\u00e4ndige Ogive-Anode mit Gewinde-Brass-Basis f\u00fcr Welle 45-50mm &#8211; <\/p>\n<p>Messinggeschnittene Kegelpropeller-Ogiven mit austauschbarem Zinkanode. Mit Propellerwelle-Gewinde.<\/p>\n","protected":false},"excerpt":{"rendered":"<p>Vollst\u00e4ndige Ogive-Anode mit Gewinde-Brass-Basis f\u00fcr Welle 45-50mm &#8211; Messinggeschnittene Kegelpropeller-Ogiven mit austauschbarem Zinkanode. Mit Propellerwelle-Gewinde.<\/p>\n","protected":false},"featured_media":5940487,"comment_status":"open","ping_status":"closed","template":"","meta":[],"product_brand":[3475],"product_cat":[1349],"product_tag":[],"class_list":{"0":"post-734456","1":"product","2":"type-product","3":"status-publish","4":"has-post-thumbnail","6":"product_brand-tecnoseal-de","7":"product_cat-anoden-fuer-propeller","9":"first","10":"instock","11":"shipping-taxable","12":"purchasable","13":"product-type-simple"},"_links":{"self":[{"href":"https:\/\/stoic-curie.212-227-153-4.plesk.page\/de\/wp-json\/wp\/v2\/product\/734456","targetHints":{"allow":["GET"]}}],"collection":[{"href":"https:\/\/stoic-curie.212-227-153-4.plesk.page\/de\/wp-json\/wp\/v2\/product"}],"about":[{"href":"https:\/\/stoic-curie.212-227-153-4.plesk.page\/de\/wp-json\/wp\/v2\/types\/product"}],"replies":[{"embeddable":true,"href":"https:\/\/stoic-curie.212-227-153-4.plesk.page\/de\/wp-json\/wp\/v2\/comments?post=734456"}],"version-history":[{"count":0,"href":"https:\/\/stoic-curie.212-227-153-4.plesk.page\/de\/wp-json\/wp\/v2\/product\/734456\/revisions"}],"wp:featuredmedia":[{"embeddable":true,"href":"https:\/\/stoic-curie.212-227-153-4.plesk.page\/de\/wp-json\/wp\/v2\/media\/5940487"}],"wp:attachment":[{"href":"https:\/\/stoic-curie.212-227-153-4.plesk.page\/de\/wp-json\/wp\/v2\/media?parent=734456"}],"wp:term":[{"taxonomy":"product_brand","embeddable":true,"href":"https:\/\/stoic-curie.212-227-153-4.plesk.page\/de\/wp-json\/wp\/v2\/product_brand?post=734456"},{"taxonomy":"product_cat","embeddable":true,"href":"https:\/\/stoic-curie.212-227-153-4.plesk.page\/de\/wp-json\/wp\/v2\/product_cat?post=734456"},{"taxonomy":"product_tag","embeddable":true,"href":"https:\/\/stoic-curie.212-227-153-4.plesk.page\/de\/wp-json\/wp\/v2\/product_tag?post=734456"}],"curies":[{"name":"wp","href":"https:\/\/api.w.org\/{rel}","templated":true}]}}