{"id":734463,"date":"2025-03-03T16:24:00","date_gmt":"2025-03-03T15:24:00","guid":{"rendered":"https:\/\/stoic-curie.212-227-153-4.plesk.page\/producto\/edelstahl-wellenseilschneider-d50\/"},"modified":"2026-02-24T23:34:53","modified_gmt":"2026-02-24T23:34:53","slug":"edelstahl-wellenseilschneider-d50","status":"publish","type":"product","link":"https:\/\/stoic-curie.212-227-153-4.plesk.page\/de\/product\/edelstahl-wellenseilschneider-d50\/","title":{"rendered":"Edelstahl-Wellenseilschneider D50"},"content":{"rendered":"<p>Edelstahl-Wellenseilschneider D50 &#8211; <\/p>\n<p>Prop-Sch\u00fctzer Seil-Schneider aus 316 Edelstahl. Mehrere Modelle sind verf\u00fcgbar, je nach Wellen-\u00d8 (von 25 bis 60 mm). Er kann Nylonseile, Netze, Stahlsch\u00e4uche und vieles mehr schneiden. Dicke 17 mm.<\/p>\n","protected":false},"excerpt":{"rendered":"<p>Edelstahl-Wellenseilschneider D50 &#8211; Prop-Sch\u00fctzer Seil-Schneider aus 316 Edelstahl. Mehrere Modelle sind verf\u00fcgbar, je nach Wellen-\u00d8 (von 25 bis 60 mm).<\/p>\n","protected":false},"featured_media":5940489,"comment_status":"open","ping_status":"closed","template":"","meta":[],"product_brand":[3465],"product_cat":[1511],"product_tag":[],"class_list":{"0":"post-734463","1":"product","2":"type-product","3":"status-publish","4":"has-post-thumbnail","6":"product_brand-technodrive-de","7":"product_cat-propellerwellenseilschneider","9":"first","10":"instock","11":"shipping-taxable","12":"purchasable","13":"product-type-simple"},"_links":{"self":[{"href":"https:\/\/stoic-curie.212-227-153-4.plesk.page\/de\/wp-json\/wp\/v2\/product\/734463","targetHints":{"allow":["GET"]}}],"collection":[{"href":"https:\/\/stoic-curie.212-227-153-4.plesk.page\/de\/wp-json\/wp\/v2\/product"}],"about":[{"href":"https:\/\/stoic-curie.212-227-153-4.plesk.page\/de\/wp-json\/wp\/v2\/types\/product"}],"replies":[{"embeddable":true,"href":"https:\/\/stoic-curie.212-227-153-4.plesk.page\/de\/wp-json\/wp\/v2\/comments?post=734463"}],"version-history":[{"count":0,"href":"https:\/\/stoic-curie.212-227-153-4.plesk.page\/de\/wp-json\/wp\/v2\/product\/734463\/revisions"}],"wp:featuredmedia":[{"embeddable":true,"href":"https:\/\/stoic-curie.212-227-153-4.plesk.page\/de\/wp-json\/wp\/v2\/media\/5940489"}],"wp:attachment":[{"href":"https:\/\/stoic-curie.212-227-153-4.plesk.page\/de\/wp-json\/wp\/v2\/media?parent=734463"}],"wp:term":[{"taxonomy":"product_brand","embeddable":true,"href":"https:\/\/stoic-curie.212-227-153-4.plesk.page\/de\/wp-json\/wp\/v2\/product_brand?post=734463"},{"taxonomy":"product_cat","embeddable":true,"href":"https:\/\/stoic-curie.212-227-153-4.plesk.page\/de\/wp-json\/wp\/v2\/product_cat?post=734463"},{"taxonomy":"product_tag","embeddable":true,"href":"https:\/\/stoic-curie.212-227-153-4.plesk.page\/de\/wp-json\/wp\/v2\/product_tag?post=734463"}],"curies":[{"name":"wp","href":"https:\/\/api.w.org\/{rel}","templated":true}]}}