{"id":734507,"date":"2025-03-03T16:24:10","date_gmt":"2025-03-03T15:24:10","guid":{"rendered":"https:\/\/stoic-curie.212-227-153-4.plesk.page\/producto\/marine-scheren-fuer-edelstahlseile-bis-zu-9-mm\/"},"modified":"2026-02-24T23:34:53","modified_gmt":"2026-02-24T23:34:53","slug":"marine-scheren-fuer-edelstahlseile-bis-zu-9-mm","status":"publish","type":"product","link":"https:\/\/stoic-curie.212-227-153-4.plesk.page\/de\/product\/marine-scheren-fuer-edelstahlseile-bis-zu-9-mm\/","title":{"rendered":"Marine Scheren f\u00fcr Edelstahlseile bis zu 9 mm"},"content":{"rendered":"<p>Marine Scheren f\u00fcr Edelstahlseile bis zu 9 mm &#8211; <\/p>\n<p>Abisolierzangen f\u00fcr Bewehrungsst\u00e4be bis 6 mm und Dr\u00e4hte bis 9 mm.<\/p>\n","protected":false},"excerpt":{"rendered":"<p>Marine Scheren f\u00fcr Edelstahlseile bis zu 9 mm &#8211; Abisolierzangen f\u00fcr Bewehrungsst\u00e4be bis 6 mm und Dr\u00e4hte bis 9 mm.<\/p>\n","protected":false},"featured_media":5940611,"comment_status":"open","ping_status":"closed","template":"","meta":[],"product_brand":[3120],"product_cat":[1392,1469,1484],"product_tag":[],"class_list":{"0":"post-734507","1":"product","2":"type-product","3":"status-publish","4":"has-post-thumbnail","6":"product_brand-marinetech-de","7":"product_cat-edelstahl-drahtseile","8":"product_cat-rigging-draht","9":"product_cat-zubehoer-fuer-segelboote","11":"first","12":"instock","13":"shipping-taxable","14":"purchasable","15":"product-type-simple"},"_links":{"self":[{"href":"https:\/\/stoic-curie.212-227-153-4.plesk.page\/de\/wp-json\/wp\/v2\/product\/734507","targetHints":{"allow":["GET"]}}],"collection":[{"href":"https:\/\/stoic-curie.212-227-153-4.plesk.page\/de\/wp-json\/wp\/v2\/product"}],"about":[{"href":"https:\/\/stoic-curie.212-227-153-4.plesk.page\/de\/wp-json\/wp\/v2\/types\/product"}],"replies":[{"embeddable":true,"href":"https:\/\/stoic-curie.212-227-153-4.plesk.page\/de\/wp-json\/wp\/v2\/comments?post=734507"}],"version-history":[{"count":0,"href":"https:\/\/stoic-curie.212-227-153-4.plesk.page\/de\/wp-json\/wp\/v2\/product\/734507\/revisions"}],"wp:featuredmedia":[{"embeddable":true,"href":"https:\/\/stoic-curie.212-227-153-4.plesk.page\/de\/wp-json\/wp\/v2\/media\/5940611"}],"wp:attachment":[{"href":"https:\/\/stoic-curie.212-227-153-4.plesk.page\/de\/wp-json\/wp\/v2\/media?parent=734507"}],"wp:term":[{"taxonomy":"product_brand","embeddable":true,"href":"https:\/\/stoic-curie.212-227-153-4.plesk.page\/de\/wp-json\/wp\/v2\/product_brand?post=734507"},{"taxonomy":"product_cat","embeddable":true,"href":"https:\/\/stoic-curie.212-227-153-4.plesk.page\/de\/wp-json\/wp\/v2\/product_cat?post=734507"},{"taxonomy":"product_tag","embeddable":true,"href":"https:\/\/stoic-curie.212-227-153-4.plesk.page\/de\/wp-json\/wp\/v2\/product_tag?post=734507"}],"curies":[{"name":"wp","href":"https:\/\/api.w.org\/{rel}","templated":true}]}}