{"id":734513,"date":"2025-03-03T16:24:12","date_gmt":"2025-03-03T15:24:12","guid":{"rendered":"https:\/\/stoic-curie.212-227-153-4.plesk.page\/producto\/antenne-tv-glomex-talitha-v9125agcu-dab20\/"},"modified":"2026-02-24T23:34:53","modified_gmt":"2026-02-24T23:34:53","slug":"antenne-tv-glomex-talitha-v9125agcu-dab20","status":"publish","type":"product","link":"https:\/\/stoic-curie.212-227-153-4.plesk.page\/de\/product\/antenne-tv-glomex-talitha-v9125agcu-dab20\/","title":{"rendered":"Antenne TV Glomex Talitha V9125AGCU\/DAB20"},"content":{"rendered":"<p>Antenne TV Glomex Talitha V9125AGCU\/DAB20 &#8211; <\/p>\n<p>Omnidirektionale Glomex V9125AGCU\/DAB20 Talitha Antenne f\u00fcr analoges\/digitales TV. Dank der 31 mm hohen Haifischflosse, die den Empfang von vertikalen Signalen erm\u00f6glicht, kann diese Antenne sowohl analoge als auch digitale TV-Signale empfangen, die sowohl horizontal als auch vertikal polarisiert sind. Sie ist somit die ideale L\u00f6sung f\u00fcr jede Art von Boot, Segelboot oder Motorboot. Ausgestattet mit einem Stylus zur Empfang von DAB-Signal und einem automatischen Verst\u00e4rker mit automatischer Gain-Control (AGC), der ein perfektes Signal sowohl auf See als auch im Hafen gew\u00e4hrleistet. Bei Kombination mit einem V9147 Splitter (2-Wege, optional), der zwischen der Antenne und dem Verst\u00e4rker installiert wird, kann sie auch AM-FM-Radiofrequenzen empfangen. Frequenz 87,5\/774 MHz, 174\/240 MHz DA &#8211; Impedanz 75 Ohm &#8211; Universelle Stromversorgung 12\/24V.<\/p>\n","protected":false},"excerpt":{"rendered":"<p>Antenne TV Glomex Talitha V9125AGCU\/DAB20 &#8211; Omnidirektionale Glomex V9125AGCU\/DAB20 Talitha Antenne f\u00fcr analoges\/digitales TV. Dank der 31 mm hohen Haifischflosse,<\/p>\n","protected":false},"featured_media":5940667,"comment_status":"open","ping_status":"closed","template":"","meta":[],"product_brand":[2980],"product_cat":[1467],"product_tag":[],"class_list":{"0":"post-734513","1":"product","2":"type-product","3":"status-publish","4":"has-post-thumbnail","6":"product_brand-glomex-de","7":"product_cat-tv-antennen","9":"first","10":"instock","11":"shipping-taxable","12":"purchasable","13":"product-type-simple"},"_links":{"self":[{"href":"https:\/\/stoic-curie.212-227-153-4.plesk.page\/de\/wp-json\/wp\/v2\/product\/734513","targetHints":{"allow":["GET"]}}],"collection":[{"href":"https:\/\/stoic-curie.212-227-153-4.plesk.page\/de\/wp-json\/wp\/v2\/product"}],"about":[{"href":"https:\/\/stoic-curie.212-227-153-4.plesk.page\/de\/wp-json\/wp\/v2\/types\/product"}],"replies":[{"embeddable":true,"href":"https:\/\/stoic-curie.212-227-153-4.plesk.page\/de\/wp-json\/wp\/v2\/comments?post=734513"}],"version-history":[{"count":0,"href":"https:\/\/stoic-curie.212-227-153-4.plesk.page\/de\/wp-json\/wp\/v2\/product\/734513\/revisions"}],"wp:featuredmedia":[{"embeddable":true,"href":"https:\/\/stoic-curie.212-227-153-4.plesk.page\/de\/wp-json\/wp\/v2\/media\/5940667"}],"wp:attachment":[{"href":"https:\/\/stoic-curie.212-227-153-4.plesk.page\/de\/wp-json\/wp\/v2\/media?parent=734513"}],"wp:term":[{"taxonomy":"product_brand","embeddable":true,"href":"https:\/\/stoic-curie.212-227-153-4.plesk.page\/de\/wp-json\/wp\/v2\/product_brand?post=734513"},{"taxonomy":"product_cat","embeddable":true,"href":"https:\/\/stoic-curie.212-227-153-4.plesk.page\/de\/wp-json\/wp\/v2\/product_cat?post=734513"},{"taxonomy":"product_tag","embeddable":true,"href":"https:\/\/stoic-curie.212-227-153-4.plesk.page\/de\/wp-json\/wp\/v2\/product_tag?post=734513"}],"curies":[{"name":"wp","href":"https:\/\/api.w.org\/{rel}","templated":true}]}}