{"id":734514,"date":"2025-03-03T16:24:12","date_gmt":"2025-03-03T15:24:12","guid":{"rendered":"https:\/\/stoic-curie.212-227-153-4.plesk.page\/producto\/tv-antenne-glomex-nashira-v9112-12\/"},"modified":"2026-02-24T23:34:53","modified_gmt":"2026-02-24T23:34:53","slug":"tv-antenne-glomex-nashira-v9112-12","status":"publish","type":"product","link":"https:\/\/stoic-curie.212-227-153-4.plesk.page\/de\/product\/tv-antenne-glomex-nashira-v9112-12\/","title":{"rendered":"TV-Antenne Glomex Nashira V9112 \/ 12"},"content":{"rendered":"<p>TV-Antenne Glomex Nashira V9112 \/ 12 &#8211; <\/p>\n<p>Die omnidirektionale Glomex V9112AGCU\/DAB20 Nashira TV-Antenne empf\u00e4ngt analoge und digitale TV-Signale. Dank der 55 mm hohen Haifischflosse kann sie vertikale und horizontale TV-Signale empfangen, was sie zur idealen L\u00f6sung f\u00fcr jede Art von Boot, Segelyacht oder Motorboot macht. Die verst\u00e4rkte Basis mit der mikroschwei\u00dfbaren Edelstahlhalterung sorgt f\u00fcr die beste Stabilit\u00e4t der Antenne unter allen Seebedingungen. Ausgestattet mit einem Stylus f\u00fcr den Empfang des DAB-Signals und einem automatischen Verst\u00e4rkungsregelung (AGC) sorgt sie sowohl auf See als auch im Hafen f\u00fcr ein perfektes Signal. Mit dem V9147-Splitter, der zwischen Antenne und Verst\u00e4rker installiert ist, kann die Antenne auch AM-FM-Radiofrequenzen empfangen. Sie kann f\u00fcr maximal 2 TV-Ger\u00e4te eingerichtet werden. Frequenz 87,5\/774 MHz, 174\/240 MHz DAB &#8211; Impedanz 75 Ohm &#8211; Universelle Stromversorgung 12\/24V. Komplett mit 20 m Koaxialkabel und TV-Ger\u00e4tekabel.<\/p>\n","protected":false},"excerpt":{"rendered":"<p>TV-Antenne Glomex Nashira V9112 \/ 12 &#8211; Die omnidirektionale Glomex V9112AGCU\/DAB20 Nashira TV-Antenne empf\u00e4ngt analoge und digitale TV-Signale. Dank der<\/p>\n","protected":false},"featured_media":5940669,"comment_status":"open","ping_status":"closed","template":"","meta":[],"product_brand":[2980],"product_cat":[1467],"product_tag":[],"class_list":{"0":"post-734514","1":"product","2":"type-product","3":"status-publish","4":"has-post-thumbnail","6":"product_brand-glomex-de","7":"product_cat-tv-antennen","9":"first","10":"instock","11":"shipping-taxable","12":"purchasable","13":"product-type-simple"},"_links":{"self":[{"href":"https:\/\/stoic-curie.212-227-153-4.plesk.page\/de\/wp-json\/wp\/v2\/product\/734514","targetHints":{"allow":["GET"]}}],"collection":[{"href":"https:\/\/stoic-curie.212-227-153-4.plesk.page\/de\/wp-json\/wp\/v2\/product"}],"about":[{"href":"https:\/\/stoic-curie.212-227-153-4.plesk.page\/de\/wp-json\/wp\/v2\/types\/product"}],"replies":[{"embeddable":true,"href":"https:\/\/stoic-curie.212-227-153-4.plesk.page\/de\/wp-json\/wp\/v2\/comments?post=734514"}],"version-history":[{"count":0,"href":"https:\/\/stoic-curie.212-227-153-4.plesk.page\/de\/wp-json\/wp\/v2\/product\/734514\/revisions"}],"wp:featuredmedia":[{"embeddable":true,"href":"https:\/\/stoic-curie.212-227-153-4.plesk.page\/de\/wp-json\/wp\/v2\/media\/5940669"}],"wp:attachment":[{"href":"https:\/\/stoic-curie.212-227-153-4.plesk.page\/de\/wp-json\/wp\/v2\/media?parent=734514"}],"wp:term":[{"taxonomy":"product_brand","embeddable":true,"href":"https:\/\/stoic-curie.212-227-153-4.plesk.page\/de\/wp-json\/wp\/v2\/product_brand?post=734514"},{"taxonomy":"product_cat","embeddable":true,"href":"https:\/\/stoic-curie.212-227-153-4.plesk.page\/de\/wp-json\/wp\/v2\/product_cat?post=734514"},{"taxonomy":"product_tag","embeddable":true,"href":"https:\/\/stoic-curie.212-227-153-4.plesk.page\/de\/wp-json\/wp\/v2\/product_tag?post=734514"}],"curies":[{"name":"wp","href":"https:\/\/api.w.org\/{rel}","templated":true}]}}