{"id":734518,"date":"2025-03-03T16:24:14","date_gmt":"2025-03-03T15:24:14","guid":{"rendered":"https:\/\/stoic-curie.212-227-153-4.plesk.page\/producto\/star-brite-aluminium-teleskopgriff-152-304-cm\/"},"modified":"2026-02-24T23:34:54","modified_gmt":"2026-02-24T23:34:54","slug":"star-brite-aluminium-teleskopgriff-152-304-cm","status":"publish","type":"product","link":"https:\/\/stoic-curie.212-227-153-4.plesk.page\/de\/product\/star-brite-aluminium-teleskopgriff-152-304-cm\/","title":{"rendered":"Star Brite Aluminium Teleskopgriff 152 &#8211; 304 cm"},"content":{"rendered":"<p>Star Brite Aluminium Teleskopgriff 152 &#8211; 304 cm &#8211; <\/p>\n<p>Aeronautische anodisierte Aluminium-Teleskopgriffe mit rutschfesten Handgriffen und einem &#8220;Twist-Lock&#8221;-Stecker f\u00fcr Star Brite-B\u00fcrsten. Edelstahl-Druckknopf f\u00fcr den sofortigen Anschluss\/Abschluss der B\u00fcrsten. Die Extend Wash-Version verf\u00fcgt \u00fcber einen Anschluss f\u00fcr einen Wasserschlauch und ein Ventil.<\/p>\n","protected":false},"excerpt":{"rendered":"<p>Star Brite Aluminium Teleskopgriff 152 &#8211; 304 cm &#8211; Aeronautische anodisierte Aluminium-Teleskopgriffe mit rutschfesten Handgriffen und einem &#8220;Twist-Lock&#8221;-Stecker f\u00fcr Star<\/p>\n","protected":false},"featured_media":5940690,"comment_status":"open","ping_status":"closed","template":"","meta":[],"product_brand":[3435],"product_cat":[1346],"product_tag":[],"class_list":{"0":"post-734518","1":"product","2":"type-product","3":"status-publish","4":"has-post-thumbnail","6":"product_brand-starbrite-de","7":"product_cat-reinigungsbuersten","9":"first","10":"instock","11":"shipping-taxable","12":"purchasable","13":"product-type-simple"},"_links":{"self":[{"href":"https:\/\/stoic-curie.212-227-153-4.plesk.page\/de\/wp-json\/wp\/v2\/product\/734518","targetHints":{"allow":["GET"]}}],"collection":[{"href":"https:\/\/stoic-curie.212-227-153-4.plesk.page\/de\/wp-json\/wp\/v2\/product"}],"about":[{"href":"https:\/\/stoic-curie.212-227-153-4.plesk.page\/de\/wp-json\/wp\/v2\/types\/product"}],"replies":[{"embeddable":true,"href":"https:\/\/stoic-curie.212-227-153-4.plesk.page\/de\/wp-json\/wp\/v2\/comments?post=734518"}],"version-history":[{"count":0,"href":"https:\/\/stoic-curie.212-227-153-4.plesk.page\/de\/wp-json\/wp\/v2\/product\/734518\/revisions"}],"wp:featuredmedia":[{"embeddable":true,"href":"https:\/\/stoic-curie.212-227-153-4.plesk.page\/de\/wp-json\/wp\/v2\/media\/5940690"}],"wp:attachment":[{"href":"https:\/\/stoic-curie.212-227-153-4.plesk.page\/de\/wp-json\/wp\/v2\/media?parent=734518"}],"wp:term":[{"taxonomy":"product_brand","embeddable":true,"href":"https:\/\/stoic-curie.212-227-153-4.plesk.page\/de\/wp-json\/wp\/v2\/product_brand?post=734518"},{"taxonomy":"product_cat","embeddable":true,"href":"https:\/\/stoic-curie.212-227-153-4.plesk.page\/de\/wp-json\/wp\/v2\/product_cat?post=734518"},{"taxonomy":"product_tag","embeddable":true,"href":"https:\/\/stoic-curie.212-227-153-4.plesk.page\/de\/wp-json\/wp\/v2\/product_tag?post=734518"}],"curies":[{"name":"wp","href":"https:\/\/api.w.org\/{rel}","templated":true}]}}