{"id":734519,"date":"2025-03-03T16:24:14","date_gmt":"2025-03-03T15:24:14","guid":{"rendered":"https:\/\/stoic-curie.212-227-153-4.plesk.page\/producto\/roter-kleber-fuer-marineholz-10-kg\/"},"modified":"2026-02-24T23:34:54","modified_gmt":"2026-02-24T23:34:54","slug":"roter-kleber-fuer-marineholz-10-kg","status":"publish","type":"product","link":"https:\/\/stoic-curie.212-227-153-4.plesk.page\/de\/product\/roter-kleber-fuer-marineholz-10-kg\/","title":{"rendered":"Roter Kleber f\u00fcr Marineholz 1,0 kg"},"content":{"rendered":"<p>Roter Kleber f\u00fcr Marineholz 1,0 kg &#8211; <\/p>\n<p>Roter Kleber f\u00fcr den Bau und die Reparatur von Holzbooten. Er verbindet alle Holzarten und ist speziell f\u00fcr Knie, Planken und alle untergetauchten Teile geeignet. Hervorragende Haltbarkeit und Wasserbest\u00e4ndigkeit.<\/p>\n","protected":false},"excerpt":{"rendered":"<p>Roter Kleber f\u00fcr Marineholz 1,0 kg &#8211; Roter Kleber f\u00fcr den Bau und die Reparatur von Holzbooten. Er verbindet alle<\/p>\n","protected":false},"featured_media":5940726,"comment_status":"open","ping_status":"closed","template":"","meta":[],"product_brand":[2870],"product_cat":[1350],"product_tag":[],"class_list":{"0":"post-734519","1":"product","2":"type-product","3":"status-publish","4":"has-post-thumbnail","6":"product_brand-crc-marine-de","7":"product_cat-klebstoffe-und-dichtungsmassen","9":"first","10":"instock","11":"shipping-taxable","12":"purchasable","13":"product-type-simple"},"_links":{"self":[{"href":"https:\/\/stoic-curie.212-227-153-4.plesk.page\/de\/wp-json\/wp\/v2\/product\/734519","targetHints":{"allow":["GET"]}}],"collection":[{"href":"https:\/\/stoic-curie.212-227-153-4.plesk.page\/de\/wp-json\/wp\/v2\/product"}],"about":[{"href":"https:\/\/stoic-curie.212-227-153-4.plesk.page\/de\/wp-json\/wp\/v2\/types\/product"}],"replies":[{"embeddable":true,"href":"https:\/\/stoic-curie.212-227-153-4.plesk.page\/de\/wp-json\/wp\/v2\/comments?post=734519"}],"version-history":[{"count":0,"href":"https:\/\/stoic-curie.212-227-153-4.plesk.page\/de\/wp-json\/wp\/v2\/product\/734519\/revisions"}],"wp:featuredmedia":[{"embeddable":true,"href":"https:\/\/stoic-curie.212-227-153-4.plesk.page\/de\/wp-json\/wp\/v2\/media\/5940726"}],"wp:attachment":[{"href":"https:\/\/stoic-curie.212-227-153-4.plesk.page\/de\/wp-json\/wp\/v2\/media?parent=734519"}],"wp:term":[{"taxonomy":"product_brand","embeddable":true,"href":"https:\/\/stoic-curie.212-227-153-4.plesk.page\/de\/wp-json\/wp\/v2\/product_brand?post=734519"},{"taxonomy":"product_cat","embeddable":true,"href":"https:\/\/stoic-curie.212-227-153-4.plesk.page\/de\/wp-json\/wp\/v2\/product_cat?post=734519"},{"taxonomy":"product_tag","embeddable":true,"href":"https:\/\/stoic-curie.212-227-153-4.plesk.page\/de\/wp-json\/wp\/v2\/product_tag?post=734519"}],"curies":[{"name":"wp","href":"https:\/\/api.w.org\/{rel}","templated":true}]}}