{"id":734523,"date":"2025-03-03T16:24:16","date_gmt":"2025-03-03T15:24:16","guid":{"rendered":"https:\/\/stoic-curie.212-227-153-4.plesk.page\/producto\/bootsshampoo-star-brite-38l\/"},"modified":"2026-02-24T23:34:54","modified_gmt":"2026-02-24T23:34:54","slug":"bootsshampoo-star-brite-38l","status":"publish","type":"product","link":"https:\/\/stoic-curie.212-227-153-4.plesk.page\/de\/product\/bootsshampoo-star-brite-38l\/","title":{"rendered":"Bootsshampoo Star Brite 3,8l"},"content":{"rendered":"<p>Bootsshampoo Star Brite 3,8l &#8211; <\/p>\n<p>\u2022 L\u00e4sst R\u00fcmpfe, Decks, Chrom und Beschl\u00e4ge strahlend sauber<br \/>\u2022 G\u00fcnstig &#8211; 2 oder 3 Kappen in einem Eimer Wasser reinigen ein 7 Meter Boot<br \/>\u2022 Hinterl\u00e4sst keine Streifen, keine R\u00fcckst\u00e4nde<br \/>\u2022 Entfernt kein Wachs oder Politur<br \/>\u2022 Umweltfreundlich dank der biologisch abbaubaren Formel<\/p>\n","protected":false},"excerpt":{"rendered":"<p>Bootsshampoo Star Brite 3,8l &#8211; \u2022 L\u00e4sst R\u00fcmpfe, Decks, Chrom und Beschl\u00e4ge strahlend sauber\u2022 G\u00fcnstig &#8211; 2 oder 3 Kappen<\/p>\n","protected":false},"featured_media":5940750,"comment_status":"open","ping_status":"closed","template":"","meta":[],"product_brand":[3435],"product_cat":[1341],"product_tag":[],"class_list":{"0":"post-734523","1":"product","2":"type-product","3":"status-publish","4":"has-post-thumbnail","6":"product_brand-starbrite-de","7":"product_cat-produkte-zur-reinigung","9":"first","10":"instock","11":"shipping-taxable","12":"purchasable","13":"product-type-simple"},"_links":{"self":[{"href":"https:\/\/stoic-curie.212-227-153-4.plesk.page\/de\/wp-json\/wp\/v2\/product\/734523","targetHints":{"allow":["GET"]}}],"collection":[{"href":"https:\/\/stoic-curie.212-227-153-4.plesk.page\/de\/wp-json\/wp\/v2\/product"}],"about":[{"href":"https:\/\/stoic-curie.212-227-153-4.plesk.page\/de\/wp-json\/wp\/v2\/types\/product"}],"replies":[{"embeddable":true,"href":"https:\/\/stoic-curie.212-227-153-4.plesk.page\/de\/wp-json\/wp\/v2\/comments?post=734523"}],"version-history":[{"count":0,"href":"https:\/\/stoic-curie.212-227-153-4.plesk.page\/de\/wp-json\/wp\/v2\/product\/734523\/revisions"}],"wp:featuredmedia":[{"embeddable":true,"href":"https:\/\/stoic-curie.212-227-153-4.plesk.page\/de\/wp-json\/wp\/v2\/media\/5940750"}],"wp:attachment":[{"href":"https:\/\/stoic-curie.212-227-153-4.plesk.page\/de\/wp-json\/wp\/v2\/media?parent=734523"}],"wp:term":[{"taxonomy":"product_brand","embeddable":true,"href":"https:\/\/stoic-curie.212-227-153-4.plesk.page\/de\/wp-json\/wp\/v2\/product_brand?post=734523"},{"taxonomy":"product_cat","embeddable":true,"href":"https:\/\/stoic-curie.212-227-153-4.plesk.page\/de\/wp-json\/wp\/v2\/product_cat?post=734523"},{"taxonomy":"product_tag","embeddable":true,"href":"https:\/\/stoic-curie.212-227-153-4.plesk.page\/de\/wp-json\/wp\/v2\/product_tag?post=734523"}],"curies":[{"name":"wp","href":"https:\/\/api.w.org\/{rel}","templated":true}]}}