{"id":734537,"date":"2025-03-03T16:24:21","date_gmt":"2025-03-03T15:24:21","guid":{"rendered":"https:\/\/stoic-curie.212-227-153-4.plesk.page\/producto\/professionelles-tauchmesser-18-cm\/"},"modified":"2026-02-24T23:34:54","modified_gmt":"2026-02-24T23:34:54","slug":"professionelles-tauchmesser-18-cm","status":"publish","type":"product","link":"https:\/\/stoic-curie.212-227-153-4.plesk.page\/de\/product\/professionelles-tauchmesser-18-cm\/","title":{"rendered":"Professionelles Tauchmesser 18 cm"},"content":{"rendered":"<p>Professionelles Tauchmesser 18 cm &#8211; <\/p>\n<p>Professionelles Tauchmesser mit Schnitthaken und R\u00fcckenschl\u00e4ger. Komplett mit Scheide und G\u00fcrtel. Klinge aus Edelstahl W1.4116. Die Klinge sollte nach dem Gebrauch mit S\u00fc\u00dfwasser abgesp\u00fclt und ge\u00f6lt werden.<\/p>\n","protected":false},"excerpt":{"rendered":"<p>Professionelles Tauchmesser 18 cm &#8211; Professionelles Tauchmesser mit Schnitthaken und R\u00fcckenschl\u00e4ger. Komplett mit Scheide und G\u00fcrtel. Klinge aus Edelstahl W1.4116.<\/p>\n","protected":false},"featured_media":5940804,"comment_status":"open","ping_status":"closed","template":"","meta":[],"product_brand":[3080],"product_cat":[1569,1557],"product_tag":[],"class_list":{"0":"post-734537","1":"product","2":"type-product","3":"status-publish","4":"has-post-thumbnail","6":"product_brand-macs-de","7":"product_cat-segelmesser-und-werkzeuge","8":"product_cat-tauchzubehoer","10":"first","11":"instock","12":"shipping-taxable","13":"purchasable","14":"product-type-simple"},"_links":{"self":[{"href":"https:\/\/stoic-curie.212-227-153-4.plesk.page\/de\/wp-json\/wp\/v2\/product\/734537","targetHints":{"allow":["GET"]}}],"collection":[{"href":"https:\/\/stoic-curie.212-227-153-4.plesk.page\/de\/wp-json\/wp\/v2\/product"}],"about":[{"href":"https:\/\/stoic-curie.212-227-153-4.plesk.page\/de\/wp-json\/wp\/v2\/types\/product"}],"replies":[{"embeddable":true,"href":"https:\/\/stoic-curie.212-227-153-4.plesk.page\/de\/wp-json\/wp\/v2\/comments?post=734537"}],"version-history":[{"count":0,"href":"https:\/\/stoic-curie.212-227-153-4.plesk.page\/de\/wp-json\/wp\/v2\/product\/734537\/revisions"}],"wp:featuredmedia":[{"embeddable":true,"href":"https:\/\/stoic-curie.212-227-153-4.plesk.page\/de\/wp-json\/wp\/v2\/media\/5940804"}],"wp:attachment":[{"href":"https:\/\/stoic-curie.212-227-153-4.plesk.page\/de\/wp-json\/wp\/v2\/media?parent=734537"}],"wp:term":[{"taxonomy":"product_brand","embeddable":true,"href":"https:\/\/stoic-curie.212-227-153-4.plesk.page\/de\/wp-json\/wp\/v2\/product_brand?post=734537"},{"taxonomy":"product_cat","embeddable":true,"href":"https:\/\/stoic-curie.212-227-153-4.plesk.page\/de\/wp-json\/wp\/v2\/product_cat?post=734537"},{"taxonomy":"product_tag","embeddable":true,"href":"https:\/\/stoic-curie.212-227-153-4.plesk.page\/de\/wp-json\/wp\/v2\/product_tag?post=734537"}],"curies":[{"name":"wp","href":"https:\/\/api.w.org\/{rel}","templated":true}]}}