{"id":734545,"date":"2025-03-03T16:24:23","date_gmt":"2025-03-03T15:24:23","guid":{"rendered":"https:\/\/stoic-curie.212-227-153-4.plesk.page\/producto\/bowman-ec100-3198-2\/"},"modified":"2026-02-24T23:34:54","modified_gmt":"2026-02-24T23:34:54","slug":"bowman-ec100-3198-2","status":"publish","type":"product","link":"https:\/\/stoic-curie.212-227-153-4.plesk.page\/de\/product\/bowman-ec100-3198-2\/","title":{"rendered":"Bowman EC100-3198-2"},"content":{"rendered":"<p>Bowman EC100-3198-2 &#8211; <\/p>\n<p>Bowman EC \u00d6l-K\u00fchler f\u00fcr Getriebe, Schmierstoffe und f\u00fcr alle W\u00e4rme\u00fcbertragungsfl\u00fcssigkeiten. Korrosionsbest\u00e4ndige Rohre aus Nickellegierung und Bronze-Endkappen. Maximaler \u00d6ldruck 20 bar. Maximaler Wasserdruck 16 bar. Maximaltemperatur 120 \u00b0C.<\/p>\n","protected":false},"excerpt":{"rendered":"<p>Bowman EC100-3198-2 &#8211; Bowman EC \u00d6l-K\u00fchler f\u00fcr Getriebe, Schmierstoffe und f\u00fcr alle W\u00e4rme\u00fcbertragungsfl\u00fcssigkeiten. Korrosionsbest\u00e4ndige Rohre aus Nickellegierung und Bronze-Endkappen. Maximaler<\/p>\n","protected":false},"featured_media":5940818,"comment_status":"open","ping_status":"closed","template":"","meta":[],"product_brand":[2845],"product_cat":[1503],"product_tag":[],"class_list":{"0":"post-734545","1":"product","2":"type-product","3":"status-publish","4":"has-post-thumbnail","6":"product_brand-bowman-de","7":"product_cat-waermetauscher-und-oelkuehler","9":"first","10":"instock","11":"shipping-taxable","12":"purchasable","13":"product-type-simple"},"_links":{"self":[{"href":"https:\/\/stoic-curie.212-227-153-4.plesk.page\/de\/wp-json\/wp\/v2\/product\/734545","targetHints":{"allow":["GET"]}}],"collection":[{"href":"https:\/\/stoic-curie.212-227-153-4.plesk.page\/de\/wp-json\/wp\/v2\/product"}],"about":[{"href":"https:\/\/stoic-curie.212-227-153-4.plesk.page\/de\/wp-json\/wp\/v2\/types\/product"}],"replies":[{"embeddable":true,"href":"https:\/\/stoic-curie.212-227-153-4.plesk.page\/de\/wp-json\/wp\/v2\/comments?post=734545"}],"version-history":[{"count":0,"href":"https:\/\/stoic-curie.212-227-153-4.plesk.page\/de\/wp-json\/wp\/v2\/product\/734545\/revisions"}],"wp:featuredmedia":[{"embeddable":true,"href":"https:\/\/stoic-curie.212-227-153-4.plesk.page\/de\/wp-json\/wp\/v2\/media\/5940818"}],"wp:attachment":[{"href":"https:\/\/stoic-curie.212-227-153-4.plesk.page\/de\/wp-json\/wp\/v2\/media?parent=734545"}],"wp:term":[{"taxonomy":"product_brand","embeddable":true,"href":"https:\/\/stoic-curie.212-227-153-4.plesk.page\/de\/wp-json\/wp\/v2\/product_brand?post=734545"},{"taxonomy":"product_cat","embeddable":true,"href":"https:\/\/stoic-curie.212-227-153-4.plesk.page\/de\/wp-json\/wp\/v2\/product_cat?post=734545"},{"taxonomy":"product_tag","embeddable":true,"href":"https:\/\/stoic-curie.212-227-153-4.plesk.page\/de\/wp-json\/wp\/v2\/product_tag?post=734545"}],"curies":[{"name":"wp","href":"https:\/\/api.w.org\/{rel}","templated":true}]}}