{"id":734547,"date":"2025-03-03T16:24:23","date_gmt":"2025-03-03T15:24:23","guid":{"rendered":"https:\/\/stoic-curie.212-227-153-4.plesk.page\/producto\/bowman-ec160-890-5\/"},"modified":"2026-02-24T23:34:54","modified_gmt":"2026-02-24T23:34:54","slug":"bowman-ec160-890-5","status":"publish","type":"product","link":"https:\/\/stoic-curie.212-227-153-4.plesk.page\/de\/product\/bowman-ec160-890-5\/","title":{"rendered":"Bowman EC160-890-5"},"content":{"rendered":"<p>Bowman EC160-890-5 &#8211; <\/p>\n<p style=\"color: rgb(34, 34, 34); font-family: Arial, Helvetica, sans-serif; font-size: small;\">Der Bowman EC160-890-5 Rohr\u00f6lk\u00fchler-W\u00e4rmetauscher wurde speziell entwickelt, um Motor\u00f6l zu k\u00fchlen. Er eignet sich f\u00fcr den Einsatz mit Getrieben, Schmierungssystemen und verschiedenen W\u00e4rme\u00fcbertragungsfl\u00fcssigkeiten. Dieses Ger\u00e4t verf\u00fcgt \u00fcber korrosionsbest\u00e4ndige Nickellegierungstuben und Bronze-Endkappen f\u00fcr eine hohe Haltbarkeit.<\/p>\n<p style=\"color: rgb(34, 34, 34); font-family: Arial, Helvetica, sans-serif; font-size: small;\">Zu den wichtigen technischen Spezifikationen geh\u00f6ren:<\/p>\n<ul style=\"color: rgb(34, 34, 34); font-family: Arial, Helvetica, sans-serif; font-size: small;\">\n<li>maximaler \u00d6ldruck: 20 bar<\/li>\n<li>maximaler Wasserdruck: 16 bar<\/li>\n<li>maximale Temperatur: 120\u00b0C<\/li>\n<li>L\u00e4nge: 590 mm<\/li>\n<li>Material: Kupfer-Nickel-Rohrb\u00fcndel mit marinem Messing-Endkappen<\/li>\n<li>Marke: Bowman<\/li>\n<li>Herkunftsland: Vereinigtes K\u00f6nigreich<\/li>\n<li>Anschl\u00fcsse: \u00d6l &#8211; 3\/4&#8243; BSP weiblich; Rohwasser &#8211; gerade marine Messing-Endkappen f\u00fcr 45 mm ID-Schlauch<\/li>\n<li>Au\u00dfendurchmesser: 100 mm<\/li>\n<li>maximale PS: 240 PS (180 kW)<\/li>\n<li>Modell: EC160<\/li>\n<\/ul>\n<p style=\"color: rgb(34, 34, 34); font-family: Arial, Helvetica, sans-serif; font-size: small;\">Dieser \u00d6l K\u00fchler ist eine hervorragende Wahl f\u00fcr alle, die Zuverl\u00e4ssigkeit und Qualit\u00e4t in ihren maritimen Anwendungen suchen.<\/p>\n","protected":false},"excerpt":{"rendered":"<p>Bowman EC160-890-5 &#8211; Der Bowman EC160-890-5 Rohr\u00f6lk\u00fchler-W\u00e4rmetauscher wurde speziell entwickelt, um Motor\u00f6l zu k\u00fchlen. Er eignet sich f\u00fcr den Einsatz<\/p>\n","protected":false},"featured_media":5940819,"comment_status":"open","ping_status":"closed","template":"","meta":[],"product_brand":[2845],"product_cat":[1503],"product_tag":[],"class_list":{"0":"post-734547","1":"product","2":"type-product","3":"status-publish","4":"has-post-thumbnail","6":"product_brand-bowman-de","7":"product_cat-waermetauscher-und-oelkuehler","9":"first","10":"instock","11":"shipping-taxable","12":"purchasable","13":"product-type-simple"},"_links":{"self":[{"href":"https:\/\/stoic-curie.212-227-153-4.plesk.page\/de\/wp-json\/wp\/v2\/product\/734547","targetHints":{"allow":["GET"]}}],"collection":[{"href":"https:\/\/stoic-curie.212-227-153-4.plesk.page\/de\/wp-json\/wp\/v2\/product"}],"about":[{"href":"https:\/\/stoic-curie.212-227-153-4.plesk.page\/de\/wp-json\/wp\/v2\/types\/product"}],"replies":[{"embeddable":true,"href":"https:\/\/stoic-curie.212-227-153-4.plesk.page\/de\/wp-json\/wp\/v2\/comments?post=734547"}],"version-history":[{"count":0,"href":"https:\/\/stoic-curie.212-227-153-4.plesk.page\/de\/wp-json\/wp\/v2\/product\/734547\/revisions"}],"wp:featuredmedia":[{"embeddable":true,"href":"https:\/\/stoic-curie.212-227-153-4.plesk.page\/de\/wp-json\/wp\/v2\/media\/5940819"}],"wp:attachment":[{"href":"https:\/\/stoic-curie.212-227-153-4.plesk.page\/de\/wp-json\/wp\/v2\/media?parent=734547"}],"wp:term":[{"taxonomy":"product_brand","embeddable":true,"href":"https:\/\/stoic-curie.212-227-153-4.plesk.page\/de\/wp-json\/wp\/v2\/product_brand?post=734547"},{"taxonomy":"product_cat","embeddable":true,"href":"https:\/\/stoic-curie.212-227-153-4.plesk.page\/de\/wp-json\/wp\/v2\/product_cat?post=734547"},{"taxonomy":"product_tag","embeddable":true,"href":"https:\/\/stoic-curie.212-227-153-4.plesk.page\/de\/wp-json\/wp\/v2\/product_tag?post=734547"}],"curies":[{"name":"wp","href":"https:\/\/api.w.org\/{rel}","templated":true}]}}