{"id":734549,"date":"2025-03-03T16:24:24","date_gmt":"2025-03-03T15:24:24","guid":{"rendered":"https:\/\/stoic-curie.212-227-153-4.plesk.page\/producto\/mz-funkfernbedienung-auf-ab-2-tasten-kettenzaehler\/"},"modified":"2026-02-24T23:34:54","modified_gmt":"2026-02-24T23:34:54","slug":"mz-funkfernbedienung-auf-ab-2-tasten-kettenzaehler","status":"publish","type":"product","link":"https:\/\/stoic-curie.212-227-153-4.plesk.page\/de\/product\/mz-funkfernbedienung-auf-ab-2-tasten-kettenzaehler\/","title":{"rendered":"Mz Funkfernbedienung Auf-Ab 2 Tasten Kettenz\u00e4hler"},"content":{"rendered":"<p>Mz Funkfernbedienung Auf-Ab 2 Tasten Kettenz\u00e4hler &#8211; <\/p>\n<p>Funkfernsteuerung Handheld-Kettenz\u00e4hler f\u00fcr Winde und bis zu zwei Thruster. Sie zeigt die Geschwindigkeit und die Meter der abgelassenen Kette ohne Kabelbinder, Stecker oder Paneele an, was viel Freiheit bei den Man\u00f6vern w\u00e4hrend der Ankeroperationen bietet. Komplett mit wiederaufladbarem Akku und QI-Induktionsladebasis. Stromversorgung 10-30V, IP67-Schutz, Abmessungen 170 x 80 x 50 mm. Empf\u00e4ngerabmessungen: 150 x 110 x 75 mm.<\/p>\n","protected":false},"excerpt":{"rendered":"<p>Mz Funkfernbedienung Auf-Ab 2 Tasten Kettenz\u00e4hler &#8211; Funkfernsteuerung Handheld-Kettenz\u00e4hler f\u00fcr Winde und bis zu zwei Thruster. Sie zeigt die Geschwindigkeit<\/p>\n","protected":false},"featured_media":5940820,"comment_status":"open","ping_status":"closed","template":"","meta":[],"product_brand":[3160],"product_cat":[1324],"product_tag":[],"class_list":{"0":"post-734549","1":"product","2":"type-product","3":"status-publish","4":"has-post-thumbnail","6":"product_brand-mz-electronic-de","7":"product_cat-ankerwinden-quick","9":"first","10":"instock","11":"shipping-taxable","12":"purchasable","13":"product-type-simple"},"_links":{"self":[{"href":"https:\/\/stoic-curie.212-227-153-4.plesk.page\/de\/wp-json\/wp\/v2\/product\/734549","targetHints":{"allow":["GET"]}}],"collection":[{"href":"https:\/\/stoic-curie.212-227-153-4.plesk.page\/de\/wp-json\/wp\/v2\/product"}],"about":[{"href":"https:\/\/stoic-curie.212-227-153-4.plesk.page\/de\/wp-json\/wp\/v2\/types\/product"}],"replies":[{"embeddable":true,"href":"https:\/\/stoic-curie.212-227-153-4.plesk.page\/de\/wp-json\/wp\/v2\/comments?post=734549"}],"version-history":[{"count":0,"href":"https:\/\/stoic-curie.212-227-153-4.plesk.page\/de\/wp-json\/wp\/v2\/product\/734549\/revisions"}],"wp:featuredmedia":[{"embeddable":true,"href":"https:\/\/stoic-curie.212-227-153-4.plesk.page\/de\/wp-json\/wp\/v2\/media\/5940820"}],"wp:attachment":[{"href":"https:\/\/stoic-curie.212-227-153-4.plesk.page\/de\/wp-json\/wp\/v2\/media?parent=734549"}],"wp:term":[{"taxonomy":"product_brand","embeddable":true,"href":"https:\/\/stoic-curie.212-227-153-4.plesk.page\/de\/wp-json\/wp\/v2\/product_brand?post=734549"},{"taxonomy":"product_cat","embeddable":true,"href":"https:\/\/stoic-curie.212-227-153-4.plesk.page\/de\/wp-json\/wp\/v2\/product_cat?post=734549"},{"taxonomy":"product_tag","embeddable":true,"href":"https:\/\/stoic-curie.212-227-153-4.plesk.page\/de\/wp-json\/wp\/v2\/product_tag?post=734549"}],"curies":[{"name":"wp","href":"https:\/\/api.w.org\/{rel}","templated":true}]}}