{"id":734550,"date":"2025-03-03T16:24:24","date_gmt":"2025-03-03T15:24:24","guid":{"rendered":"https:\/\/stoic-curie.212-227-153-4.plesk.page\/producto\/mz-kettenzaehler-panel\/"},"modified":"2026-02-24T23:34:54","modified_gmt":"2026-02-24T23:34:54","slug":"mz-kettenzaehler-panel","status":"publish","type":"product","link":"https:\/\/stoic-curie.212-227-153-4.plesk.page\/de\/product\/mz-kettenzaehler-panel\/","title":{"rendered":"Mz Kettenz\u00e4hler-Panel"},"content":{"rendered":"<p>Mz Kettenz\u00e4hler-Panel &#8211; <\/p>\n<p>Kettenschalter-Panel, es z\u00e4hlt die L\u00e4nge des gelockerten Kettens. Klein und kompakt, kann an allen Winden montiert werden. Geh\u00e4use mit Schutzart IP56. Universelle Stromversorgung 12\/24V. Abmessungen: 60 x 60 x 18 mm.<\/p>\n","protected":false},"excerpt":{"rendered":"<p>Mz Kettenz\u00e4hler-Panel &#8211; Kettenschalter-Panel, es z\u00e4hlt die L\u00e4nge des gelockerten Kettens. Klein und kompakt, kann an allen Winden montiert werden.<\/p>\n","protected":false},"featured_media":5940821,"comment_status":"open","ping_status":"closed","template":"","meta":[],"product_brand":[3160],"product_cat":[1324],"product_tag":[],"class_list":{"0":"post-734550","1":"product","2":"type-product","3":"status-publish","4":"has-post-thumbnail","6":"product_brand-mz-electronic-de","7":"product_cat-ankerwinden-quick","9":"first","10":"instock","11":"shipping-taxable","12":"purchasable","13":"product-type-simple"},"_links":{"self":[{"href":"https:\/\/stoic-curie.212-227-153-4.plesk.page\/de\/wp-json\/wp\/v2\/product\/734550","targetHints":{"allow":["GET"]}}],"collection":[{"href":"https:\/\/stoic-curie.212-227-153-4.plesk.page\/de\/wp-json\/wp\/v2\/product"}],"about":[{"href":"https:\/\/stoic-curie.212-227-153-4.plesk.page\/de\/wp-json\/wp\/v2\/types\/product"}],"replies":[{"embeddable":true,"href":"https:\/\/stoic-curie.212-227-153-4.plesk.page\/de\/wp-json\/wp\/v2\/comments?post=734550"}],"version-history":[{"count":0,"href":"https:\/\/stoic-curie.212-227-153-4.plesk.page\/de\/wp-json\/wp\/v2\/product\/734550\/revisions"}],"wp:featuredmedia":[{"embeddable":true,"href":"https:\/\/stoic-curie.212-227-153-4.plesk.page\/de\/wp-json\/wp\/v2\/media\/5940821"}],"wp:attachment":[{"href":"https:\/\/stoic-curie.212-227-153-4.plesk.page\/de\/wp-json\/wp\/v2\/media?parent=734550"}],"wp:term":[{"taxonomy":"product_brand","embeddable":true,"href":"https:\/\/stoic-curie.212-227-153-4.plesk.page\/de\/wp-json\/wp\/v2\/product_brand?post=734550"},{"taxonomy":"product_cat","embeddable":true,"href":"https:\/\/stoic-curie.212-227-153-4.plesk.page\/de\/wp-json\/wp\/v2\/product_cat?post=734550"},{"taxonomy":"product_tag","embeddable":true,"href":"https:\/\/stoic-curie.212-227-153-4.plesk.page\/de\/wp-json\/wp\/v2\/product_tag?post=734550"}],"curies":[{"name":"wp","href":"https:\/\/api.w.org\/{rel}","templated":true}]}}