{"id":734557,"date":"2025-03-03T16:24:25","date_gmt":"2025-03-03T15:24:25","guid":{"rendered":"https:\/\/stoic-curie.212-227-153-4.plesk.page\/producto\/mischventil-fuer-warmwasserbereiter-quick\/"},"modified":"2026-02-24T23:34:54","modified_gmt":"2026-02-24T23:34:54","slug":"mischventil-fuer-warmwasserbereiter-quick","status":"publish","type":"product","link":"https:\/\/stoic-curie.212-227-153-4.plesk.page\/de\/product\/mischventil-fuer-warmwasserbereiter-quick\/","title":{"rendered":"Mischventil f\u00fcr Warmwasserbereiter Quick"},"content":{"rendered":"<p>Mischventil f\u00fcr Warmwasserbereiter Quick &#8211; <\/p>\n<p>D\u00fcnner Nautic-Boiler f\u00fcr den maritimen Einsatz. Funktioniert entweder an Land oder mit einem Generator bei 1200W-220V elektrischer Widerstand oder, dank eines speziellen ummantelten W\u00e4rmetauschers, mit der K\u00fchlkreislauffl\u00fcssigkeit des Motors. H\u00e4lt das Wasser trinkbar. Ein Anoden gegen den Elektrolyse-Effekt ist enthalten. Beh\u00e4lter aus 316 Edelstahl und Isoliergeh\u00e4use. 3 Jahre Garantie. Kann mit einem Mischventil-Kit erg\u00e4nzt werden.<\/p>\n","protected":false},"excerpt":{"rendered":"<p>Mischventil f\u00fcr Warmwasserbereiter Quick &#8211; D\u00fcnner Nautic-Boiler f\u00fcr den maritimen Einsatz. Funktioniert entweder an Land oder mit einem Generator bei<\/p>\n","protected":false},"featured_media":5940856,"comment_status":"open","ping_status":"closed","template":"","meta":[],"product_brand":[3280],"product_cat":[1364],"product_tag":[],"class_list":{"0":"post-734557","1":"product","2":"type-product","3":"status-publish","4":"has-post-thumbnail","6":"product_brand-quick-de","7":"product_cat-wasserboiler","9":"first","10":"instock","11":"shipping-taxable","12":"purchasable","13":"product-type-simple"},"_links":{"self":[{"href":"https:\/\/stoic-curie.212-227-153-4.plesk.page\/de\/wp-json\/wp\/v2\/product\/734557","targetHints":{"allow":["GET"]}}],"collection":[{"href":"https:\/\/stoic-curie.212-227-153-4.plesk.page\/de\/wp-json\/wp\/v2\/product"}],"about":[{"href":"https:\/\/stoic-curie.212-227-153-4.plesk.page\/de\/wp-json\/wp\/v2\/types\/product"}],"replies":[{"embeddable":true,"href":"https:\/\/stoic-curie.212-227-153-4.plesk.page\/de\/wp-json\/wp\/v2\/comments?post=734557"}],"version-history":[{"count":0,"href":"https:\/\/stoic-curie.212-227-153-4.plesk.page\/de\/wp-json\/wp\/v2\/product\/734557\/revisions"}],"wp:featuredmedia":[{"embeddable":true,"href":"https:\/\/stoic-curie.212-227-153-4.plesk.page\/de\/wp-json\/wp\/v2\/media\/5940856"}],"wp:attachment":[{"href":"https:\/\/stoic-curie.212-227-153-4.plesk.page\/de\/wp-json\/wp\/v2\/media?parent=734557"}],"wp:term":[{"taxonomy":"product_brand","embeddable":true,"href":"https:\/\/stoic-curie.212-227-153-4.plesk.page\/de\/wp-json\/wp\/v2\/product_brand?post=734557"},{"taxonomy":"product_cat","embeddable":true,"href":"https:\/\/stoic-curie.212-227-153-4.plesk.page\/de\/wp-json\/wp\/v2\/product_cat?post=734557"},{"taxonomy":"product_tag","embeddable":true,"href":"https:\/\/stoic-curie.212-227-153-4.plesk.page\/de\/wp-json\/wp\/v2\/product_tag?post=734557"}],"curies":[{"name":"wp","href":"https:\/\/api.w.org\/{rel}","templated":true}]}}