{"id":734558,"date":"2025-03-03T16:24:25","date_gmt":"2025-03-03T15:24:25","guid":{"rendered":"https:\/\/stoic-curie.212-227-153-4.plesk.page\/producto\/handfunkfernbedienung-mit-4-tasten-fuer-quick-bugstrahlruder\/"},"modified":"2026-02-24T23:34:54","modified_gmt":"2026-02-24T23:34:54","slug":"handfunkfernbedienung-mit-4-tasten-fuer-quick-bugstrahlruder","status":"publish","type":"product","link":"https:\/\/stoic-curie.212-227-153-4.plesk.page\/de\/product\/handfunkfernbedienung-mit-4-tasten-fuer-quick-bugstrahlruder\/","title":{"rendered":"Handfunkfernbedienung mit 4 Tasten f\u00fcr Quick-Bugstrahlruder"},"content":{"rendered":"<p>Handfunkfernbedienung mit 4 Tasten f\u00fcr Quick-Bugstrahlruder &#8211; <\/p>\n<p>Handheld- und Taschenradioger\u00e4te zur Fernsteuerung von Quick-Bow-Thrusters. Schwimmf\u00e4hig, IP67-Schutz und mit LED-Anzeige. Der Handtransmitter ist mit einem schockfesten Gummigeh\u00e4use und einer hintergrundbeleuchteten Silikontastatur ausgestattet. Er kann mit wiederaufladbaren Batterien betrieben werden. Der Transmitter kann mit einem 4- oder 6-Kanal-Relaisempf\u00e4nger entsprechend der Tastenbelegung ausgestattet werden.<\/p>\n","protected":false},"excerpt":{"rendered":"<p>Handfunkfernbedienung mit 4 Tasten f\u00fcr Quick-Bugstrahlruder &#8211; Handheld- und Taschenradioger\u00e4te zur Fernsteuerung von Quick-Bow-Thrusters. Schwimmf\u00e4hig, IP67-Schutz und mit LED-Anzeige. Der<\/p>\n","protected":false},"featured_media":5940858,"comment_status":"open","ping_status":"closed","template":"","meta":[],"product_brand":[3280],"product_cat":[1323],"product_tag":[],"class_list":{"0":"post-734558","1":"product","2":"type-product","3":"status-publish","4":"has-post-thumbnail","6":"product_brand-quick-de","7":"product_cat-bugstrahlruder-quick","9":"first","10":"instock","11":"shipping-taxable","12":"purchasable","13":"product-type-simple"},"_links":{"self":[{"href":"https:\/\/stoic-curie.212-227-153-4.plesk.page\/de\/wp-json\/wp\/v2\/product\/734558","targetHints":{"allow":["GET"]}}],"collection":[{"href":"https:\/\/stoic-curie.212-227-153-4.plesk.page\/de\/wp-json\/wp\/v2\/product"}],"about":[{"href":"https:\/\/stoic-curie.212-227-153-4.plesk.page\/de\/wp-json\/wp\/v2\/types\/product"}],"replies":[{"embeddable":true,"href":"https:\/\/stoic-curie.212-227-153-4.plesk.page\/de\/wp-json\/wp\/v2\/comments?post=734558"}],"version-history":[{"count":0,"href":"https:\/\/stoic-curie.212-227-153-4.plesk.page\/de\/wp-json\/wp\/v2\/product\/734558\/revisions"}],"wp:featuredmedia":[{"embeddable":true,"href":"https:\/\/stoic-curie.212-227-153-4.plesk.page\/de\/wp-json\/wp\/v2\/media\/5940858"}],"wp:attachment":[{"href":"https:\/\/stoic-curie.212-227-153-4.plesk.page\/de\/wp-json\/wp\/v2\/media?parent=734558"}],"wp:term":[{"taxonomy":"product_brand","embeddable":true,"href":"https:\/\/stoic-curie.212-227-153-4.plesk.page\/de\/wp-json\/wp\/v2\/product_brand?post=734558"},{"taxonomy":"product_cat","embeddable":true,"href":"https:\/\/stoic-curie.212-227-153-4.plesk.page\/de\/wp-json\/wp\/v2\/product_cat?post=734558"},{"taxonomy":"product_tag","embeddable":true,"href":"https:\/\/stoic-curie.212-227-153-4.plesk.page\/de\/wp-json\/wp\/v2\/product_tag?post=734558"}],"curies":[{"name":"wp","href":"https:\/\/api.w.org\/{rel}","templated":true}]}}