{"id":734571,"date":"2025-03-03T16:24:28","date_gmt":"2025-03-03T15:24:28","guid":{"rendered":"https:\/\/stoic-curie.212-227-153-4.plesk.page\/producto\/abdeckungen-fuer-aussenborder-fendress-weinrot-60x50x50-cm\/"},"modified":"2026-02-24T23:34:55","modified_gmt":"2026-02-24T23:34:55","slug":"abdeckungen-fuer-aussenborder-fendress-weinrot-60x50x50-cm","status":"publish","type":"product","link":"https:\/\/stoic-curie.212-227-153-4.plesk.page\/de\/product\/abdeckungen-fuer-aussenborder-fendress-weinrot-60x50x50-cm\/","title":{"rendered":"Abdeckungen f\u00fcr Au\u00dfenborder Fendress Weinrot 60x50x50 cm"},"content":{"rendered":"<p>Abdeckungen f\u00fcr Au\u00dfenborder Fendress Weinrot 60x50x50 cm &#8211; <\/p>\n<p>Premium Qualit\u00e4t Au\u00dfenbord-Cover, gefertigt aus demselben Stoff, der f\u00fcr weiche und robuste Fendress Fendercover verwendet wird. Sch\u00fctzt vor Abrieb, Witterungseinfl\u00fcssen, St\u00f6\u00dfen, Kratzern, UV-Strahlen und kann sogar w\u00e4hrend der Fahrt an dem Au\u00dfenbordmotor bleiben. Fenboard Covers bestehen aus atmungsaktivem Stoff (kein Kondensat) und verblassen nicht. Maschinenw\u00e4sche und schnelles Trocknen. Mit dem Fendboard Cover bleibt Ihr Au\u00dfenbordmotor l\u00e4nger wie neu.<\/p>\n","protected":false},"excerpt":{"rendered":"<p>Abdeckungen f\u00fcr Au\u00dfenborder Fendress Weinrot 60x50x50 cm &#8211; Premium Qualit\u00e4t Au\u00dfenbord-Cover, gefertigt aus demselben Stoff, der f\u00fcr weiche und robuste<\/p>\n","protected":false},"featured_media":5936878,"comment_status":"open","ping_status":"closed","template":"","meta":[],"product_brand":[2935],"product_cat":[1396,1540],"product_tag":[],"class_list":{"0":"post-734571","1":"product","2":"type-product","3":"status-publish","4":"has-post-thumbnail","6":"product_brand-fendress-de","7":"product_cat-bootabdeckungen","8":"product_cat-zubehoer-fuer-aussenborder","10":"first","11":"instock","12":"shipping-taxable","13":"purchasable","14":"product-type-simple"},"_links":{"self":[{"href":"https:\/\/stoic-curie.212-227-153-4.plesk.page\/de\/wp-json\/wp\/v2\/product\/734571","targetHints":{"allow":["GET"]}}],"collection":[{"href":"https:\/\/stoic-curie.212-227-153-4.plesk.page\/de\/wp-json\/wp\/v2\/product"}],"about":[{"href":"https:\/\/stoic-curie.212-227-153-4.plesk.page\/de\/wp-json\/wp\/v2\/types\/product"}],"replies":[{"embeddable":true,"href":"https:\/\/stoic-curie.212-227-153-4.plesk.page\/de\/wp-json\/wp\/v2\/comments?post=734571"}],"version-history":[{"count":0,"href":"https:\/\/stoic-curie.212-227-153-4.plesk.page\/de\/wp-json\/wp\/v2\/product\/734571\/revisions"}],"wp:featuredmedia":[{"embeddable":true,"href":"https:\/\/stoic-curie.212-227-153-4.plesk.page\/de\/wp-json\/wp\/v2\/media\/5936878"}],"wp:attachment":[{"href":"https:\/\/stoic-curie.212-227-153-4.plesk.page\/de\/wp-json\/wp\/v2\/media?parent=734571"}],"wp:term":[{"taxonomy":"product_brand","embeddable":true,"href":"https:\/\/stoic-curie.212-227-153-4.plesk.page\/de\/wp-json\/wp\/v2\/product_brand?post=734571"},{"taxonomy":"product_cat","embeddable":true,"href":"https:\/\/stoic-curie.212-227-153-4.plesk.page\/de\/wp-json\/wp\/v2\/product_cat?post=734571"},{"taxonomy":"product_tag","embeddable":true,"href":"https:\/\/stoic-curie.212-227-153-4.plesk.page\/de\/wp-json\/wp\/v2\/product_tag?post=734571"}],"curies":[{"name":"wp","href":"https:\/\/api.w.org\/{rel}","templated":true}]}}