{"id":734580,"date":"2025-03-03T16:24:30","date_gmt":"2025-03-03T15:24:30","guid":{"rendered":"https:\/\/stoic-curie.212-227-153-4.plesk.page\/producto\/multi-fender-dock-guard-60x30x8cm\/"},"modified":"2026-02-24T23:34:55","modified_gmt":"2026-02-24T23:34:55","slug":"multi-fender-dock-guard-60x30x8cm","status":"publish","type":"product","link":"https:\/\/stoic-curie.212-227-153-4.plesk.page\/de\/product\/multi-fender-dock-guard-60x30x8cm\/","title":{"rendered":"Multi-Fender Dock Guard 60x30x8cm"},"content":{"rendered":"<p>Multi-Fender Dock Guard 60x30x8cm &#8211; <\/p>\n<p>Faltbare elastische Struktur-Bumper, die es erm\u00f6glicht, unregelm\u00e4\u00dfige oder flache Oberfl\u00e4chen zu umrunden und zu sch\u00fctzen. Kann an W\u00e4llen, Pfosten, Gel\u00e4ndern und Ecken angebracht und als Bugboje verwendet werden.<\/p>\n","protected":false},"excerpt":{"rendered":"<p>Multi-Fender Dock Guard 60x30x8cm &#8211; Faltbare elastische Struktur-Bumper, die es erm\u00f6glicht, unregelm\u00e4\u00dfige oder flache Oberfl\u00e4chen zu umrunden und zu sch\u00fctzen.<\/p>\n","protected":false},"featured_media":5941042,"comment_status":"open","ping_status":"closed","template":"","meta":[],"product_brand":[3090],"product_cat":[1562],"product_tag":[],"class_list":{"0":"post-734580","1":"product","2":"type-product","3":"status-publish","4":"has-post-thumbnail","6":"product_brand-majoni-de","7":"product_cat-anlegestossdaempfer","9":"first","10":"instock","11":"shipping-taxable","12":"purchasable","13":"product-type-simple"},"_links":{"self":[{"href":"https:\/\/stoic-curie.212-227-153-4.plesk.page\/de\/wp-json\/wp\/v2\/product\/734580","targetHints":{"allow":["GET"]}}],"collection":[{"href":"https:\/\/stoic-curie.212-227-153-4.plesk.page\/de\/wp-json\/wp\/v2\/product"}],"about":[{"href":"https:\/\/stoic-curie.212-227-153-4.plesk.page\/de\/wp-json\/wp\/v2\/types\/product"}],"replies":[{"embeddable":true,"href":"https:\/\/stoic-curie.212-227-153-4.plesk.page\/de\/wp-json\/wp\/v2\/comments?post=734580"}],"version-history":[{"count":0,"href":"https:\/\/stoic-curie.212-227-153-4.plesk.page\/de\/wp-json\/wp\/v2\/product\/734580\/revisions"}],"wp:featuredmedia":[{"embeddable":true,"href":"https:\/\/stoic-curie.212-227-153-4.plesk.page\/de\/wp-json\/wp\/v2\/media\/5941042"}],"wp:attachment":[{"href":"https:\/\/stoic-curie.212-227-153-4.plesk.page\/de\/wp-json\/wp\/v2\/media?parent=734580"}],"wp:term":[{"taxonomy":"product_brand","embeddable":true,"href":"https:\/\/stoic-curie.212-227-153-4.plesk.page\/de\/wp-json\/wp\/v2\/product_brand?post=734580"},{"taxonomy":"product_cat","embeddable":true,"href":"https:\/\/stoic-curie.212-227-153-4.plesk.page\/de\/wp-json\/wp\/v2\/product_cat?post=734580"},{"taxonomy":"product_tag","embeddable":true,"href":"https:\/\/stoic-curie.212-227-153-4.plesk.page\/de\/wp-json\/wp\/v2\/product_tag?post=734580"}],"curies":[{"name":"wp","href":"https:\/\/api.w.org\/{rel}","templated":true}]}}