{"id":734582,"date":"2025-03-03T16:24:30","date_gmt":"2025-03-03T15:24:30","guid":{"rendered":"https:\/\/stoic-curie.212-227-153-4.plesk.page\/producto\/wassertank-can-sb-160l-links\/"},"modified":"2026-02-24T23:34:55","modified_gmt":"2026-02-24T23:34:55","slug":"wassertank-can-sb-160l-links","status":"publish","type":"product","link":"https:\/\/stoic-curie.212-227-153-4.plesk.page\/de\/product\/wassertank-can-sb-160l-links\/","title":{"rendered":"Wassertank CAN-SB 160l (LINKS)"},"content":{"rendered":"<p>Wassertank CAN-SB 160l (LINKS) &#8211; <\/p>\n<p>Wir freuen uns, Ihnen den Wassertank CAN-SB 160 l (LINKS) vorstellen zu d\u00fcrfen. Dieser anpassungsf\u00e4hige Tank eignet sich hervorragend zur Lagerung von Frisch- und Grauwasser. Er ist mit einer doppelten Klappe, einem Tauchrohr und einem 38 mm drehbaren Rohr-zu-Schlauch-Anschluss ausgestattet. Der Tank besteht aus hochdichtem Polyethylen und ist f\u00fcr die Lagerung von Frischwasser, Salzwasser, Grauwasser und Abwasser geeignet. Polyethylen ist ein leichtes und ungiftiges Material, das f\u00fcr seine Haltbarkeit und seine F\u00e4higkeit, mechanischen und chemischen Belastungen standzuhalten, bekannt ist.<\/p>\n<p>Unsere Tanks aus hochdichtem Polyethylen sind speziell f\u00fcr Trinkwasser, die Lagerung von Lebensmitteln sowie die Sammlung von Regenwasser oder Abwasser konzipiert. Hergestellt aus sicherem, ungiftigem linearem Polyethylen, entsprechen diese Tanks allen geltenden Vorschriften und Standards. Das Verfahren des Rotationsformens zusammen mit hochdichtem linearem Polyethylen bietet au\u00dfergew\u00f6hnliche Sto\u00dffestigkeit und sch\u00fctzt vor chemischer Einwirkung, wodurch ihre Langlebigkeit bei extremen Temperaturen, schlechten Witterungsbedingungen und UV-Strahlung sichergestellt wird.<\/p>\n","protected":false},"excerpt":{"rendered":"<p>Wassertank CAN-SB 160l (LINKS) &#8211; Wir freuen uns, Ihnen den Wassertank CAN-SB 160 l (LINKS) vorstellen zu d\u00fcrfen. Dieser anpassungsf\u00e4hige<\/p>\n","protected":false},"featured_media":5941044,"comment_status":"open","ping_status":"closed","template":"","meta":[],"product_brand":[2855],"product_cat":[1377],"product_tag":[],"class_list":{"0":"post-734582","1":"product","2":"type-product","3":"status-publish","4":"has-post-thumbnail","6":"product_brand-can-marine-de","7":"product_cat-wassertanks","9":"first","10":"instock","11":"shipping-taxable","12":"purchasable","13":"product-type-simple"},"_links":{"self":[{"href":"https:\/\/stoic-curie.212-227-153-4.plesk.page\/de\/wp-json\/wp\/v2\/product\/734582","targetHints":{"allow":["GET"]}}],"collection":[{"href":"https:\/\/stoic-curie.212-227-153-4.plesk.page\/de\/wp-json\/wp\/v2\/product"}],"about":[{"href":"https:\/\/stoic-curie.212-227-153-4.plesk.page\/de\/wp-json\/wp\/v2\/types\/product"}],"replies":[{"embeddable":true,"href":"https:\/\/stoic-curie.212-227-153-4.plesk.page\/de\/wp-json\/wp\/v2\/comments?post=734582"}],"version-history":[{"count":0,"href":"https:\/\/stoic-curie.212-227-153-4.plesk.page\/de\/wp-json\/wp\/v2\/product\/734582\/revisions"}],"wp:featuredmedia":[{"embeddable":true,"href":"https:\/\/stoic-curie.212-227-153-4.plesk.page\/de\/wp-json\/wp\/v2\/media\/5941044"}],"wp:attachment":[{"href":"https:\/\/stoic-curie.212-227-153-4.plesk.page\/de\/wp-json\/wp\/v2\/media?parent=734582"}],"wp:term":[{"taxonomy":"product_brand","embeddable":true,"href":"https:\/\/stoic-curie.212-227-153-4.plesk.page\/de\/wp-json\/wp\/v2\/product_brand?post=734582"},{"taxonomy":"product_cat","embeddable":true,"href":"https:\/\/stoic-curie.212-227-153-4.plesk.page\/de\/wp-json\/wp\/v2\/product_cat?post=734582"},{"taxonomy":"product_tag","embeddable":true,"href":"https:\/\/stoic-curie.212-227-153-4.plesk.page\/de\/wp-json\/wp\/v2\/product_tag?post=734582"}],"curies":[{"name":"wp","href":"https:\/\/api.w.org\/{rel}","templated":true}]}}