{"id":734586,"date":"2025-03-03T16:24:31","date_gmt":"2025-03-03T15:24:31","guid":{"rendered":"https:\/\/stoic-curie.212-227-153-4.plesk.page\/producto\/selbstansaugende-pumpe-marco-up1-m-45-l-12v\/"},"modified":"2026-02-24T23:34:55","modified_gmt":"2026-02-24T23:34:55","slug":"selbstansaugende-pumpe-marco-up1-m-45-l-12v","status":"publish","type":"product","link":"https:\/\/stoic-curie.212-227-153-4.plesk.page\/de\/product\/selbstansaugende-pumpe-marco-up1-m-45-l-12v\/","title":{"rendered":"Selbstansaugende Pumpe Marco UP1-M 45 l 12V"},"content":{"rendered":"<p>Selbstansaugende Pumpe Marco UP1-M 45 l 12V &#8211; <\/p>\n<p>Selbstansaugende Pumpen Marco UP1 mit Nitrilk\u00f6rper und verchromtem Messingkopf. Wasserdichtes Geh\u00e4use und wasserdichter Kabelverschluss. Ideal f\u00fcr Frischwasser, Salzwasser und Schmutzwasser.<\/p>\n","protected":false},"excerpt":{"rendered":"<p>Selbstansaugende Pumpe Marco UP1-M 45 l 12V &#8211; Selbstansaugende Pumpen Marco UP1 mit Nitrilk\u00f6rper und verchromtem Messingkopf. Wasserdichtes Geh\u00e4use und<\/p>\n","protected":false},"featured_media":5941055,"comment_status":"open","ping_status":"closed","template":"","meta":[],"product_brand":[3095],"product_cat":[1500,1384],"product_tag":[],"class_list":{"0":"post-734586","1":"product","2":"type-product","3":"status-publish","4":"has-post-thumbnail","6":"product_brand-marco-de","7":"product_cat-pumpen-fuer-oel-und-kraftstoff","8":"product_cat-wasserkreislaufpumpen","10":"first","11":"instock","12":"shipping-taxable","13":"purchasable","14":"product-type-simple"},"_links":{"self":[{"href":"https:\/\/stoic-curie.212-227-153-4.plesk.page\/de\/wp-json\/wp\/v2\/product\/734586","targetHints":{"allow":["GET"]}}],"collection":[{"href":"https:\/\/stoic-curie.212-227-153-4.plesk.page\/de\/wp-json\/wp\/v2\/product"}],"about":[{"href":"https:\/\/stoic-curie.212-227-153-4.plesk.page\/de\/wp-json\/wp\/v2\/types\/product"}],"replies":[{"embeddable":true,"href":"https:\/\/stoic-curie.212-227-153-4.plesk.page\/de\/wp-json\/wp\/v2\/comments?post=734586"}],"version-history":[{"count":0,"href":"https:\/\/stoic-curie.212-227-153-4.plesk.page\/de\/wp-json\/wp\/v2\/product\/734586\/revisions"}],"wp:featuredmedia":[{"embeddable":true,"href":"https:\/\/stoic-curie.212-227-153-4.plesk.page\/de\/wp-json\/wp\/v2\/media\/5941055"}],"wp:attachment":[{"href":"https:\/\/stoic-curie.212-227-153-4.plesk.page\/de\/wp-json\/wp\/v2\/media?parent=734586"}],"wp:term":[{"taxonomy":"product_brand","embeddable":true,"href":"https:\/\/stoic-curie.212-227-153-4.plesk.page\/de\/wp-json\/wp\/v2\/product_brand?post=734586"},{"taxonomy":"product_cat","embeddable":true,"href":"https:\/\/stoic-curie.212-227-153-4.plesk.page\/de\/wp-json\/wp\/v2\/product_cat?post=734586"},{"taxonomy":"product_tag","embeddable":true,"href":"https:\/\/stoic-curie.212-227-153-4.plesk.page\/de\/wp-json\/wp\/v2\/product_tag?post=734586"}],"curies":[{"name":"wp","href":"https:\/\/api.w.org\/{rel}","templated":true}]}}